{"id":2852,"date":"2025-12-01T14:20:37","date_gmt":"2025-12-01T11:20:37","guid":{"rendered":"https:\/\/luzzyrestaurant.com\/?post_type=product&#038;p=2852"},"modified":"2025-12-20T18:55:40","modified_gmt":"2025-12-20T15:55:40","slug":"ev-yapimi-barbeku-sos","status":"publish","type":"product","link":"https:\/\/luzzyrestaurant.com\/en\/product\/ev-yapimi-barbeku-sos\/","title":{"rendered":"Ev Yap\u0131m\u0131 Barbek\u00fc Sos"},"content":{"rendered":"<p data-start=\"271\" data-end=\"640\">Luzzy mutfa\u011f\u0131n\u0131n geleneksel tariflerle haz\u0131rlad\u0131\u011f\u0131 <strong data-start=\"322\" data-end=\"353\">Luzzy Ev Yap\u0131m\u0131 Barbek\u00fc Sos<\/strong>, tamamen <strong data-start=\"363\" data-end=\"388\">Ev Yap\u0131m\u0131 Barbek\u00fc Sos<\/strong> i\u00e7eri\u011finden olu\u015fan \u00f6zel ve do\u011fal bir sostur. Dengeli duman aromas\u0131, hafif tatl\u0131-ac\u0131 uyumu ve do\u011fal malzemelerden gelen zengin lezzetiyle et yemeklerinden k\u0131zartmalara, burgerlerden marinasyonlara kadar bir\u00e7ok tarif i\u00e7in vazge\u00e7ilmez bir tamamlay\u0131c\u0131d\u0131r.<\/p>\n<p data-start=\"642\" data-end=\"915\">Ev yap\u0131m\u0131 form\u00fcl\u00fc sayesinde daha taze, daha do\u011fal ve daha yo\u011fun aromal\u0131 bir BBQ deneyimi sunan Luzzy Ev Yap\u0131m\u0131 Barbek\u00fc Sos; profesyonel mutfaklarda oldu\u011fu kadar ev sofralar\u0131nda da ger\u00e7ek barbek\u00fc ruhunu ya\u015fat\u0131r. Her lokmada do\u011fal barbek\u00fc ate\u015finin e\u015fsiz karakteri hissedilir.<\/p>","protected":false},"excerpt":{"rendered":"<p data-start=\"271\" data-end=\"640\">Luzzy Ev Yap\u0131m\u0131 Barbek\u00fc Sos: Dengeli duman aromas\u0131, tatl\u0131-ac\u0131 uyumu ve do\u011fal lezzetiyle et, burger, k\u0131zartma ve marinasyonlara m\u00fckemmel tamamlay\u0131c\u0131.<\/p>","protected":false},"featured_media":2870,"comment_status":"open","ping_status":"closed","template":"","meta":{"inline_featured_image":false,"_monsterinsights_skip_tracking":false,"_monsterinsights_sitenote_active":false,"_monsterinsights_sitenote_note":"","_monsterinsights_sitenote_category":0},"product_brand":[72],"product_cat":[71],"product_tag":[119,123,120,121,122,83,124],"class_list":{"0":"post-2852","1":"product","2":"type-product","3":"status-publish","4":"has-post-thumbnail","6":"product_brand-luzzy-restaurant","7":"product_cat-soslar","8":"product_tag-bbq-sosu","9":"product_tag-dogal-sos","10":"product_tag-dumanli-sos","11":"product_tag-et-soslari","12":"product_tag-ev-yapimi-barbeku-sos","13":"product_tag-luzzy-sos","14":"product_tag-ozel-barbeku-sos","16":"first","17":"instock","18":"taxable","19":"shipping-taxable","20":"purchasable","21":"product-type-simple"},"aioseo_notices":[],"wcpa_form_fields":null,"_links":{"self":[{"href":"https:\/\/luzzyrestaurant.com\/en\/wp-json\/wp\/v2\/product\/2852","targetHints":{"allow":["GET"]}}],"collection":[{"href":"https:\/\/luzzyrestaurant.com\/en\/wp-json\/wp\/v2\/product"}],"about":[{"href":"https:\/\/luzzyrestaurant.com\/en\/wp-json\/wp\/v2\/types\/product"}],"replies":[{"embeddable":true,"href":"https:\/\/luzzyrestaurant.com\/en\/wp-json\/wp\/v2\/comments?post=2852"}],"wp:featuredmedia":[{"embeddable":true,"href":"https:\/\/luzzyrestaurant.com\/en\/wp-json\/wp\/v2\/media\/2870"}],"wp:attachment":[{"href":"https:\/\/luzzyrestaurant.com\/en\/wp-json\/wp\/v2\/media?parent=2852"}],"wp:term":[{"taxonomy":"product_brand","embeddable":true,"href":"https:\/\/luzzyrestaurant.com\/en\/wp-json\/wp\/v2\/product_brand?post=2852"},{"taxonomy":"product_cat","embeddable":true,"href":"https:\/\/luzzyrestaurant.com\/en\/wp-json\/wp\/v2\/product_cat?post=2852"},{"taxonomy":"product_tag","embeddable":true,"href":"https:\/\/luzzyrestaurant.com\/en\/wp-json\/wp\/v2\/product_tag?post=2852"}],"curies":[{"name":"wp","href":"https:\/\/api.w.org\/{rel}","templated":true}]}}