{"id":2851,"date":"2025-12-01T14:20:43","date_gmt":"2025-12-01T11:20:43","guid":{"rendered":"https:\/\/luzzyrestaurant.com\/?post_type=product&#038;p=2851"},"modified":"2025-12-20T18:55:38","modified_gmt":"2025-12-20T15:55:38","slug":"barbeku-sos","status":"publish","type":"product","link":"https:\/\/luzzyrestaurant.com\/en\/product\/barbeku-sos\/","title":{"rendered":"Barbek\u00fc Sos"},"content":{"rendered":"<p data-start=\"251\" data-end=\"563\">Luzzy mutfa\u011f\u0131n\u0131n imza dokunu\u015fuyla haz\u0131rlanan <strong data-start=\"296\" data-end=\"317\">Luzzy Barbek\u00fc Sos<\/strong>, tamamen <strong data-start=\"327\" data-end=\"342\">Barbek\u00fc Sos<\/strong> i\u00e7eri\u011fiyle olu\u015fturulmu\u015f \u00f6zel bir lezzettir. Dumanl\u0131 aromas\u0131, hafif tatl\u0131 dokusu ve zengin baharat dengesiyle et yemeklerinden burgerlere, k\u0131zartmalardan marinasyonlara kadar bir\u00e7ok tarif i\u00e7in m\u00fckemmel bir tamamlay\u0131c\u0131d\u0131r.<\/p>\n<p data-start=\"565\" data-end=\"805\">Yo\u011fun k\u0131vam\u0131 ve karakteristik lezzeti sayesinde hem profesyonel mutfaklarda hem de ev yemeklerinde tercih edilen Luzzy Barbek\u00fc Sos, her lokmaya barbek\u00fc ate\u015finin o e\u015fsiz kokusunu ta\u015f\u0131r. Ger\u00e7ek bir BBQ deneyimi arayanlar i\u00e7in ideal bir se\u00e7im!<\/p>","protected":false},"excerpt":{"rendered":"<p data-start=\"0\" data-end=\"197\">Luzzy Barbek\u00fc Sos: Dumanl\u0131 aroma, hafif tatl\u0131 doku ve baharat dengesiyle et, burger, k\u0131zartma ve marinasyonlara ideal. Yo\u011fun k\u0131vam\u0131yla evde ve profesyonel mutfaklarda fark yarat\u0131r.<\/p>\n<p data-start=\"199\" data-end=\"390\" data-is-last-node=\"\" data-is-only-node=\"\">","protected":false},"featured_media":2870,"comment_status":"open","ping_status":"closed","template":"","meta":{"inline_featured_image":false,"_monsterinsights_skip_tracking":false,"_monsterinsights_sitenote_active":false,"_monsterinsights_sitenote_note":"","_monsterinsights_sitenote_category":0},"product_brand":[72],"product_cat":[71],"product_tag":[118,119,76,120,121,83,82],"class_list":{"0":"post-2851","1":"product","2":"type-product","3":"status-publish","4":"has-post-thumbnail","6":"product_brand-luzzy-restaurant","7":"product_cat-soslar","8":"product_tag-barbeku-sos","9":"product_tag-bbq-sosu","10":"product_tag-burger-soslari","11":"product_tag-dumanli-sos","12":"product_tag-et-soslari","13":"product_tag-luzzy-sos","14":"product_tag-ozel-soslar","16":"first","17":"instock","18":"taxable","19":"shipping-taxable","20":"purchasable","21":"product-type-simple"},"aioseo_notices":[],"wcpa_form_fields":null,"_links":{"self":[{"href":"https:\/\/luzzyrestaurant.com\/en\/wp-json\/wp\/v2\/product\/2851","targetHints":{"allow":["GET"]}}],"collection":[{"href":"https:\/\/luzzyrestaurant.com\/en\/wp-json\/wp\/v2\/product"}],"about":[{"href":"https:\/\/luzzyrestaurant.com\/en\/wp-json\/wp\/v2\/types\/product"}],"replies":[{"embeddable":true,"href":"https:\/\/luzzyrestaurant.com\/en\/wp-json\/wp\/v2\/comments?post=2851"}],"wp:featuredmedia":[{"embeddable":true,"href":"https:\/\/luzzyrestaurant.com\/en\/wp-json\/wp\/v2\/media\/2870"}],"wp:attachment":[{"href":"https:\/\/luzzyrestaurant.com\/en\/wp-json\/wp\/v2\/media?parent=2851"}],"wp:term":[{"taxonomy":"product_brand","embeddable":true,"href":"https:\/\/luzzyrestaurant.com\/en\/wp-json\/wp\/v2\/product_brand?post=2851"},{"taxonomy":"product_cat","embeddable":true,"href":"https:\/\/luzzyrestaurant.com\/en\/wp-json\/wp\/v2\/product_cat?post=2851"},{"taxonomy":"product_tag","embeddable":true,"href":"https:\/\/luzzyrestaurant.com\/en\/wp-json\/wp\/v2\/product_tag?post=2851"}],"curies":[{"name":"wp","href":"https:\/\/api.w.org\/{rel}","templated":true}]}}