{"id":2850,"date":"2025-12-01T14:20:47","date_gmt":"2025-12-01T11:20:47","guid":{"rendered":"https:\/\/luzzyrestaurant.com\/?post_type=product&#038;p=2850"},"modified":"2025-12-20T18:55:35","modified_gmt":"2025-12-20T15:55:35","slug":"mayonez","status":"publish","type":"product","link":"https:\/\/luzzyrestaurant.com\/en\/product\/mayonez\/","title":{"rendered":"Mayonez"},"content":{"rendered":"<p data-start=\"239\" data-end=\"504\">Luzzy mutfa\u011f\u0131n\u0131n klasik dokunu\u015fuyla haz\u0131rlanan <strong data-start=\"286\" data-end=\"303\">Luzzy Mayonez<\/strong>, tamamen <strong data-start=\"313\" data-end=\"324\">Mayonez<\/strong> i\u00e7eri\u011fine sahip \u00f6zel bir sostur. Kremsi yap\u0131s\u0131, dengeli tad\u0131 ve p\u00fcr\u00fczs\u00fcz k\u0131vam\u0131yla burgerlerden sandvi\u00e7lere, k\u0131zartmalardan salatalara kadar bir\u00e7ok lezzete harika bir uyum sa\u011flar.<\/p>\n<p data-start=\"506\" data-end=\"730\">Hem g\u00fcnl\u00fck yemeklerde hem de profesyonel sunumlarda kullan\u0131lan Luzzy Mayonez, hafif aromas\u0131 ve m\u00fckemmel k\u0131vam\u0131yla yemeklerinizi zenginle\u015ftirmek i\u00e7in ideal bir tercihtir. Her lokmada taze, do\u011fal ve lezzetli bir deneyim sunar.<\/p>","protected":false},"excerpt":{"rendered":"<p data-start=\"0\" data-end=\"188\">Luzzy Mayonez: Kremsi ve p\u00fcr\u00fczs\u00fcz k\u0131vam\u0131, dengeli tad\u0131yla burger, sandvi\u00e7, k\u0131zartma ve salatalara m\u00fckemmel uyum sa\u011flar. G\u00fcnl\u00fck kullan\u0131m ve profesyonel sunumlar i\u00e7in ideal.<\/p>","protected":false},"featured_media":2863,"comment_status":"open","ping_status":"closed","template":"","meta":{"inline_featured_image":false,"_monsterinsights_skip_tracking":false,"_monsterinsights_sitenote_active":false,"_monsterinsights_sitenote_note":"","_monsterinsights_sitenote_category":0},"product_brand":[72],"product_cat":[71],"product_tag":[76,117,116,115,114,82,112],"class_list":{"0":"post-2850","1":"product","2":"type-product","3":"status-publish","4":"has-post-thumbnail","6":"product_brand-luzzy-restaurant","7":"product_cat-soslar","8":"product_tag-burger-soslari","9":"product_tag-hafif-mayo","10":"product_tag-klasik-mayonez","11":"product_tag-luzzy-mayo","12":"product_tag-mayonez","13":"product_tag-ozel-soslar","14":"product_tag-sandvic-sosu","16":"first","17":"instock","18":"taxable","19":"shipping-taxable","20":"purchasable","21":"product-type-simple"},"aioseo_notices":[],"wcpa_form_fields":null,"_links":{"self":[{"href":"https:\/\/luzzyrestaurant.com\/en\/wp-json\/wp\/v2\/product\/2850","targetHints":{"allow":["GET"]}}],"collection":[{"href":"https:\/\/luzzyrestaurant.com\/en\/wp-json\/wp\/v2\/product"}],"about":[{"href":"https:\/\/luzzyrestaurant.com\/en\/wp-json\/wp\/v2\/types\/product"}],"replies":[{"embeddable":true,"href":"https:\/\/luzzyrestaurant.com\/en\/wp-json\/wp\/v2\/comments?post=2850"}],"wp:featuredmedia":[{"embeddable":true,"href":"https:\/\/luzzyrestaurant.com\/en\/wp-json\/wp\/v2\/media\/2863"}],"wp:attachment":[{"href":"https:\/\/luzzyrestaurant.com\/en\/wp-json\/wp\/v2\/media?parent=2850"}],"wp:term":[{"taxonomy":"product_brand","embeddable":true,"href":"https:\/\/luzzyrestaurant.com\/en\/wp-json\/wp\/v2\/product_brand?post=2850"},{"taxonomy":"product_cat","embeddable":true,"href":"https:\/\/luzzyrestaurant.com\/en\/wp-json\/wp\/v2\/product_cat?post=2850"},{"taxonomy":"product_tag","embeddable":true,"href":"https:\/\/luzzyrestaurant.com\/en\/wp-json\/wp\/v2\/product_tag?post=2850"}],"curies":[{"name":"wp","href":"https:\/\/api.w.org\/{rel}","templated":true}]}}