{"id":2847,"date":"2025-12-01T14:21:01","date_gmt":"2025-12-01T11:21:01","guid":{"rendered":"https:\/\/luzzyrestaurant.com\/?post_type=product&#038;p=2847"},"modified":"2025-12-20T18:55:28","modified_gmt":"2025-12-20T15:55:28","slug":"veggie-mayonez","status":"publish","type":"product","link":"https:\/\/luzzyrestaurant.com\/en\/product\/veggie-mayonez\/","title":{"rendered":"Veggie Mayonez"},"content":{"rendered":"<p data-start=\"263\" data-end=\"648\">Luzzy mutfa\u011f\u0131n\u0131n hafif ve bitkisel dokunu\u015fuyla haz\u0131rlanan <strong data-start=\"321\" data-end=\"345\">Luzzy Veggie Mayonez<\/strong>, tamamen <strong data-start=\"355\" data-end=\"373\">Veggie Mayonez<\/strong> i\u00e7eri\u011finden olu\u015fan \u00f6zel form\u00fcl\u00fcyle daha sa\u011fl\u0131kl\u0131 tercihler yapmak isteyenler i\u00e7in m\u00fckemmel bir alternatif sunar. Kremsi yap\u0131s\u0131, dengeli lezzeti ve bitkisel bazl\u0131 form\u00fcl\u00fc sayesinde burgerlerden sandvi\u00e7lere, k\u0131zartmalardan salatalara kadar bir\u00e7ok tarife do\u011fal bir uyum sa\u011flar.<\/p>\n<p data-start=\"650\" data-end=\"915\">Hayvansal i\u00e7erik tercih etmeyenler ve hafif sos se\u00e7eneklerini sevenler i\u00e7in ideal olan Luzzy Veggie Mayonez, hem g\u00fcnl\u00fck kullan\u0131mda hem de profesyonel mutfaklarda g\u00fcvenle tercih edilir. Daha hafif, daha saf ve daha do\u011fal bir lezzet arayanlar i\u00e7in kusursuz bir se\u00e7im!<\/p>","protected":false},"excerpt":{"rendered":"<p data-start=\"0\" data-end=\"211\">Luzzy Veggie Mayonez: Bitkisel bazl\u0131 kremsi yap\u0131s\u0131 ve dengeli tad\u0131yla daha hafif bir alternatif. Burger, sandvi\u00e7, k\u0131zartma ve salatalara do\u011fal uyum sa\u011flar; g\u00fcnl\u00fck ve profesyonel kullan\u0131ma uygun.<\/p>\n<p data-start=\"213\" data-end=\"393\" data-is-last-node=\"\" data-is-only-node=\"\">","protected":false},"featured_media":2863,"comment_status":"open","ping_status":"closed","template":"","meta":{"inline_featured_image":false,"_monsterinsights_skip_tracking":false,"_monsterinsights_sitenote_active":false,"_monsterinsights_sitenote_note":"","_monsterinsights_sitenote_category":0},"product_brand":[72],"product_cat":[71],"product_tag":[101,76,102,83,103,104,100],"class_list":{"0":"post-2847","1":"product","2":"type-product","3":"status-publish","4":"has-post-thumbnail","6":"product_brand-luzzy-restaurant","7":"product_cat-soslar","8":"product_tag-bitkisel-mayo","9":"product_tag-burger-soslari","10":"product_tag-hafif-sos","11":"product_tag-luzzy-sos","12":"product_tag-saglikli-mayonez","13":"product_tag-vegan-secim","14":"product_tag-veggie-mayonez","16":"first","17":"instock","18":"taxable","19":"shipping-taxable","20":"purchasable","21":"product-type-simple"},"aioseo_notices":[],"wcpa_form_fields":null,"_links":{"self":[{"href":"https:\/\/luzzyrestaurant.com\/en\/wp-json\/wp\/v2\/product\/2847","targetHints":{"allow":["GET"]}}],"collection":[{"href":"https:\/\/luzzyrestaurant.com\/en\/wp-json\/wp\/v2\/product"}],"about":[{"href":"https:\/\/luzzyrestaurant.com\/en\/wp-json\/wp\/v2\/types\/product"}],"replies":[{"embeddable":true,"href":"https:\/\/luzzyrestaurant.com\/en\/wp-json\/wp\/v2\/comments?post=2847"}],"wp:featuredmedia":[{"embeddable":true,"href":"https:\/\/luzzyrestaurant.com\/en\/wp-json\/wp\/v2\/media\/2863"}],"wp:attachment":[{"href":"https:\/\/luzzyrestaurant.com\/en\/wp-json\/wp\/v2\/media?parent=2847"}],"wp:term":[{"taxonomy":"product_brand","embeddable":true,"href":"https:\/\/luzzyrestaurant.com\/en\/wp-json\/wp\/v2\/product_brand?post=2847"},{"taxonomy":"product_cat","embeddable":true,"href":"https:\/\/luzzyrestaurant.com\/en\/wp-json\/wp\/v2\/product_cat?post=2847"},{"taxonomy":"product_tag","embeddable":true,"href":"https:\/\/luzzyrestaurant.com\/en\/wp-json\/wp\/v2\/product_tag?post=2847"}],"curies":[{"name":"wp","href":"https:\/\/api.w.org\/{rel}","templated":true}]}}