{"id":2836,"date":"2025-12-01T14:21:29","date_gmt":"2025-12-01T11:21:29","guid":{"rendered":"https:\/\/luzzyrestaurant.com\/?post_type=product&#038;p=2836"},"modified":"2025-12-20T18:55:20","modified_gmt":"2025-12-20T15:55:20","slug":"sriracha-aci-sos","status":"publish","type":"product","link":"https:\/\/luzzyrestaurant.com\/en\/product\/sriracha-aci-sos\/","title":{"rendered":"Sriracha Ac\u0131 Sos"},"content":{"rendered":"<p data-start=\"275\" data-end=\"617\">Asya mutfa\u011f\u0131n\u0131n d\u00fcnyaca \u00fcnl\u00fc lezzetini Luzzy kalitesiyle sunan <strong data-start=\"338\" data-end=\"364\">Luzzy Sriracha Ac\u0131 Sos<\/strong>, g\u00fc\u00e7l\u00fc ac\u0131l\u0131k seviyesi ve karakteristik sar\u0131msak aromas\u0131yla yemeklerinize cesur bir tat katar. Tamamen <strong data-start=\"468\" data-end=\"488\">Sriracha Ac\u0131 Sos<\/strong> i\u00e7eri\u011fine sahip bu \u00f6zel \u00fcr\u00fcn; noodle, burger, taco, k\u0131zartma, tavuk yemekleri ve daha bir\u00e7ok tarifin vazge\u00e7ilmez e\u015flik\u00e7isi olur.<\/p>\n<p data-start=\"619\" data-end=\"835\">Yo\u011fun k\u0131vam\u0131, dengeli baharat harmonisi ve ferahlat\u0131c\u0131 ac\u0131 dokunu\u015fuyla \u00f6ne \u00e7\u0131kan Luzzy Sriracha Ac\u0131 Sos, hem uzman \u015feflerin hem de ac\u0131 severlerin favorisi olmaya aday. Her damlada ger\u00e7ek Sriracha deneyimini hissedin!<\/p>","protected":false},"excerpt":{"rendered":"<p data-start=\"0\" data-end=\"200\">Luzzy Sriracha Ac\u0131 Sos: G\u00fc\u00e7l\u00fc ac\u0131l\u0131k ve sar\u0131msak aromas\u0131yla yemeklere cesur tat katar. Noodle, tavuk, burger, taco ve k\u0131zartmalara ideal; yo\u011fun k\u0131vam\u0131 ve baharat dengesiyle \u00f6ne \u00e7\u0131kar.<\/p>\n<p data-start=\"202\" data-end=\"384\" data-is-last-node=\"\" data-is-only-node=\"\">","protected":false},"featured_media":2858,"comment_status":"open","ping_status":"closed","template":"","meta":{"inline_featured_image":false,"_monsterinsights_skip_tracking":false,"_monsterinsights_sitenote_active":false,"_monsterinsights_sitenote_note":"","_monsterinsights_sitenote_category":0},"product_brand":[72],"product_cat":[71],"product_tag":[87,88,89,76,83,90,86],"class_list":{"0":"post-2836","1":"product","2":"type-product","3":"status-publish","4":"has-post-thumbnail","6":"product_brand-luzzy-restaurant","7":"product_cat-soslar","8":"product_tag-aci-sos","9":"product_tag-asya-soslari","10":"product_tag-baharatli-sos","11":"product_tag-burger-soslari","12":"product_tag-luzzy-sos","13":"product_tag-noodle-sosu","14":"product_tag-sriracha-aci-sos","16":"first","17":"instock","18":"taxable","19":"shipping-taxable","20":"purchasable","21":"product-type-simple"},"aioseo_notices":[],"wcpa_form_fields":null,"_links":{"self":[{"href":"https:\/\/luzzyrestaurant.com\/en\/wp-json\/wp\/v2\/product\/2836","targetHints":{"allow":["GET"]}}],"collection":[{"href":"https:\/\/luzzyrestaurant.com\/en\/wp-json\/wp\/v2\/product"}],"about":[{"href":"https:\/\/luzzyrestaurant.com\/en\/wp-json\/wp\/v2\/types\/product"}],"replies":[{"embeddable":true,"href":"https:\/\/luzzyrestaurant.com\/en\/wp-json\/wp\/v2\/comments?post=2836"}],"wp:featuredmedia":[{"embeddable":true,"href":"https:\/\/luzzyrestaurant.com\/en\/wp-json\/wp\/v2\/media\/2858"}],"wp:attachment":[{"href":"https:\/\/luzzyrestaurant.com\/en\/wp-json\/wp\/v2\/media?parent=2836"}],"wp:term":[{"taxonomy":"product_brand","embeddable":true,"href":"https:\/\/luzzyrestaurant.com\/en\/wp-json\/wp\/v2\/product_brand?post=2836"},{"taxonomy":"product_cat","embeddable":true,"href":"https:\/\/luzzyrestaurant.com\/en\/wp-json\/wp\/v2\/product_cat?post=2836"},{"taxonomy":"product_tag","embeddable":true,"href":"https:\/\/luzzyrestaurant.com\/en\/wp-json\/wp\/v2\/product_tag?post=2836"}],"curies":[{"name":"wp","href":"https:\/\/api.w.org\/{rel}","templated":true}]}}