{"id":2834,"date":"2025-12-01T14:06:23","date_gmt":"2025-12-01T11:06:23","guid":{"rendered":"https:\/\/luzzyrestaurant.com\/?post_type=product&#038;p=2834"},"modified":"2025-12-20T18:47:04","modified_gmt":"2025-12-20T15:47:04","slug":"falafel-topu-10-adet","status":"publish","type":"product","link":"https:\/\/luzzyrestaurant.com\/en\/product\/falafel-topu-10-adet\/","title":{"rendered":"Falafel Topu (10 Adet)"},"content":{"rendered":"<p data-start=\"282\" data-end=\"584\">Luzzy mutfa\u011f\u0131n\u0131n \u00f6zenle haz\u0131rlad\u0131\u011f\u0131 <strong data-start=\"318\" data-end=\"350\">Luzzy Falafel Topu (10 Adet)<\/strong>, tamamen bitkisel i\u00e7eri\u011fiyle hem vegan beslenenler hem de sa\u011fl\u0131kl\u0131 at\u0131\u015ft\u0131rmal\u0131k arayanlar i\u00e7in m\u00fckemmel bir se\u00e7imdir. D\u0131\u015f\u0131 \u00e7\u0131t\u0131r dokusu, i\u00e7indeki aromatik baharat kar\u0131\u015f\u0131m\u0131 ve nohutun do\u011fal lezzetiyle her lokmada zengin bir tat sunar.<\/p>\n<p data-start=\"586\" data-end=\"857\">At\u0131\u015ft\u0131rmal\u0131k tabaklar\u0131nda, salatalarda, d\u00fcr\u00fcmlerde ya da ana yemek alternatiflerinde kullan\u0131labilen bu \u00f6zel \u00fcr\u00fcn; proteini y\u00fcksek, hafif ve doyurucu bir lezzet arayanlar\u0131n favorisi olmaya adayd\u0131r. Luzzy Falafel Topu, hem pratik hem de lezzetli bir bitkisel se\u00e7enek sunar.<\/p>","protected":false},"excerpt":{"rendered":"<p data-start=\"282\" data-end=\"584\">Luzzy Falafel Topu (10 adet): Tamamen bitkisel, d\u0131\u015f\u0131 \u00e7\u0131t\u0131r i\u00e7i baharatl\u0131 nohut lezzeti. At\u0131\u015ft\u0131rmal\u0131k, salata ve d\u00fcr\u00fcmlere uygun; y\u00fcksek proteinli, hafif ve doyurucu.<\/p>","protected":false},"featured_media":2882,"comment_status":"open","ping_status":"closed","template":"","meta":{"inline_featured_image":false,"_monsterinsights_skip_tracking":false,"_monsterinsights_sitenote_active":false,"_monsterinsights_sitenote_note":"","_monsterinsights_sitenote_category":0},"product_brand":[72],"product_cat":[69],"product_tag":[137,134,132,128,135,136,133],"class_list":{"0":"post-2834","1":"product","2":"type-product","3":"status-publish","4":"has-post-thumbnail","6":"product_brand-luzzy-restaurant","7":"product_cat-yan-lezzetler","8":"product_tag-10-adet-falafel","9":"product_tag-bitkisel-urun","10":"product_tag-falafel-topu","11":"product_tag-luzzy-aperatif","12":"product_tag-nohut-falafel","13":"product_tag-saglikli-atistirmalik","14":"product_tag-vegan-atistirmalik","16":"first","17":"instock","18":"taxable","19":"shipping-taxable","20":"purchasable","21":"product-type-simple"},"aioseo_notices":[],"wcpa_form_fields":null,"_links":{"self":[{"href":"https:\/\/luzzyrestaurant.com\/en\/wp-json\/wp\/v2\/product\/2834","targetHints":{"allow":["GET"]}}],"collection":[{"href":"https:\/\/luzzyrestaurant.com\/en\/wp-json\/wp\/v2\/product"}],"about":[{"href":"https:\/\/luzzyrestaurant.com\/en\/wp-json\/wp\/v2\/types\/product"}],"replies":[{"embeddable":true,"href":"https:\/\/luzzyrestaurant.com\/en\/wp-json\/wp\/v2\/comments?post=2834"}],"wp:featuredmedia":[{"embeddable":true,"href":"https:\/\/luzzyrestaurant.com\/en\/wp-json\/wp\/v2\/media\/2882"}],"wp:attachment":[{"href":"https:\/\/luzzyrestaurant.com\/en\/wp-json\/wp\/v2\/media?parent=2834"}],"wp:term":[{"taxonomy":"product_brand","embeddable":true,"href":"https:\/\/luzzyrestaurant.com\/en\/wp-json\/wp\/v2\/product_brand?post=2834"},{"taxonomy":"product_cat","embeddable":true,"href":"https:\/\/luzzyrestaurant.com\/en\/wp-json\/wp\/v2\/product_cat?post=2834"},{"taxonomy":"product_tag","embeddable":true,"href":"https:\/\/luzzyrestaurant.com\/en\/wp-json\/wp\/v2\/product_tag?post=2834"}],"curies":[{"name":"wp","href":"https:\/\/api.w.org\/{rel}","templated":true}]}}