{"id":2832,"date":"2025-12-01T14:08:44","date_gmt":"2025-12-01T11:08:44","guid":{"rendered":"https:\/\/luzzyrestaurant.com\/?post_type=product&#038;p=2832"},"modified":"2025-12-23T19:39:38","modified_gmt":"2025-12-23T16:39:38","slug":"atistirma-tabagi","status":"publish","type":"product","link":"https:\/\/luzzyrestaurant.com\/en\/product\/atistirma-tabagi\/","title":{"rendered":"At\u0131\u015ft\u0131rma Taba\u011f\u0131"},"content":{"rendered":"<p data-start=\"277\" data-end=\"724\">Luzzy mutfa\u011f\u0131n\u0131n en sevilen lezzetlerini tek bir tabakta bulu\u015fturan <strong data-start=\"345\" data-end=\"371\">Luzzy At\u0131\u015ft\u0131rma Taba\u011f\u0131<\/strong>, hem bireysel hem de payla\u015f\u0131ml\u0131k t\u00fcketim i\u00e7in m\u00fckemmel bir se\u00e7imdir. \u0130\u00e7eri\u011finde <strong data-start=\"452\" data-end=\"469\">150 g patates<\/strong>, <strong data-start=\"471\" data-end=\"495\">4 adet so\u011fan halkas\u0131<\/strong>, <strong data-start=\"497\" data-end=\"524\">2 adet mozzarella stick<\/strong>, <strong data-start=\"526\" data-end=\"551\">2 adet patates kroket<\/strong>, <strong data-start=\"553\" data-end=\"586\">4 adet crispy chicken tenders<\/strong>, <strong data-start=\"611\" data-end=\"646\">4 adet <\/strong><strong data-start=\"588\" data-end=\"607\">falafel toplar\u0131<\/strong> ve <strong data-start=\"611\" data-end=\"646\">\u00a0tercih edece\u011finiz i\u00e7ecek<\/strong> bulunur. Hem \u00e7e\u015fitlili\u011fi hem de doyuruculu\u011fuyla her damak zevkine hitap eder.<\/p>\n<p data-start=\"726\" data-end=\"1007\">\u00c7\u0131t\u0131r dokular\u0131n, yumu\u015fac\u0131k i\u00e7 lezzetlerin ve farkl\u0131 aromalar\u0131n m\u00fckemmel bir uyumla birle\u015fti\u011fi bu tabak; arkada\u015f bulu\u015fmalar\u0131, film geceleri, h\u0131zl\u0131 at\u0131\u015ft\u0131rmal\u0131k ihtiyac\u0131 veya payla\u015f\u0131labilir men\u00fcler i\u00e7in idealdir. Luzzy At\u0131\u015ft\u0131rma Taba\u011f\u0131, tek sipari\u015fle geni\u015f bir lezzet deneyimi sunar.<\/p>","protected":false},"excerpt":{"rendered":"<div class=\"section-menu\" data-id=\"246\" data-name=\"At\u0131\u015ft\u0131rma Taba\u011f\u0131\" data-price=\"359.00\u20ba\" data-amount=\"359\" data-description=\"150 g patates, 4 adet so\u011fan halkas\u0131, 2 adet mozzarella stick, 2 adet patates kroket, 4 adet tenders, falafel toplar\u0131, 4 adet tercih edece\u011fin i\u00e7ecek ile\" data-image-url=\"https:\/\/qrmenurestaurant.com\/storage\/menu\/default.png\">\n<div class=\"menu-item list\">\n<div class=\"menu-content\">\n<div class=\"menu-recipe\">150 g patates, 4 adet so\u011fan halkas\u0131, 2 adet mozzarella stick, 2 adet patates kroket, 4 adet tenders, 4 adet falafel toplar\u0131,\u00a0 tercih edece\u011fin i\u00e7ecek ile<\/div>\n<\/div>\n<\/div>\n<\/div>","protected":false},"featured_media":0,"comment_status":"open","ping_status":"closed","template":"","meta":{"inline_featured_image":false,"_monsterinsights_skip_tracking":false,"_monsterinsights_sitenote_active":false,"_monsterinsights_sitenote_note":"","_monsterinsights_sitenote_category":0},"product_brand":[72],"product_cat":[69],"product_tag":[145,147,150,128,148,146,149],"class_list":{"0":"post-2832","1":"product","2":"type-product","3":"status-publish","5":"product_brand-luzzy-restaurant","6":"product_cat-yan-lezzetler","7":"product_tag-atistirma-tabagi","8":"product_tag-citir-tabak","9":"product_tag-falafel-tabagi","10":"product_tag-luzzy-aperatif","11":"product_tag-patates-urunleri","12":"product_tag-paylasmalik-tabak","13":"product_tag-tavuk-atistirmalik","15":"first","16":"instock","17":"taxable","18":"shipping-taxable","19":"purchasable","20":"product-type-simple"},"aioseo_notices":[],"wcpa_form_fields":null,"_links":{"self":[{"href":"https:\/\/luzzyrestaurant.com\/en\/wp-json\/wp\/v2\/product\/2832","targetHints":{"allow":["GET"]}}],"collection":[{"href":"https:\/\/luzzyrestaurant.com\/en\/wp-json\/wp\/v2\/product"}],"about":[{"href":"https:\/\/luzzyrestaurant.com\/en\/wp-json\/wp\/v2\/types\/product"}],"replies":[{"embeddable":true,"href":"https:\/\/luzzyrestaurant.com\/en\/wp-json\/wp\/v2\/comments?post=2832"}],"wp:attachment":[{"href":"https:\/\/luzzyrestaurant.com\/en\/wp-json\/wp\/v2\/media?parent=2832"}],"wp:term":[{"taxonomy":"product_brand","embeddable":true,"href":"https:\/\/luzzyrestaurant.com\/en\/wp-json\/wp\/v2\/product_brand?post=2832"},{"taxonomy":"product_cat","embeddable":true,"href":"https:\/\/luzzyrestaurant.com\/en\/wp-json\/wp\/v2\/product_cat?post=2832"},{"taxonomy":"product_tag","embeddable":true,"href":"https:\/\/luzzyrestaurant.com\/en\/wp-json\/wp\/v2\/product_tag?post=2832"}],"curies":[{"name":"wp","href":"https:\/\/api.w.org\/{rel}","templated":true}]}}