{"id":2827,"date":"2025-12-01T14:03:41","date_gmt":"2025-12-01T11:03:41","guid":{"rendered":"https:\/\/luzzyrestaurant.com\/?post_type=product&#038;p=2827"},"modified":"2025-12-02T19:43:19","modified_gmt":"2025-12-02T16:43:19","slug":"sutlu-irmik-helvasi","status":"publish","type":"product","link":"https:\/\/luzzyrestaurant.com\/en\/product\/sutlu-irmik-helvasi\/","title":{"rendered":"S\u00fctl\u00fc \u0130rmik Helvas\u0131"},"content":{"rendered":"<p data-start=\"239\" data-end=\"548\">Luzzy Restaurant\u2019\u0131n \u00f6zenle haz\u0131rlad\u0131\u011f\u0131 <strong data-start=\"278\" data-end=\"301\">S\u00fctl\u00fc \u0130rmik Helvas\u0131<\/strong>, geleneksel irmik helvas\u0131n\u0131n daha hafif ve daha yumu\u015fak bir yorumunu sunuyor. Tereya\u011f\u0131nda kavrulan irmi\u011fin taze s\u00fct ile birle\u015fmesiyle olu\u015fan bu \u00f6zel lezzet; k\u0131vam\u0131, kokusu ve damakta b\u0131rakt\u0131\u011f\u0131 ipeksi tat ile tatl\u0131 severlerin favorisi olmaya aday.<\/p>\n<p data-start=\"550\" data-end=\"762\">Hem s\u0131cak hem de hafif tatl\u0131 arayanlar i\u00e7in ideal olan s\u00fctl\u00fc irmik helvas\u0131, do\u011fal aromas\u0131 ve dengeli \u015feker oran\u0131yla m\u00fckemmel bir tatl\u0131 deneyimi ya\u015fat\u0131r. Tatl\u0131lar kategorisinin vazge\u00e7ilmez se\u00e7eneklerinden biridir!<\/p>","protected":false},"excerpt":{"rendered":"<p>Luzzy Restaurant\u2019\u0131n hafif ve lezzet dolu S\u00fctl\u00fc \u0130rmik Helvas\u0131 ile geleneksel tatl\u0131 keyfini yeniden ke\u015ffedin. S\u00fct ile zenginle\u015fen k\u0131vam\u0131 ve aromas\u0131yla tatl\u0131 severlere \u00f6zel!<\/p>","protected":false},"featured_media":2948,"comment_status":"open","ping_status":"closed","template":"","meta":{"inline_featured_image":false,"_monsterinsights_skip_tracking":false,"_monsterinsights_sitenote_active":false,"_monsterinsights_sitenote_note":"","_monsterinsights_sitenote_category":0},"product_brand":[72],"product_cat":[68],"product_tag":[247,248,259,249,258,245,244],"class_list":{"0":"post-2827","1":"product","2":"type-product","3":"status-publish","4":"has-post-thumbnail","6":"product_brand-luzzy-restaurant","7":"product_cat-tatlilar","8":"product_tag-geleneksel-tatli","9":"product_tag-hafif-tatli","10":"product_tag-irmik-helvasi","11":"product_tag-luzzy-tatli-menusu","12":"product_tag-sutlu-irmik-helvasi","13":"product_tag-sutlu-tatli","14":"product_tag-tatlilar","16":"first","17":"instock","18":"taxable","19":"shipping-taxable","20":"purchasable","21":"product-type-simple"},"aioseo_notices":[],"wcpa_form_fields":null,"_links":{"self":[{"href":"https:\/\/luzzyrestaurant.com\/en\/wp-json\/wp\/v2\/product\/2827","targetHints":{"allow":["GET"]}}],"collection":[{"href":"https:\/\/luzzyrestaurant.com\/en\/wp-json\/wp\/v2\/product"}],"about":[{"href":"https:\/\/luzzyrestaurant.com\/en\/wp-json\/wp\/v2\/types\/product"}],"replies":[{"embeddable":true,"href":"https:\/\/luzzyrestaurant.com\/en\/wp-json\/wp\/v2\/comments?post=2827"}],"wp:featuredmedia":[{"embeddable":true,"href":"https:\/\/luzzyrestaurant.com\/en\/wp-json\/wp\/v2\/media\/2948"}],"wp:attachment":[{"href":"https:\/\/luzzyrestaurant.com\/en\/wp-json\/wp\/v2\/media?parent=2827"}],"wp:term":[{"taxonomy":"product_brand","embeddable":true,"href":"https:\/\/luzzyrestaurant.com\/en\/wp-json\/wp\/v2\/product_brand?post=2827"},{"taxonomy":"product_cat","embeddable":true,"href":"https:\/\/luzzyrestaurant.com\/en\/wp-json\/wp\/v2\/product_cat?post=2827"},{"taxonomy":"product_tag","embeddable":true,"href":"https:\/\/luzzyrestaurant.com\/en\/wp-json\/wp\/v2\/product_tag?post=2827"}],"curies":[{"name":"wp","href":"https:\/\/api.w.org\/{rel}","templated":true}]}}