{"id":2826,"date":"2025-12-01T14:03:46","date_gmt":"2025-12-01T11:03:46","guid":{"rendered":"https:\/\/luzzyrestaurant.com\/?post_type=product&#038;p=2826"},"modified":"2025-12-02T19:43:24","modified_gmt":"2025-12-02T16:43:24","slug":"firin-sutlac","status":"publish","type":"product","link":"https:\/\/luzzyrestaurant.com\/en\/product\/firin-sutlac\/","title":{"rendered":"F\u0131r\u0131n S\u00fctla\u00e7"},"content":{"rendered":"<p data-start=\"219\" data-end=\"518\">Geleneksel T\u00fcrk mutfa\u011f\u0131n\u0131n en sevilen tatl\u0131lar\u0131ndan biri olan <strong data-start=\"281\" data-end=\"297\">F\u0131r\u0131n S\u00fctla\u00e7<\/strong>, Luzzy Restaurant\u2019\u0131n \u00f6zel tarifiyle kusursuz bir k\u0131vam kazan\u0131yor. Taze s\u00fct, pirin\u00e7 ve hafif \u015feker dengesiyle haz\u0131rlanan bu klasik tatl\u0131, ta\u015f f\u0131r\u0131nda pi\u015firilerek \u00fcst\u00fcnde olu\u015fan benzersiz karamelize lezzetiyle \u00f6ne \u00e7\u0131kar.<\/p>\n<p data-start=\"520\" data-end=\"760\">Hem hafif hem de nostaljik bir tat arayanlar i\u00e7in ideal olan F\u0131r\u0131n S\u00fctla\u00e7; do\u011fal aromas\u0131, kremsi yap\u0131s\u0131 ve f\u0131r\u0131nlanm\u0131\u015f \u00fcst katman\u0131yla tatl\u0131 keyfinizi en \u00fcst seviyeye ta\u015f\u0131r. Tatl\u0131lar kategorisinin vazge\u00e7ilmez lezzetlerinden biri olmaya aday!<\/p>","protected":false},"excerpt":{"rendered":"<p>Luzzy Restaurant\u2019\u0131n geleneksel lezzeti F\u0131r\u0131n S\u00fctla\u00e7 ile hafif, do\u011fal ve f\u0131r\u0131nlanm\u0131\u015f tatl\u0131 keyfi ya\u015fay\u0131n. Karamelize dokusu ve \u00f6zel k\u0131vam\u0131yla m\u00fckemmel bir tatl\u0131 deneyimi!<\/p>","protected":false},"featured_media":2947,"comment_status":"open","ping_status":"closed","template":"","meta":{"inline_featured_image":false,"_monsterinsights_skip_tracking":false,"_monsterinsights_sitenote_active":false,"_monsterinsights_sitenote_note":"","_monsterinsights_sitenote_category":0},"product_brand":[72],"product_cat":[68],"product_tag":[260,262,247,248,249,261,244],"class_list":{"0":"post-2826","1":"product","2":"type-product","3":"status-publish","4":"has-post-thumbnail","6":"product_brand-luzzy-restaurant","7":"product_cat-tatlilar","8":"product_tag-firin-sutlac","9":"product_tag-firinlanmis-tatli","10":"product_tag-geleneksel-tatli","11":"product_tag-hafif-tatli","12":"product_tag-luzzy-tatli-menusu","13":"product_tag-sutlu-tatlilar","14":"product_tag-tatlilar","16":"first","17":"instock","18":"taxable","19":"shipping-taxable","20":"purchasable","21":"product-type-simple"},"aioseo_notices":[],"wcpa_form_fields":null,"_links":{"self":[{"href":"https:\/\/luzzyrestaurant.com\/en\/wp-json\/wp\/v2\/product\/2826","targetHints":{"allow":["GET"]}}],"collection":[{"href":"https:\/\/luzzyrestaurant.com\/en\/wp-json\/wp\/v2\/product"}],"about":[{"href":"https:\/\/luzzyrestaurant.com\/en\/wp-json\/wp\/v2\/types\/product"}],"replies":[{"embeddable":true,"href":"https:\/\/luzzyrestaurant.com\/en\/wp-json\/wp\/v2\/comments?post=2826"}],"wp:featuredmedia":[{"embeddable":true,"href":"https:\/\/luzzyrestaurant.com\/en\/wp-json\/wp\/v2\/media\/2947"}],"wp:attachment":[{"href":"https:\/\/luzzyrestaurant.com\/en\/wp-json\/wp\/v2\/media?parent=2826"}],"wp:term":[{"taxonomy":"product_brand","embeddable":true,"href":"https:\/\/luzzyrestaurant.com\/en\/wp-json\/wp\/v2\/product_brand?post=2826"},{"taxonomy":"product_cat","embeddable":true,"href":"https:\/\/luzzyrestaurant.com\/en\/wp-json\/wp\/v2\/product_cat?post=2826"},{"taxonomy":"product_tag","embeddable":true,"href":"https:\/\/luzzyrestaurant.com\/en\/wp-json\/wp\/v2\/product_tag?post=2826"}],"curies":[{"name":"wp","href":"https:\/\/api.w.org\/{rel}","templated":true}]}}