{"id":2825,"date":"2025-12-01T14:03:53","date_gmt":"2025-12-01T11:03:53","guid":{"rendered":"https:\/\/luzzyrestaurant.com\/?post_type=product&#038;p=2825"},"modified":"2025-12-02T19:43:29","modified_gmt":"2025-12-02T16:43:29","slug":"soguk-baklava","status":"publish","type":"product","link":"https:\/\/luzzyrestaurant.com\/en\/product\/soguk-baklava\/","title":{"rendered":"So\u011fuk Baklava"},"content":{"rendered":"<p data-start=\"232\" data-end=\"606\">So\u011fuk Baklava, klasik baklavan\u0131n modern ve daha hafif yorumunu sizlere sunuyor! \u0130ncecik a\u00e7\u0131lm\u0131\u015f kat kat hamurlar\u0131n aras\u0131na \u00f6zenle serpilmi\u015f f\u0131st\u0131k ve hafif s\u00fctl\u00fc \u015ferbetin m\u00fckemmel uyumu ile tatl\u0131 krizlerinize ferah bir \u00e7\u00f6z\u00fcm getiriyor. \u00dczerine eklenen kakao dokunu\u015fu ve s\u00fct aromas\u0131n\u0131n dengeledi\u011fi \u00f6zel yap\u0131s\u0131 sayesinde hem hafif hem de doyurucu bir tatl\u0131 deneyimi ya\u015fat\u0131r.<\/p>\n<p data-start=\"608\" data-end=\"746\">Luzzy Restaurant g\u00fcvencesiyle haz\u0131rlanan <strong data-start=\"649\" data-end=\"666\">So\u011fuk Baklava<\/strong>, \u00f6zel sunumu ve taptaze k\u0131vam\u0131 ile Tatl\u0131lar kategorisinin favorisi olmaya aday!<\/p>","protected":false},"excerpt":{"rendered":"<p>Luzzy Restaurant\u2019\u0131n hafif ve ferah tatl\u0131s\u0131 So\u011fuk Baklava ile tatl\u0131 keyfinizi zirveye ta\u015f\u0131y\u0131n. \u0130ncecik katlar, s\u00fctl\u00fc \u015ferbet ve f\u0131st\u0131\u011f\u0131n m\u00fckemmel uyumu \u015fimdi sizlerle!<\/p>","protected":false},"featured_media":2946,"comment_status":"open","ping_status":"closed","template":"","meta":{"inline_featured_image":false,"_monsterinsights_skip_tracking":false,"_monsterinsights_sitenote_active":false,"_monsterinsights_sitenote_note":"","_monsterinsights_sitenote_category":0},"product_brand":[72],"product_cat":[68],"product_tag":[264,248,249,265,263,245,244],"class_list":{"0":"post-2825","1":"product","2":"type-product","3":"status-publish","4":"has-post-thumbnail","6":"product_brand-luzzy-restaurant","7":"product_cat-tatlilar","8":"product_tag-fistikli-baklava","9":"product_tag-hafif-tatli","10":"product_tag-luzzy-tatli-menusu","11":"product_tag-serin-tatli","12":"product_tag-soguk-baklava","13":"product_tag-sutlu-tatli","14":"product_tag-tatlilar","16":"first","17":"instock","18":"taxable","19":"shipping-taxable","20":"purchasable","21":"product-type-simple"},"aioseo_notices":[],"wcpa_form_fields":null,"_links":{"self":[{"href":"https:\/\/luzzyrestaurant.com\/en\/wp-json\/wp\/v2\/product\/2825","targetHints":{"allow":["GET"]}}],"collection":[{"href":"https:\/\/luzzyrestaurant.com\/en\/wp-json\/wp\/v2\/product"}],"about":[{"href":"https:\/\/luzzyrestaurant.com\/en\/wp-json\/wp\/v2\/types\/product"}],"replies":[{"embeddable":true,"href":"https:\/\/luzzyrestaurant.com\/en\/wp-json\/wp\/v2\/comments?post=2825"}],"wp:featuredmedia":[{"embeddable":true,"href":"https:\/\/luzzyrestaurant.com\/en\/wp-json\/wp\/v2\/media\/2946"}],"wp:attachment":[{"href":"https:\/\/luzzyrestaurant.com\/en\/wp-json\/wp\/v2\/media?parent=2825"}],"wp:term":[{"taxonomy":"product_brand","embeddable":true,"href":"https:\/\/luzzyrestaurant.com\/en\/wp-json\/wp\/v2\/product_brand?post=2825"},{"taxonomy":"product_cat","embeddable":true,"href":"https:\/\/luzzyrestaurant.com\/en\/wp-json\/wp\/v2\/product_cat?post=2825"},{"taxonomy":"product_tag","embeddable":true,"href":"https:\/\/luzzyrestaurant.com\/en\/wp-json\/wp\/v2\/product_tag?post=2825"}],"curies":[{"name":"wp","href":"https:\/\/api.w.org\/{rel}","templated":true}]}}