{"id":2821,"date":"2025-12-01T14:21:37","date_gmt":"2025-12-01T11:21:37","guid":{"rendered":"https:\/\/luzzyrestaurant.com\/?post_type=product&#038;p=2821"},"modified":"2025-12-20T18:55:17","modified_gmt":"2025-12-20T15:55:17","slug":"balli-hardal","status":"publish","type":"product","link":"https:\/\/luzzyrestaurant.com\/en\/product\/balli-hardal\/","title":{"rendered":"Ball\u0131 Hardal"},"content":{"rendered":"<p data-start=\"256\" data-end=\"584\">Luzzy Restaurant\u2019\u0131n sevilen soslar\u0131ndan biri olan <strong data-start=\"306\" data-end=\"328\">Luzzy Ball\u0131 Hardal<\/strong>, bal\u0131n do\u011fal tatl\u0131l\u0131\u011f\u0131 ile hardal\u0131n kendine \u00f6zg\u00fc keskin aromas\u0131n\u0131 m\u00fckemmel \u015fekilde birle\u015ftirir. Dengeli k\u0131vam\u0131, zengin aromas\u0131 ve \u00f6zg\u00fcn lezzeti sayesinde et yemeklerinden sandvi\u00e7lere, k\u0131zartmalardan salatalara kadar bir\u00e7ok tarifte \u00f6zel bir dokunu\u015f sa\u011flar.<\/p>\n<p data-start=\"586\" data-end=\"835\">Yaln\u0131zca \u201cBall\u0131 Hardal\u201d i\u00e7eri\u011finden olu\u015fan bu \u00f6zel sos, hem g\u00fcnl\u00fck kullan\u0131ma hem de profesyonel mutfaklara uygundur. Tatl\u0131 ve ac\u0131 aras\u0131nda m\u00fckemmel bir uyum arayanlar\u0131n favorisi olacak Luzzy Ball\u0131 Hardal, yemeklerinize nefis bir karakter kazand\u0131r\u0131r.<\/p>","protected":false},"excerpt":{"rendered":"<p data-start=\"0\" data-end=\"155\">Luzzy Ball\u0131 Hardal: Bal\u0131n tatl\u0131l\u0131\u011f\u0131 ve hardal\u0131n keskin aromas\u0131n\u0131 birle\u015ftirir. Et, sandvi\u00e7, k\u0131zartma ve salatalara tatl\u0131-ac\u0131 dengesi katar.<\/p>\n<p data-start=\"157\" data-end=\"320\" data-is-last-node=\"\" data-is-only-node=\"\">","protected":false},"featured_media":2856,"comment_status":"open","ping_status":"closed","template":"","meta":{"inline_featured_image":false,"_monsterinsights_skip_tracking":false,"_monsterinsights_sitenote_active":false,"_monsterinsights_sitenote_note":"","_monsterinsights_sitenote_category":0},"product_brand":[72],"product_cat":[71],"product_tag":[80,76,81,83,82,85,84],"class_list":{"0":"post-2821","1":"product","2":"type-product","3":"status-publish","4":"has-post-thumbnail","6":"product_brand-luzzy-restaurant","7":"product_cat-soslar","8":"product_tag-balli-hardal","9":"product_tag-burger-soslari","10":"product_tag-hardal-sosu","11":"product_tag-luzzy-sos","12":"product_tag-ozel-soslar","13":"product_tag-salata-sosu","14":"product_tag-tatli-sos","16":"first","17":"instock","18":"taxable","19":"shipping-taxable","20":"purchasable","21":"product-type-simple"},"aioseo_notices":[],"wcpa_form_fields":null,"_links":{"self":[{"href":"https:\/\/luzzyrestaurant.com\/en\/wp-json\/wp\/v2\/product\/2821","targetHints":{"allow":["GET"]}}],"collection":[{"href":"https:\/\/luzzyrestaurant.com\/en\/wp-json\/wp\/v2\/product"}],"about":[{"href":"https:\/\/luzzyrestaurant.com\/en\/wp-json\/wp\/v2\/types\/product"}],"replies":[{"embeddable":true,"href":"https:\/\/luzzyrestaurant.com\/en\/wp-json\/wp\/v2\/comments?post=2821"}],"wp:featuredmedia":[{"embeddable":true,"href":"https:\/\/luzzyrestaurant.com\/en\/wp-json\/wp\/v2\/media\/2856"}],"wp:attachment":[{"href":"https:\/\/luzzyrestaurant.com\/en\/wp-json\/wp\/v2\/media?parent=2821"}],"wp:term":[{"taxonomy":"product_brand","embeddable":true,"href":"https:\/\/luzzyrestaurant.com\/en\/wp-json\/wp\/v2\/product_brand?post=2821"},{"taxonomy":"product_cat","embeddable":true,"href":"https:\/\/luzzyrestaurant.com\/en\/wp-json\/wp\/v2\/product_cat?post=2821"},{"taxonomy":"product_tag","embeddable":true,"href":"https:\/\/luzzyrestaurant.com\/en\/wp-json\/wp\/v2\/product_tag?post=2821"}],"curies":[{"name":"wp","href":"https:\/\/api.w.org\/{rel}","templated":true}]}}