{"id":2820,"date":"2025-12-01T14:21:45","date_gmt":"2025-12-01T11:21:45","guid":{"rendered":"https:\/\/luzzyrestaurant.com\/?post_type=product&#038;p=2820"},"modified":"2025-12-25T22:24:56","modified_gmt":"2025-12-25T19:24:56","slug":"ketcap","status":"publish","type":"product","link":"https:\/\/luzzyrestaurant.com\/en\/product\/ketcap\/","title":{"rendered":"Ket\u00e7ap"},"content":{"rendered":"<p data-start=\"255\" data-end=\"612\">Luzzy Restaurant\u2019\u0131n mutfak kalitesini sofralar\u0131n\u0131za ta\u015f\u0131yan <strong data-start=\"315\" data-end=\"336\">Luzzy \u00d6zel Ket\u00e7ap<\/strong>, \u00f6zenle haz\u0131rlanan \u201cket\u00e7ap\u201d i\u00e7eri\u011fi ile hem klasik hem de benzersiz ket\u00e7ap lezzetini bir araya getirir. Do\u011fal yap\u0131s\u0131, yo\u011fun k\u0131vam\u0131 ve ideal tat dengesi sayesinde hamburgerlerden patates k\u0131zartmas\u0131na, sandvi\u00e7lerden pizzalara kadar pek \u00e7ok yeme\u011fin vazge\u00e7ilmez tamamlay\u0131c\u0131s\u0131d\u0131r.<\/p>\n<p data-start=\"614\" data-end=\"858\">Her ka\u015f\u0131kta taze domates aromas\u0131, dengeli baharat uyumu ve Luzzy mutfa\u011f\u0131n\u0131n imza dokunu\u015fu hissedilir. Ev yemeklerinde, at\u0131\u015ft\u0131rmal\u0131k e\u015flik\u00e7isinde ve profesyonel mutfaklarda rahatl\u0131kla kullan\u0131labilir. Luzzy \u00d6zel Ket\u00e7ap ile her lokmaya fark kat\u0131n!<\/p>","protected":false},"excerpt":{"rendered":"<p data-start=\"0\" data-end=\"196\">Luzzy \u00d6zel Ket\u00e7ap: Yo\u011fun k\u0131vam\u0131 ve ideal tat dengesiyle burger, patates, sandvi\u00e7 ve pizzalara m\u00fckemmel e\u015flik eder. Taze domates aromas\u0131 ve baharat uyumuyla her lokmaya fark katar.<\/p>\n<p data-start=\"198\" data-end=\"382\" data-is-last-node=\"\" data-is-only-node=\"\">","protected":false},"featured_media":2854,"comment_status":"open","ping_status":"closed","template":"","meta":{"inline_featured_image":false,"_monsterinsights_skip_tracking":false,"_monsterinsights_sitenote_active":false,"_monsterinsights_sitenote_note":"","_monsterinsights_sitenote_category":0},"product_brand":[72],"product_cat":[71],"product_tag":[78,76,77,73,74,75,79],"class_list":{"0":"post-2820","1":"product","2":"type-product","3":"status-publish","4":"has-post-thumbnail","6":"product_brand-luzzy-restaurant","7":"product_cat-soslar","8":"product_tag-atistirmalik-soslari","9":"product_tag-burger-soslari","10":"product_tag-dogal-ketcap","11":"product_tag-ketcap","12":"product_tag-luzzy-ketcap","13":"product_tag-ozel-sos","14":"product_tag-restoran-sosu","16":"first","17":"instock","18":"taxable","19":"shipping-taxable","20":"purchasable","21":"product-type-simple"},"aioseo_notices":[],"wcpa_form_fields":null,"_links":{"self":[{"href":"https:\/\/luzzyrestaurant.com\/en\/wp-json\/wp\/v2\/product\/2820","targetHints":{"allow":["GET"]}}],"collection":[{"href":"https:\/\/luzzyrestaurant.com\/en\/wp-json\/wp\/v2\/product"}],"about":[{"href":"https:\/\/luzzyrestaurant.com\/en\/wp-json\/wp\/v2\/types\/product"}],"replies":[{"embeddable":true,"href":"https:\/\/luzzyrestaurant.com\/en\/wp-json\/wp\/v2\/comments?post=2820"}],"wp:featuredmedia":[{"embeddable":true,"href":"https:\/\/luzzyrestaurant.com\/en\/wp-json\/wp\/v2\/media\/2854"}],"wp:attachment":[{"href":"https:\/\/luzzyrestaurant.com\/en\/wp-json\/wp\/v2\/media?parent=2820"}],"wp:term":[{"taxonomy":"product_brand","embeddable":true,"href":"https:\/\/luzzyrestaurant.com\/en\/wp-json\/wp\/v2\/product_brand?post=2820"},{"taxonomy":"product_cat","embeddable":true,"href":"https:\/\/luzzyrestaurant.com\/en\/wp-json\/wp\/v2\/product_cat?post=2820"},{"taxonomy":"product_tag","embeddable":true,"href":"https:\/\/luzzyrestaurant.com\/en\/wp-json\/wp\/v2\/product_tag?post=2820"}],"curies":[{"name":"wp","href":"https:\/\/api.w.org\/{rel}","templated":true}]}}