{"id":2818,"date":"2025-12-01T04:56:48","date_gmt":"2025-12-01T01:56:48","guid":{"rendered":"https:\/\/luzzyrestaurant.com\/?post_type=product&#038;p=2818"},"modified":"2025-12-02T20:41:10","modified_gmt":"2025-12-02T17:41:10","slug":"citir-karides-salata","status":"publish","type":"product","link":"https:\/\/luzzyrestaurant.com\/en\/product\/citir-karides-salata\/","title":{"rendered":"\u00c7\u0131t\u0131r Karides Salata"},"content":{"rendered":"<p data-start=\"287\" data-end=\"616\">\u00c7\u0131t\u0131r Karides Salata, taze Akdeniz ye\u015filliklerinin ferah dokusunu \u00e7\u0131t\u0131r kaplamal\u0131 karideslerin gurme lezzetiyle bir araya getirir. \u00c7eri domates, salatal\u0131k ve baby m\u0131s\u0131r salataya do\u011fal bir tazelik katarken; k\u00f6z kapia biber ve avokado lezzeti zenginle\u015ftirir. K\u0131t\u0131r kroton ekmekler ise her lokmada keyif veren bir \u00e7\u0131t\u0131rl\u0131k sa\u011flar.<\/p>\n<p data-start=\"618\" data-end=\"853\">Luzzy Restaurant\u2019\u0131n \u00f6zel salata sosu ile tamamlanan bu salata, hafif ama lezzet a\u00e7\u0131s\u0131ndan zengin bir \u00f6\u011f\u00fcn arayanlar i\u00e7in m\u00fckemmel bir tercihtir. Deniz \u00fcr\u00fcnlerini salata formunda sevenlere \u00f6zel, dengeli ve doyurucu bir alternatif sunar.<\/p>","protected":false},"excerpt":{"rendered":"<div id=\"content\">\n<div class=\"content-wrap\">\n<div class=\"card-body menu-category-item menu-category-31\">\n<div class=\"section-menu\" data-id=\"292\" data-name=\"\u00c7\u0131t\u0131r Karides Salata\" data-price=\"450.00\u20ba\" data-amount=\"450\" data-description=\"Akdeniz ye\u015fillikleri, \u00e7eri domates, salatal\u0131k, baby m\u0131s\u0131r, kroton ekmek, avokado, k\u00f6z kapia biber, luzzy \u00f6zel salata sosu\" data-image-url=\"https:\/\/qrmenurestaurant.com\/storage\/menu\/691aa1b8b10f71763353016.png\">\n<div class=\"menu-item list\">\n<div class=\"menu-content\">\n<div class=\"menu-recipe\">Akdeniz ye\u015fillikleri, \u00e7eri domates, salatal\u0131k, baby m\u0131s\u0131r, kroton ekmek, avokado, k\u00f6z kapia biber, luzzy \u00f6zel salata sosu<\/div>\n<\/div>\n<\/div>\n<\/div>\n<\/div>\n<\/div>\n<\/div>\n<div class=\"bg-dark\"><\/div>","protected":false},"featured_media":2966,"comment_status":"open","ping_status":"closed","template":"","meta":{"inline_featured_image":false,"_monsterinsights_skip_tracking":false,"_monsterinsights_sitenote_active":false,"_monsterinsights_sitenote_note":"","_monsterinsights_sitenote_category":0},"product_brand":[72],"product_cat":[67],"product_tag":[273,293,297,299,300,298,272],"class_list":{"0":"post-2818","1":"product","2":"type-product","3":"status-publish","4":"has-post-thumbnail","6":"product_brand-luzzy-restaurant","7":"product_cat-salatalar","8":"product_tag-akdeniz-salatasi","9":"product_tag-avokadolu-salata","10":"product_tag-citir-karides-salata","11":"product_tag-deniz-urunlu-salata","12":"product_tag-gurme-salata","13":"product_tag-karidesli-salata","14":"product_tag-luzzy-salata","16":"first","17":"instock","18":"taxable","19":"shipping-taxable","20":"purchasable","21":"product-type-simple"},"aioseo_notices":[],"wcpa_form_fields":null,"_links":{"self":[{"href":"https:\/\/luzzyrestaurant.com\/en\/wp-json\/wp\/v2\/product\/2818","targetHints":{"allow":["GET"]}}],"collection":[{"href":"https:\/\/luzzyrestaurant.com\/en\/wp-json\/wp\/v2\/product"}],"about":[{"href":"https:\/\/luzzyrestaurant.com\/en\/wp-json\/wp\/v2\/types\/product"}],"replies":[{"embeddable":true,"href":"https:\/\/luzzyrestaurant.com\/en\/wp-json\/wp\/v2\/comments?post=2818"}],"wp:featuredmedia":[{"embeddable":true,"href":"https:\/\/luzzyrestaurant.com\/en\/wp-json\/wp\/v2\/media\/2966"}],"wp:attachment":[{"href":"https:\/\/luzzyrestaurant.com\/en\/wp-json\/wp\/v2\/media?parent=2818"}],"wp:term":[{"taxonomy":"product_brand","embeddable":true,"href":"https:\/\/luzzyrestaurant.com\/en\/wp-json\/wp\/v2\/product_brand?post=2818"},{"taxonomy":"product_cat","embeddable":true,"href":"https:\/\/luzzyrestaurant.com\/en\/wp-json\/wp\/v2\/product_cat?post=2818"},{"taxonomy":"product_tag","embeddable":true,"href":"https:\/\/luzzyrestaurant.com\/en\/wp-json\/wp\/v2\/product_tag?post=2818"}],"curies":[{"name":"wp","href":"https:\/\/api.w.org\/{rel}","templated":true}]}}