{"id":2817,"date":"2025-12-01T04:57:48","date_gmt":"2025-12-01T01:57:48","guid":{"rendered":"https:\/\/luzzyrestaurant.com\/?post_type=product&#038;p=2817"},"modified":"2025-12-02T20:41:21","modified_gmt":"2025-12-02T17:41:21","slug":"izgara-somon-salata","status":"publish","type":"product","link":"https:\/\/luzzyrestaurant.com\/en\/product\/izgara-somon-salata\/","title":{"rendered":"Izgara Somon Salata"},"content":{"rendered":"<p data-start=\"283\" data-end=\"584\">Izgara Somon Salata, taptaze Akdeniz ye\u015fillikleri ile lezzetli ve sa\u011fl\u0131kl\u0131 \u0131zgara somonun m\u00fckemmel uyumundan olu\u015fan \u00f6zel bir salata se\u00e7ene\u011fidir. \u00c7eri domates, salatal\u0131k, baby m\u0131s\u0131r ve mor so\u011fan tur\u015fusu salataya tazelik ve renkli bir doku katarken, coleslaw ile zengin bir lezzet dengesi elde edilir.<\/p>\n<p data-start=\"586\" data-end=\"815\">Luzzy Restaurant\u2019\u0131n \u00f6zel salata sosu ile tamamlanan bu salata; omega-3 bak\u0131m\u0131ndan zengin, hafif ancak doyurucu bir \u00f6\u011f\u00fcn arayanlar i\u00e7in ideal bir tercihtir. G\u00fcn\u00fcn her \u00f6\u011f\u00fcn\u00fcnde hem sa\u011fl\u0131kl\u0131 hem de keyifli bir lezzet deneyimi sunar.<\/p>","protected":false},"excerpt":{"rendered":"<div class=\"section-menu\" data-id=\"290\" data-name=\"Izgara Somon Salata\" data-price=\"450.00\u20ba\" data-amount=\"450\" data-description=\"Akdeniz ye\u015fillikleri, \u00e7eri domates, salatal\u0131k, baby m\u0131s\u0131r, mor so\u011fan tur\u015fu, coleslaw, \u0131zgara somon, luzzy \u00f6zel salata sosu\" data-image-url=\"https:\/\/qrmenurestaurant.com\/storage\/menu\/691aa17ea74d71763352958.png\">\n<div class=\"menu-item list\">\n<div class=\"menu-content\">\n<div class=\"menu-recipe\">Akdeniz ye\u015fillikleri, \u00e7eri domates, salatal\u0131k, baby m\u0131s\u0131r, mor so\u011fan tur\u015fu, coleslaw, \u0131zgara somon, luzzy \u00f6zel salata sosu<\/div>\n<\/div>\n<\/div>\n<\/div>\n<div class=\"section-menu\" data-id=\"291\" data-name=\"Vegan Salata\" data-price=\"390.00\u20ba\" data-amount=\"390\" data-description=\"Humus, akdeniz ye\u015fillikleri, \u00e7eri domates, salatal\u0131k, mor so\u011fan, m\u0131s\u0131r, avokado, k\u0131rm\u0131z\u0131 lahana tur\u015fusu, susam, falafel toplar\u0131, luzzy \u00f6zel salata sosu\" data-image-url=\"https:\/\/qrmenurestaurant.com\/storage\/menu\/691aa19c9d5ab1763352988.png\">\n<div class=\"menu-item list\"><\/div>\n<\/div>","protected":false},"featured_media":2964,"comment_status":"open","ping_status":"closed","template":"","meta":{"inline_featured_image":false,"_monsterinsights_skip_tracking":false,"_monsterinsights_sitenote_active":false,"_monsterinsights_sitenote_note":"","_monsterinsights_sitenote_category":0},"product_brand":[72],"product_cat":[67],"product_tag":[273,277,288,272,290,281,289],"class_list":{"0":"post-2817","1":"product","2":"type-product","3":"status-publish","4":"has-post-thumbnail","6":"product_brand-luzzy-restaurant","7":"product_cat-salatalar","8":"product_tag-akdeniz-salatasi","9":"product_tag-hafif-yemek","10":"product_tag-izgara-somon-salata","11":"product_tag-luzzy-salata","12":"product_tag-omega-3-salata","13":"product_tag-saglikli-salata","14":"product_tag-somonlu-salata","16":"first","17":"instock","18":"taxable","19":"shipping-taxable","20":"purchasable","21":"product-type-simple"},"aioseo_notices":[],"wcpa_form_fields":null,"_links":{"self":[{"href":"https:\/\/luzzyrestaurant.com\/en\/wp-json\/wp\/v2\/product\/2817","targetHints":{"allow":["GET"]}}],"collection":[{"href":"https:\/\/luzzyrestaurant.com\/en\/wp-json\/wp\/v2\/product"}],"about":[{"href":"https:\/\/luzzyrestaurant.com\/en\/wp-json\/wp\/v2\/types\/product"}],"replies":[{"embeddable":true,"href":"https:\/\/luzzyrestaurant.com\/en\/wp-json\/wp\/v2\/comments?post=2817"}],"wp:featuredmedia":[{"embeddable":true,"href":"https:\/\/luzzyrestaurant.com\/en\/wp-json\/wp\/v2\/media\/2964"}],"wp:attachment":[{"href":"https:\/\/luzzyrestaurant.com\/en\/wp-json\/wp\/v2\/media?parent=2817"}],"wp:term":[{"taxonomy":"product_brand","embeddable":true,"href":"https:\/\/luzzyrestaurant.com\/en\/wp-json\/wp\/v2\/product_brand?post=2817"},{"taxonomy":"product_cat","embeddable":true,"href":"https:\/\/luzzyrestaurant.com\/en\/wp-json\/wp\/v2\/product_cat?post=2817"},{"taxonomy":"product_tag","embeddable":true,"href":"https:\/\/luzzyrestaurant.com\/en\/wp-json\/wp\/v2\/product_tag?post=2817"}],"curies":[{"name":"wp","href":"https:\/\/api.w.org\/{rel}","templated":true}]}}