{"id":2816,"date":"2025-12-01T04:57:20","date_gmt":"2025-12-01T01:57:20","guid":{"rendered":"https:\/\/luzzyrestaurant.com\/?post_type=product&#038;p=2816"},"modified":"2025-12-02T20:41:18","modified_gmt":"2025-12-02T17:41:18","slug":"vegan-salata","status":"publish","type":"product","link":"https:\/\/luzzyrestaurant.com\/en\/product\/vegan-salata\/","title":{"rendered":"Vegan Salata"},"content":{"rendered":"<p data-start=\"274\" data-end=\"669\">Vegan Salata, tamamen bitkisel i\u00e7eriklerle haz\u0131rlanan, besleyici ve doyurucu bir salata se\u00e7ene\u011fidir. Humusun kremsi dokusu; Akdeniz ye\u015fillikleri, \u00e7eri domates, salatal\u0131k, mor so\u011fan ve k\u0131rm\u0131z\u0131 lahana tur\u015fusunun tazeli\u011fiyle m\u00fckemmel bir uyum yakalar. Avokado salataya sa\u011fl\u0131kl\u0131 ya\u011flar ve ipeksi bir lezzet katarken; susam ve \u00e7\u0131t\u0131r falafel toplar\u0131 bitkisel protein a\u00e7\u0131s\u0131ndan zengin bir \u00f6\u011f\u00fcn sunar.<\/p>\n<p data-start=\"671\" data-end=\"901\">Luzzy Restaurant\u2019\u0131n \u00f6zel salata sosu ile tatland\u0131r\u0131lan bu \u00f6zel vegan salata, hem sa\u011fl\u0131kl\u0131 beslenenler hem de tamamen bitkisel lezzetler arayanlar i\u00e7in ideal bir tercihtir. Taze, hafif ama bir o kadar da doyurucu bir deneyim sunar.<\/p>","protected":false},"excerpt":{"rendered":"<div class=\"section-menu\" data-id=\"291\" data-name=\"Vegan Salata\" data-price=\"390.00\u20ba\" data-amount=\"390\" data-description=\"Humus, akdeniz ye\u015fillikleri, \u00e7eri domates, salatal\u0131k, mor so\u011fan, m\u0131s\u0131r, avokado, k\u0131rm\u0131z\u0131 lahana tur\u015fusu, susam, falafel toplar\u0131, luzzy \u00f6zel salata sosu\" data-image-url=\"https:\/\/qrmenurestaurant.com\/storage\/menu\/691aa19c9d5ab1763352988.png\">\n<div class=\"menu-item list\">\n<div class=\"menu-content\">\n<div class=\"menu-recipe\">Humus, akdeniz ye\u015fillikleri, \u00e7eri domates, salatal\u0131k, mor so\u011fan, m\u0131s\u0131r, avokado, k\u0131rm\u0131z\u0131 lahana tur\u015fusu, susam, falafel toplar\u0131, luzzy \u00f6zel salata sosu<\/div>\n<\/div>\n<\/div>\n<\/div>\n<div class=\"section-menu\" data-id=\"292\" data-name=\"\u00c7\u0131t\u0131r Karides Salata\" data-price=\"450.00\u20ba\" data-amount=\"450\" data-description=\"Akdeniz ye\u015fillikleri, \u00e7eri domates, salatal\u0131k, baby m\u0131s\u0131r, kroton ekmek, avokado, k\u00f6z kapia biber, luzzy \u00f6zel salata sosu\" data-image-url=\"https:\/\/qrmenurestaurant.com\/storage\/menu\/691aa1b8b10f71763353016.png\">\n<div class=\"menu-item list\"><\/div>\n<\/div>","protected":false},"featured_media":2965,"comment_status":"open","ping_status":"closed","template":"","meta":{"inline_featured_image":false,"_monsterinsights_skip_tracking":false,"_monsterinsights_sitenote_active":false,"_monsterinsights_sitenote_note":"","_monsterinsights_sitenote_category":0},"product_brand":[72],"product_cat":[67],"product_tag":[293,294,292,296,272,295,291],"class_list":{"0":"post-2816","1":"product","2":"type-product","3":"status-publish","4":"has-post-thumbnail","6":"product_brand-luzzy-restaurant","7":"product_cat-salatalar","8":"product_tag-avokadolu-salata","9":"product_tag-bitkisel-beslenme","10":"product_tag-falafelli-salata","11":"product_tag-humuslu-salata","12":"product_tag-luzzy-salata","13":"product_tag-saglikli-vegan-ogun","14":"product_tag-vegan-salata","16":"first","17":"instock","18":"taxable","19":"shipping-taxable","20":"purchasable","21":"product-type-simple"},"aioseo_notices":[],"wcpa_form_fields":null,"_links":{"self":[{"href":"https:\/\/luzzyrestaurant.com\/en\/wp-json\/wp\/v2\/product\/2816","targetHints":{"allow":["GET"]}}],"collection":[{"href":"https:\/\/luzzyrestaurant.com\/en\/wp-json\/wp\/v2\/product"}],"about":[{"href":"https:\/\/luzzyrestaurant.com\/en\/wp-json\/wp\/v2\/types\/product"}],"replies":[{"embeddable":true,"href":"https:\/\/luzzyrestaurant.com\/en\/wp-json\/wp\/v2\/comments?post=2816"}],"wp:featuredmedia":[{"embeddable":true,"href":"https:\/\/luzzyrestaurant.com\/en\/wp-json\/wp\/v2\/media\/2965"}],"wp:attachment":[{"href":"https:\/\/luzzyrestaurant.com\/en\/wp-json\/wp\/v2\/media?parent=2816"}],"wp:term":[{"taxonomy":"product_brand","embeddable":true,"href":"https:\/\/luzzyrestaurant.com\/en\/wp-json\/wp\/v2\/product_brand?post=2816"},{"taxonomy":"product_cat","embeddable":true,"href":"https:\/\/luzzyrestaurant.com\/en\/wp-json\/wp\/v2\/product_cat?post=2816"},{"taxonomy":"product_tag","embeddable":true,"href":"https:\/\/luzzyrestaurant.com\/en\/wp-json\/wp\/v2\/product_tag?post=2816"}],"curies":[{"name":"wp","href":"https:\/\/api.w.org\/{rel}","templated":true}]}}