{"id":2815,"date":"2025-12-01T04:58:26","date_gmt":"2025-12-01T01:58:26","guid":{"rendered":"https:\/\/luzzyrestaurant.com\/?post_type=product&#038;p=2815"},"modified":"2025-12-02T20:12:47","modified_gmt":"2025-12-02T17:12:47","slug":"balli-hardalli-citir-tavuk-salata","status":"publish","type":"product","link":"https:\/\/luzzyrestaurant.com\/en\/product\/balli-hardalli-citir-tavuk-salata\/","title":{"rendered":"Ball\u0131 Hardall\u0131 \u00c7\u0131t\u0131r Tavuk Salata"},"content":{"rendered":"<p data-start=\"309\" data-end=\"617\">Ball\u0131 Hardall\u0131 \u00c7\u0131t\u0131r Tavuk Salata, taze Akdeniz ye\u015fillikleri \u00fczerine yerle\u015ftirilen \u00e7\u0131t\u0131r tavuklar\u0131n ball\u0131 hardall\u0131 \u00f6zel sosla bulu\u015fmas\u0131yla haz\u0131rlanan e\u015fsiz bir lezzettir. \u00c7eri domates, salatal\u0131k, baby m\u0131s\u0131r, havu\u00e7, brokoli ve mor so\u011fan tur\u015fusunun ferahlat\u0131c\u0131 dokusu salataya renk, denge ve zenginlik katar.<\/p>\n<p data-start=\"619\" data-end=\"843\">Luzzy Restaurant\u2019\u0131n \u00f6zel salata sosu ile son dokunu\u015fu yap\u0131lan bu \u00f6zel salata; hem hafif hem de tatl\u0131-ac\u0131 dengesiyle \u00f6ne \u00e7\u0131kan doyurucu bir \u00f6\u011f\u00fcn sunar. Sa\u011fl\u0131kl\u0131, lezzetli ve farkl\u0131 tatlar arayanlar i\u00e7in m\u00fckemmel bir se\u00e7imdir.<\/p>","protected":false},"excerpt":{"rendered":"<div class=\"section-menu\" data-id=\"289\" data-name=\"Ball\u0131 Hardall\u0131 \u00c7\u0131t\u0131r Tavuk Salata\" data-price=\"390.00\u20ba\" data-amount=\"390\" data-description=\"Akdeniz ye\u015fillikleri, \u00e7eri domates, salatal\u0131k, baby m\u0131s\u0131r, havu\u00e7, mor so\u011fan tur\u015fusu, brokoli, ball\u0131 hardall\u0131 \u00e7\u0131t\u0131r tavuk, luzzy \u00f6zel salata sosu\" data-image-url=\"https:\/\/qrmenurestaurant.com\/storage\/menu\/691aa158638a61763352920.png\">\n<div class=\"menu-item list\">\n<div class=\"menu-content\">\n<div class=\"menu-recipe\">Akdeniz ye\u015fillikleri, \u00e7eri domates, salatal\u0131k, baby m\u0131s\u0131r, havu\u00e7, mor so\u011fan tur\u015fusu, brokoli, ball\u0131 hardall\u0131 \u00e7\u0131t\u0131r tavuk, luzzy \u00f6zel salata sosu<\/div>\n<\/div>\n<\/div>\n<\/div>\n<div class=\"section-menu\" data-id=\"290\" data-name=\"Izgara Somon Salata\" data-price=\"450.00\u20ba\" data-amount=\"450\" data-description=\"Akdeniz ye\u015fillikleri, \u00e7eri domates, salatal\u0131k, baby m\u0131s\u0131r, mor so\u011fan tur\u015fu, coleslaw, \u0131zgara somon, luzzy \u00f6zel salata sosu\" data-image-url=\"https:\/\/qrmenurestaurant.com\/storage\/menu\/691aa17ea74d71763352958.png\">\n<div class=\"menu-item list\"><\/div>\n<\/div>","protected":false},"featured_media":2963,"comment_status":"open","ping_status":"closed","template":"","meta":{"inline_featured_image":false,"_monsterinsights_skip_tracking":false,"_monsterinsights_sitenote_active":false,"_monsterinsights_sitenote_note":"","_monsterinsights_sitenote_category":0},"product_brand":[72],"product_cat":[67],"product_tag":[273,286,287,277,272,281,268],"class_list":{"0":"post-2815","1":"product","2":"type-product","3":"status-publish","4":"has-post-thumbnail","6":"product_brand-luzzy-restaurant","7":"product_cat-salatalar","8":"product_tag-akdeniz-salatasi","9":"product_tag-balli-hardalli-citir-tavuk","10":"product_tag-citir-tavuk-salata","11":"product_tag-hafif-yemek","12":"product_tag-luzzy-salata","13":"product_tag-saglikli-salata","14":"product_tag-tavuklu-salata","16":"first","17":"instock","18":"taxable","19":"shipping-taxable","20":"purchasable","21":"product-type-simple"},"aioseo_notices":[],"wcpa_form_fields":null,"_links":{"self":[{"href":"https:\/\/luzzyrestaurant.com\/en\/wp-json\/wp\/v2\/product\/2815","targetHints":{"allow":["GET"]}}],"collection":[{"href":"https:\/\/luzzyrestaurant.com\/en\/wp-json\/wp\/v2\/product"}],"about":[{"href":"https:\/\/luzzyrestaurant.com\/en\/wp-json\/wp\/v2\/types\/product"}],"replies":[{"embeddable":true,"href":"https:\/\/luzzyrestaurant.com\/en\/wp-json\/wp\/v2\/comments?post=2815"}],"wp:featuredmedia":[{"embeddable":true,"href":"https:\/\/luzzyrestaurant.com\/en\/wp-json\/wp\/v2\/media\/2963"}],"wp:attachment":[{"href":"https:\/\/luzzyrestaurant.com\/en\/wp-json\/wp\/v2\/media?parent=2815"}],"wp:term":[{"taxonomy":"product_brand","embeddable":true,"href":"https:\/\/luzzyrestaurant.com\/en\/wp-json\/wp\/v2\/product_brand?post=2815"},{"taxonomy":"product_cat","embeddable":true,"href":"https:\/\/luzzyrestaurant.com\/en\/wp-json\/wp\/v2\/product_cat?post=2815"},{"taxonomy":"product_tag","embeddable":true,"href":"https:\/\/luzzyrestaurant.com\/en\/wp-json\/wp\/v2\/product_tag?post=2815"}],"curies":[{"name":"wp","href":"https:\/\/api.w.org\/{rel}","templated":true}]}}