{"id":2814,"date":"2025-12-01T13:46:59","date_gmt":"2025-12-01T10:46:59","guid":{"rendered":"https:\/\/luzzyrestaurant.com\/?post_type=product&#038;p=2814"},"modified":"2025-12-01T13:46:59","modified_gmt":"2025-12-01T10:46:59","slug":"luzzy-mevsim-salata","status":"publish","type":"product","link":"https:\/\/luzzyrestaurant.com\/en\/product\/luzzy-mevsim-salata\/","title":{"rendered":"Luzzy Mevsim Salata"},"content":{"rendered":"","protected":false},"excerpt":{"rendered":"<div class=\"section-menu\" data-id=\"288\" data-name=\"Luzzy Mevsim Salata\" data-price=\"320.00\u20ba\" data-amount=\"320\" data-description=\"Havu\u00e7, k\u0131rm\u0131z\u0131 lahana tur\u015fusu, g\u00f6bek marul, \u00e7eri domates, salatal\u0131k, korni\u015fon tur\u015fu, rende ka\u015far, luzzy \u00f6zel salata sosu\" data-image-url=\"https:\/\/qrmenurestaurant.com\/storage\/menu\/691aa123ab51a1763352867.png\">\n<div class=\"menu-item list\">\n<div class=\"menu-content\">\n<div class=\"menu-recipe\">Havu\u00e7, k\u0131rm\u0131z\u0131 lahana tur\u015fusu, g\u00f6bek marul, \u00e7eri domates, salatal\u0131k, korni\u015fon tur\u015fu, rende ka\u015far, luzzy \u00f6zel salata sosu<\/div>\n<\/div>\n<\/div>\n<\/div>\n<div class=\"section-menu\" data-id=\"289\" data-name=\"Ball\u0131 Hardall\u0131 \u00c7\u0131t\u0131r Tavuk Salata\" data-price=\"390.00\u20ba\" data-amount=\"390\" data-description=\"Akdeniz ye\u015fillikleri, \u00e7eri domates, salatal\u0131k, baby m\u0131s\u0131r, havu\u00e7, mor so\u011fan tur\u015fusu, brokoli, ball\u0131 hardall\u0131 \u00e7\u0131t\u0131r tavuk, luzzy \u00f6zel salata sosu\" data-image-url=\"https:\/\/qrmenurestaurant.com\/storage\/menu\/691aa158638a61763352920.png\">\n<div class=\"menu-item list\"><\/div>\n<\/div>","protected":false},"featured_media":0,"comment_status":"open","ping_status":"closed","template":"","meta":{"inline_featured_image":false,"_monsterinsights_skip_tracking":false,"_monsterinsights_sitenote_active":false,"_monsterinsights_sitenote_note":"","_monsterinsights_sitenote_category":0},"product_brand":[72],"product_cat":[67],"product_tag":[],"class_list":{"0":"post-2814","1":"product","2":"type-product","3":"status-publish","5":"product_brand-luzzy-restaurant","6":"product_cat-salatalar","8":"first","9":"instock","10":"taxable","11":"shipping-taxable","12":"purchasable","13":"product-type-simple"},"aioseo_notices":[],"wcpa_form_fields":null,"_links":{"self":[{"href":"https:\/\/luzzyrestaurant.com\/en\/wp-json\/wp\/v2\/product\/2814","targetHints":{"allow":["GET"]}}],"collection":[{"href":"https:\/\/luzzyrestaurant.com\/en\/wp-json\/wp\/v2\/product"}],"about":[{"href":"https:\/\/luzzyrestaurant.com\/en\/wp-json\/wp\/v2\/types\/product"}],"replies":[{"embeddable":true,"href":"https:\/\/luzzyrestaurant.com\/en\/wp-json\/wp\/v2\/comments?post=2814"}],"wp:attachment":[{"href":"https:\/\/luzzyrestaurant.com\/en\/wp-json\/wp\/v2\/media?parent=2814"}],"wp:term":[{"taxonomy":"product_brand","embeddable":true,"href":"https:\/\/luzzyrestaurant.com\/en\/wp-json\/wp\/v2\/product_brand?post=2814"},{"taxonomy":"product_cat","embeddable":true,"href":"https:\/\/luzzyrestaurant.com\/en\/wp-json\/wp\/v2\/product_cat?post=2814"},{"taxonomy":"product_tag","embeddable":true,"href":"https:\/\/luzzyrestaurant.com\/en\/wp-json\/wp\/v2\/product_tag?post=2814"}],"curies":[{"name":"wp","href":"https:\/\/api.w.org\/{rel}","templated":true}]}}