{"id":2813,"date":"2025-12-01T13:58:00","date_gmt":"2025-12-01T10:58:00","guid":{"rendered":"https:\/\/luzzyrestaurant.com\/?post_type=product&#038;p=2813"},"modified":"2025-12-02T20:10:28","modified_gmt":"2025-12-02T17:10:28","slug":"izgara-kofte-salata","status":"publish","type":"product","link":"https:\/\/luzzyrestaurant.com\/en\/product\/izgara-kofte-salata\/","title":{"rendered":"Izgara K\u00f6fte Salata"},"content":{"rendered":"<p data-start=\"273\" data-end=\"652\">Izgara K\u00f6fte Salata, taptaze Akdeniz ye\u015fillikleri ile haz\u0131rlanan ferahlat\u0131c\u0131 bir salatay\u0131, ustal\u0131kla \u0131zgaralanm\u0131\u015f k\u00f6fteyle bir araya getirerek hem doyurucu hem de sa\u011fl\u0131kl\u0131 bir \u00f6\u011f\u00fcn sunar. \u00c7eri domates, salatal\u0131k, m\u0131s\u0131r ve mor so\u011fan salatan\u0131n tazeli\u011fini art\u0131r\u0131rken; jalapeno tur\u015fusu, Meksika fasulyesi ve k\u0131rm\u0131z\u0131 lahana tur\u015fusu salataya canl\u0131l\u0131k ve aromatik bir zenginlik katar.<\/p>\n<p data-start=\"654\" data-end=\"901\">Luzzy Restaurant\u2019\u0131n \u00f6zel salata sosu ile tatland\u0131r\u0131lan bu \u00f6zel salata, lezzeti ve y\u00fcksek protein i\u00e7eri\u011fi ile g\u00fcn\u00fcn her \u00f6\u011f\u00fcn\u00fcnde ideal bir tercih olacak. Hem hafif yemek arayanlara hem de dengeli beslenmek isteyenlere m\u00fckemmel bir alternatif sunar.<\/p>","protected":false},"excerpt":{"rendered":"<div class=\"section-menu\" data-id=\"287\" data-name=\"Izgara K\u00f6fte Salata\" data-price=\"420.00\u20ba\" data-amount=\"420\" data-description=\"Akdeniz ye\u015fillikleri, \u00e7eri domates, salatal\u0131k, m\u0131s\u0131r, jalapeno tur\u015fu, meksika fasulyesi, mor so\u011fan, k\u0131rm\u0131z\u0131 lahana tur\u015fusu, \u0131zgara k\u00f6fte, luzzy \u00f6zel salata sosu\" data-image-url=\"https:\/\/qrmenurestaurant.com\/storage\/menu\/691aa0fff0b861763352831.png\">\n<div class=\"menu-item list\">\n<div class=\"menu-content\">\n<div class=\"menu-recipe\">Akdeniz ye\u015fillikleri, \u00e7eri domates, salatal\u0131k, m\u0131s\u0131r, jalapeno tur\u015fu, meksika fasulyesi, mor so\u011fan, k\u0131rm\u0131z\u0131 lahana tur\u015fusu, \u0131zgara k\u00f6fte, luzzy \u00f6zel salata sosu<\/div>\n<\/div>\n<\/div>\n<\/div>\n<div class=\"section-menu\" data-id=\"288\" data-name=\"Luzzy Mevsim Salata\" data-price=\"320.00\u20ba\" data-amount=\"320\" data-description=\"Havu\u00e7, k\u0131rm\u0131z\u0131 lahana tur\u015fusu, g\u00f6bek marul, \u00e7eri domates, salatal\u0131k, korni\u015fon tur\u015fu, rende ka\u015far, luzzy \u00f6zel salata sosu\" data-image-url=\"https:\/\/qrmenurestaurant.com\/storage\/menu\/691aa123ab51a1763352867.png\">\n<div class=\"menu-item list\"><\/div>\n<\/div>","protected":false},"featured_media":2961,"comment_status":"open","ping_status":"closed","template":"","meta":{"inline_featured_image":false,"_monsterinsights_skip_tracking":false,"_monsterinsights_sitenote_active":false,"_monsterinsights_sitenote_note":"","_monsterinsights_sitenote_category":0},"product_brand":[72],"product_cat":[67],"product_tag":[273,277,283,284,272,285,282],"class_list":{"0":"post-2813","1":"product","2":"type-product","3":"status-publish","4":"has-post-thumbnail","6":"product_brand-luzzy-restaurant","7":"product_cat-salatalar","8":"product_tag-akdeniz-salatasi","9":"product_tag-hafif-yemek","10":"product_tag-izgara-kofte-salata","11":"product_tag-kofteli-salata","12":"product_tag-luzzy-salata","13":"product_tag-meksika-fasulyeli-salata","14":"product_tag-proteinli-salata","16":"first","17":"instock","18":"taxable","19":"shipping-taxable","20":"purchasable","21":"product-type-simple"},"aioseo_notices":[],"wcpa_form_fields":null,"_links":{"self":[{"href":"https:\/\/luzzyrestaurant.com\/en\/wp-json\/wp\/v2\/product\/2813","targetHints":{"allow":["GET"]}}],"collection":[{"href":"https:\/\/luzzyrestaurant.com\/en\/wp-json\/wp\/v2\/product"}],"about":[{"href":"https:\/\/luzzyrestaurant.com\/en\/wp-json\/wp\/v2\/types\/product"}],"replies":[{"embeddable":true,"href":"https:\/\/luzzyrestaurant.com\/en\/wp-json\/wp\/v2\/comments?post=2813"}],"wp:featuredmedia":[{"embeddable":true,"href":"https:\/\/luzzyrestaurant.com\/en\/wp-json\/wp\/v2\/media\/2961"}],"wp:attachment":[{"href":"https:\/\/luzzyrestaurant.com\/en\/wp-json\/wp\/v2\/media?parent=2813"}],"wp:term":[{"taxonomy":"product_brand","embeddable":true,"href":"https:\/\/luzzyrestaurant.com\/en\/wp-json\/wp\/v2\/product_brand?post=2813"},{"taxonomy":"product_cat","embeddable":true,"href":"https:\/\/luzzyrestaurant.com\/en\/wp-json\/wp\/v2\/product_cat?post=2813"},{"taxonomy":"product_tag","embeddable":true,"href":"https:\/\/luzzyrestaurant.com\/en\/wp-json\/wp\/v2\/product_tag?post=2813"}],"curies":[{"name":"wp","href":"https:\/\/api.w.org\/{rel}","templated":true}]}}