{"id":2812,"date":"2025-12-01T13:58:42","date_gmt":"2025-12-01T10:58:42","guid":{"rendered":"https:\/\/luzzyrestaurant.com\/?post_type=product&#038;p=2812"},"modified":"2025-12-02T20:09:31","modified_gmt":"2025-12-02T17:09:31","slug":"ton-balikli-salata","status":"publish","type":"product","link":"https:\/\/luzzyrestaurant.com\/en\/product\/ton-balikli-salata\/","title":{"rendered":"Ton Bal\u0131kl\u0131 Salata"},"content":{"rendered":"<p data-start=\"272\" data-end=\"560\">Ton Bal\u0131kl\u0131 Salata, taptaze Akdeniz ye\u015fillikleri ve g\u00f6bek marulun ferahl\u0131\u011f\u0131n\u0131; \u00e7eri domates, salatal\u0131k, m\u0131s\u0131r ve mor so\u011fan\u0131n renkli ve zengin dokusu ile bir araya getirir. Korni\u015fon tur\u015fu, maydanoz ve dereotunun aromatik katk\u0131s\u0131, y\u00fcksek protein i\u00e7eren ton bal\u0131\u011f\u0131yla m\u00fckemmel uyum sa\u011flar.<\/p>\n<p data-start=\"562\" data-end=\"826\">Luzzy Restaurant\u2019\u0131n \u00f6zel salata sosu ile lezzeti tamamlanan bu besleyici salata; hem hafif \u00f6\u011f\u00fcn tercih edenler hem de sa\u011fl\u0131kl\u0131 ya\u015fam\u0131 benimseyenler i\u00e7in ideal bir se\u00e7enek sunar. Dengeli, doyurucu ve tat dolu bir salata ar\u0131yorsan\u0131z Ton Bal\u0131kl\u0131 Salata tam size g\u00f6re!<\/p>","protected":false},"excerpt":{"rendered":"<div class=\"section-menu\" data-id=\"286\" data-name=\"Ton Bal\u0131kl\u0131 Salata\" data-price=\"390.00\u20ba\" data-amount=\"390\" data-description=\"Akdeniz ye\u015fillikleri, g\u00f6bek marul, \u00e7eri domates, salatal\u0131k, m\u0131s\u0131r, mor so\u011fan, maydanoz, dereotu, korni\u015fon tur\u015fu, ton bal\u0131k, luzzy \u00f6zel salata sosu\" data-image-url=\"https:\/\/qrmenurestaurant.com\/storage\/menu\/691aa0cfc24871763352783.png\">\n<div class=\"menu-item list\">\n<div class=\"menu-content\">\n<div class=\"menu-recipe\">Akdeniz ye\u015fillikleri, g\u00f6bek marul, \u00e7eri domates, salatal\u0131k, m\u0131s\u0131r, mor so\u011fan, maydanoz, dereotu, korni\u015fon tur\u015fu, ton bal\u0131k, luzzy \u00f6zel salata sosu<\/div>\n<\/div>\n<\/div>\n<\/div>\n<div class=\"section-menu\" data-id=\"287\" data-name=\"Izgara K\u00f6fte Salata\" data-price=\"420.00\u20ba\" data-amount=\"420\" data-description=\"Akdeniz ye\u015fillikleri, \u00e7eri domates, salatal\u0131k, m\u0131s\u0131r, jalapeno tur\u015fu, meksika fasulyesi, mor so\u011fan, k\u0131rm\u0131z\u0131 lahana tur\u015fusu, \u0131zgara k\u00f6fte, luzzy \u00f6zel salata sosu\" data-image-url=\"https:\/\/qrmenurestaurant.com\/storage\/menu\/691aa0fff0b861763352831.png\">\n<div class=\"menu-item list\"><\/div>\n<\/div>","protected":false},"featured_media":2960,"comment_status":"open","ping_status":"closed","template":"","meta":{"inline_featured_image":false,"_monsterinsights_skip_tracking":false,"_monsterinsights_sitenote_active":false,"_monsterinsights_sitenote_note":"","_monsterinsights_sitenote_category":0},"product_brand":[72],"product_cat":[67],"product_tag":[273,270,272,282,281,280,279],"class_list":{"0":"post-2812","1":"product","2":"type-product","3":"status-publish","4":"has-post-thumbnail","6":"product_brand-luzzy-restaurant","7":"product_cat-salatalar","8":"product_tag-akdeniz-salatasi","9":"product_tag-hafif-yemekler","10":"product_tag-luzzy-salata","11":"product_tag-proteinli-salata","12":"product_tag-saglikli-salata","13":"product_tag-ton-baligi","14":"product_tag-ton-balikli-salata","16":"first","17":"instock","18":"taxable","19":"shipping-taxable","20":"purchasable","21":"product-type-simple"},"aioseo_notices":[],"wcpa_form_fields":null,"_links":{"self":[{"href":"https:\/\/luzzyrestaurant.com\/en\/wp-json\/wp\/v2\/product\/2812","targetHints":{"allow":["GET"]}}],"collection":[{"href":"https:\/\/luzzyrestaurant.com\/en\/wp-json\/wp\/v2\/product"}],"about":[{"href":"https:\/\/luzzyrestaurant.com\/en\/wp-json\/wp\/v2\/types\/product"}],"replies":[{"embeddable":true,"href":"https:\/\/luzzyrestaurant.com\/en\/wp-json\/wp\/v2\/comments?post=2812"}],"wp:featuredmedia":[{"embeddable":true,"href":"https:\/\/luzzyrestaurant.com\/en\/wp-json\/wp\/v2\/media\/2960"}],"wp:attachment":[{"href":"https:\/\/luzzyrestaurant.com\/en\/wp-json\/wp\/v2\/media?parent=2812"}],"wp:term":[{"taxonomy":"product_brand","embeddable":true,"href":"https:\/\/luzzyrestaurant.com\/en\/wp-json\/wp\/v2\/product_brand?post=2812"},{"taxonomy":"product_cat","embeddable":true,"href":"https:\/\/luzzyrestaurant.com\/en\/wp-json\/wp\/v2\/product_cat?post=2812"},{"taxonomy":"product_tag","embeddable":true,"href":"https:\/\/luzzyrestaurant.com\/en\/wp-json\/wp\/v2\/product_tag?post=2812"}],"curies":[{"name":"wp","href":"https:\/\/api.w.org\/{rel}","templated":true}]}}