{"id":2811,"date":"2025-12-01T13:59:12","date_gmt":"2025-12-01T10:59:12","guid":{"rendered":"https:\/\/luzzyrestaurant.com\/?post_type=product&#038;p=2811"},"modified":"2025-12-02T20:08:04","modified_gmt":"2025-12-02T17:08:04","slug":"beyaz-peynirli-akdeniz-salatasi","status":"publish","type":"product","link":"https:\/\/luzzyrestaurant.com\/en\/product\/beyaz-peynirli-akdeniz-salatasi\/","title":{"rendered":"Beyaz Peynirli Akdeniz Salatas\u0131"},"content":{"rendered":"<p data-start=\"280\" data-end=\"687\">Beyaz Peynirli Akdeniz Salatas\u0131, taptaze Akdeniz ye\u015fillikleri ile haz\u0131rlanan, ferahlat\u0131c\u0131 ve hafif bir lezzet alternatifidir. \u00c7eri domates, salatal\u0131k, m\u0131s\u0131r, zeytin ve havu\u00e7 gibi renkli ve besleyici malzemeler, tam ya\u011fl\u0131 ezine peyniri ile m\u00fckemmel bir uyum yakalar. Luzzy Restaurant\u2019\u0131n \u00f6zel salata sosu ile tatland\u0131r\u0131lan bu Akdeniz klasi\u011fi, hem sa\u011fl\u0131kl\u0131 hem de doyurucu bir \u00f6\u011f\u00fcn arayanlar\u0131n favorisi olacak.<\/p>\n<p data-start=\"689\" data-end=\"877\">Do\u011fal, dengeli ve lezzet dolu bir salata ar\u0131yorsan\u0131z Beyaz Peynirli Akdeniz Salatas\u0131 tam size g\u00f6re! \u00d6zenle se\u00e7ilmi\u015f malzemeleri ve taptaze sunumu ile her lokmada hafifli\u011fi hissedeceksiniz.<\/p>","protected":false},"excerpt":{"rendered":"<div class=\"section-menu\" data-id=\"284\" data-name=\"Beyaz Peynirli Akdeniz Salatas\u0131\" data-price=\"300.00\u20ba\" data-amount=\"300\" data-description=\"Akdeniz ye\u015fillikleri, \u00e7eri domates, salatal\u0131k, m\u0131s\u0131r, zeytin, havu\u00e7 ve tam ya\u011fl\u0131 ezine peyniri, luzzy \u00f6zel salata sosu\" data-image-url=\"https:\/\/qrmenurestaurant.com\/storage\/menu\/691aa070332f41763352688.png\">\n<div class=\"menu-item list\">\n<div class=\"menu-content\">\n<div class=\"menu-recipe\">Akdeniz ye\u015fillikleri, \u00e7eri domates, salatal\u0131k, m\u0131s\u0131r, zeytin, havu\u00e7 ve tam ya\u011fl\u0131 ezine peyniri, luzzy \u00f6zel salata sosu<\/div>\n<\/div>\n<\/div>\n<\/div>\n<div class=\"section-menu\" data-id=\"286\" data-name=\"Ton Bal\u0131kl\u0131 Salata\" data-price=\"390.00\u20ba\" data-amount=\"390\" data-description=\"Akdeniz ye\u015fillikleri, g\u00f6bek marul, \u00e7eri domates, salatal\u0131k, m\u0131s\u0131r, mor so\u011fan, maydanoz, dereotu, korni\u015fon tur\u015fu, ton bal\u0131k, luzzy \u00f6zel salata sosu\" data-image-url=\"https:\/\/qrmenurestaurant.com\/storage\/menu\/691aa0cfc24871763352783.png\">\n<div class=\"menu-item list\"><\/div>\n<\/div>","protected":false},"featured_media":2959,"comment_status":"open","ping_status":"closed","template":"","meta":{"inline_featured_image":false,"_monsterinsights_skip_tracking":false,"_monsterinsights_sitenote_active":false,"_monsterinsights_sitenote_note":"","_monsterinsights_sitenote_category":0},"product_brand":[72],"product_cat":[67],"product_tag":[273,274,275,277,272,278,276],"class_list":{"0":"post-2811","1":"product","2":"type-product","3":"status-publish","4":"has-post-thumbnail","6":"product_brand-luzzy-restaurant","7":"product_cat-salatalar","8":"product_tag-akdeniz-salatasi","9":"product_tag-beyaz-peynirli-salata","10":"product_tag-ezine-peynirli-salata","11":"product_tag-hafif-yemek","12":"product_tag-luzzy-salata","13":"product_tag-saglikli-salata-secenekleri","14":"product_tag-taze-salata","16":"first","17":"instock","18":"taxable","19":"shipping-taxable","20":"purchasable","21":"product-type-simple"},"aioseo_notices":[],"wcpa_form_fields":null,"_links":{"self":[{"href":"https:\/\/luzzyrestaurant.com\/en\/wp-json\/wp\/v2\/product\/2811","targetHints":{"allow":["GET"]}}],"collection":[{"href":"https:\/\/luzzyrestaurant.com\/en\/wp-json\/wp\/v2\/product"}],"about":[{"href":"https:\/\/luzzyrestaurant.com\/en\/wp-json\/wp\/v2\/types\/product"}],"replies":[{"embeddable":true,"href":"https:\/\/luzzyrestaurant.com\/en\/wp-json\/wp\/v2\/comments?post=2811"}],"wp:featuredmedia":[{"embeddable":true,"href":"https:\/\/luzzyrestaurant.com\/en\/wp-json\/wp\/v2\/media\/2959"}],"wp:attachment":[{"href":"https:\/\/luzzyrestaurant.com\/en\/wp-json\/wp\/v2\/media?parent=2811"}],"wp:term":[{"taxonomy":"product_brand","embeddable":true,"href":"https:\/\/luzzyrestaurant.com\/en\/wp-json\/wp\/v2\/product_brand?post=2811"},{"taxonomy":"product_cat","embeddable":true,"href":"https:\/\/luzzyrestaurant.com\/en\/wp-json\/wp\/v2\/product_cat?post=2811"},{"taxonomy":"product_tag","embeddable":true,"href":"https:\/\/luzzyrestaurant.com\/en\/wp-json\/wp\/v2\/product_tag?post=2811"}],"curies":[{"name":"wp","href":"https:\/\/api.w.org\/{rel}","templated":true}]}}