{"id":2810,"date":"2025-12-01T13:59:46","date_gmt":"2025-12-01T10:59:46","guid":{"rendered":"https:\/\/luzzyrestaurant.com\/?post_type=product&#038;p=2810"},"modified":"2025-12-02T20:05:56","modified_gmt":"2025-12-02T17:05:56","slug":"izgara-tavuklu-sezar-salata","status":"publish","type":"product","link":"https:\/\/luzzyrestaurant.com\/en\/product\/izgara-tavuklu-sezar-salata\/","title":{"rendered":"Izgara Tavuklu Sezar Salata"},"content":{"rendered":"<p data-start=\"291\" data-end=\"751\">Izgara Tavuklu Sezar Salata, taptaze g\u00f6bek marul, nefis sezar sos, k\u0131t\u0131r kroton ekmekler ve \u00f6zel olarak \u0131zgarada pi\u015firilmi\u015f tavuk ile haz\u0131rlanan hafif ama doyurucu bir lezzettir. Luzzy Restaurant\u2019\u0131n ustal\u0131kla haz\u0131rlad\u0131\u011f\u0131 sezar sos; mayonez, hardal, kapari, an\u00e7uez, zeytinya\u011f\u0131, limon, sirke, dereotu, korni\u015fon tur\u015fu ve karabiberin m\u00fckemmel uyumundan olu\u015fur. \u00dczerine serpi\u015ftirilen parmesan ve taze \u00e7eri domatesler ile her lokmada zengin bir tat deneyimi sunar.<\/p>\n<p data-start=\"753\" data-end=\"961\">Hem sa\u011fl\u0131kl\u0131 beslenmek isteyenler hem de lezzetten \u00f6d\u00fcn vermeyenler i\u00e7in ideal bir tercihtir. G\u00fcn\u00fcn her \u00f6\u011f\u00fcn\u00fcnde ferah, dengeli ve lezzet dolu bir salata ar\u0131yorsan\u0131z Izgara Tavuklu Sezar Salata tam size g\u00f6re!<\/p>","protected":false},"excerpt":{"rendered":"<div class=\"section-menu\" data-id=\"283\" data-name=\"Izgara Tavuklu Sezar Salata\" data-price=\"390.00\u20ba\" data-amount=\"390\" data-description=\"Izgara tavuk, sezar sos (mayonez, hardal, kapari, an\u00e7uez, zeytin ya\u011f\u0131, limon, sirke, karabiber, dereotu, korni\u015fon tur\u015fu), g\u00f6bek marul, \u00e7eri domates, parmesan, kroton ekmek\" data-image-url=\"https:\/\/qrmenurestaurant.com\/storage\/menu\/691aa02955ecb1763352617.png\">\n<div class=\"menu-item list\">\n<div class=\"menu-content\">\n<div class=\"menu-recipe\">Izgara tavuk, sezar sos (mayonez, hardal, kapari, an\u00e7uez, zeytin ya\u011f\u0131, limon, sirke, karabiber, dereotu, korni\u015fon tur\u015fu), g\u00f6bek marul, \u00e7eri domates, parmesan, kroton ekmek<\/div>\n<\/div>\n<\/div>\n<\/div>\n<div class=\"section-menu\" data-id=\"284\" data-name=\"Beyaz Peynirli Akdeniz Salatas\u0131\" data-price=\"300.00\u20ba\" data-amount=\"300\" data-description=\"Akdeniz ye\u015fillikleri, \u00e7eri domates, salatal\u0131k, m\u0131s\u0131r, zeytin, havu\u00e7 ve tam ya\u011fl\u0131 ezine peyniri, luzzy \u00f6zel salata sosu\" data-image-url=\"https:\/\/qrmenurestaurant.com\/storage\/menu\/691aa070332f41763352688.png\">\n<div class=\"menu-item list\"><\/div>\n<\/div>","protected":false},"featured_media":2958,"comment_status":"open","ping_status":"closed","template":"","meta":{"inline_featured_image":false,"_monsterinsights_skip_tracking":false,"_monsterinsights_sitenote_active":false,"_monsterinsights_sitenote_note":"","_monsterinsights_sitenote_category":0},"product_brand":[72],"product_cat":[67],"product_tag":[270,266,272,269,267,268,271],"class_list":{"0":"post-2810","1":"product","2":"type-product","3":"status-publish","4":"has-post-thumbnail","6":"product_brand-luzzy-restaurant","7":"product_cat-salatalar","8":"product_tag-hafif-yemekler","9":"product_tag-izgara-tavuk","10":"product_tag-luzzy-salata","11":"product_tag-parmesanli-salata","12":"product_tag-sezar-salata","13":"product_tag-tavuklu-salata","14":"product_tag-taze-salatalar","16":"first","17":"instock","18":"taxable","19":"shipping-taxable","20":"purchasable","21":"product-type-simple"},"aioseo_notices":[],"wcpa_form_fields":null,"_links":{"self":[{"href":"https:\/\/luzzyrestaurant.com\/en\/wp-json\/wp\/v2\/product\/2810","targetHints":{"allow":["GET"]}}],"collection":[{"href":"https:\/\/luzzyrestaurant.com\/en\/wp-json\/wp\/v2\/product"}],"about":[{"href":"https:\/\/luzzyrestaurant.com\/en\/wp-json\/wp\/v2\/types\/product"}],"replies":[{"embeddable":true,"href":"https:\/\/luzzyrestaurant.com\/en\/wp-json\/wp\/v2\/comments?post=2810"}],"wp:featuredmedia":[{"embeddable":true,"href":"https:\/\/luzzyrestaurant.com\/en\/wp-json\/wp\/v2\/media\/2958"}],"wp:attachment":[{"href":"https:\/\/luzzyrestaurant.com\/en\/wp-json\/wp\/v2\/media?parent=2810"}],"wp:term":[{"taxonomy":"product_brand","embeddable":true,"href":"https:\/\/luzzyrestaurant.com\/en\/wp-json\/wp\/v2\/product_brand?post=2810"},{"taxonomy":"product_cat","embeddable":true,"href":"https:\/\/luzzyrestaurant.com\/en\/wp-json\/wp\/v2\/product_cat?post=2810"},{"taxonomy":"product_tag","embeddable":true,"href":"https:\/\/luzzyrestaurant.com\/en\/wp-json\/wp\/v2\/product_tag?post=2810"}],"curies":[{"name":"wp","href":"https:\/\/api.w.org\/{rel}","templated":true}]}}