{"id":2808,"date":"2025-12-01T04:37:00","date_gmt":"2025-12-01T01:37:00","guid":{"rendered":"https:\/\/luzzyrestaurant.com\/?post_type=product&#038;p=2808"},"modified":"2025-12-02T20:55:04","modified_gmt":"2025-12-02T17:55:04","slug":"noodle-etli","status":"publish","type":"product","link":"https:\/\/luzzyrestaurant.com\/en\/product\/noodle-etli\/","title":{"rendered":"Noodle Etli"},"content":{"rendered":"<p data-start=\"258\" data-end=\"561\">Zengin aromas\u0131 ve doyuruculu\u011fuyla \u00f6ne \u00e7\u0131kan <strong data-start=\"302\" data-end=\"317\">Noodle Etli<\/strong>, Asya mutfa\u011f\u0131n\u0131n sevilen lezzetlerini Luzzy Restaurant kalitesiyle bir araya getiriyor. \u0130nce j\u00fclyen kesilmi\u015f et par\u00e7alar\u0131; noodle ile m\u00fckemmel bir uyum yakalarken kapya biber, kabak ve havu\u00e7 gibi taze sebzeler yeme\u011fin besin de\u011ferini art\u0131r\u0131yor.<\/p>\n<p data-start=\"563\" data-end=\"791\">Soya sosu, oyster sos ve sweet chili sosun dengeli kar\u0131\u015f\u0131m\u0131; susam ya\u011f\u0131 ve kavrulmu\u015f susam ile birle\u015ferek yeme\u011fe benzersiz bir aroma kazand\u0131r\u0131r. Maydanoz ve kokteyl domates dokunu\u015fu ise hem tazelik hem de g\u00f6rsel zenginlik sunar.<\/p>\n<p data-start=\"793\" data-end=\"873\">Yo\u011fun et aromas\u0131 sevenler i\u00e7in hem lezzetli hem de doyurucu bir noodle deneyimi!<\/p>\n<p data-start=\"875\" data-end=\"1056\"><strong data-start=\"875\" data-end=\"891\">\u0130\u00e7indekiler:<\/strong><br data-start=\"891\" data-end=\"894\" \/>Noodle, j\u00fclyen et, kapya biber, kabak, havu\u00e7, soya sosu, oyster sos, susam ya\u011f\u0131, susam, sweet chili sos, maydanoz, kokteyl domates, ya\u011f, tuz, karabiber, sar\u0131msak.<\/p>","protected":false},"excerpt":{"rendered":"<div class=\"section-menu\" data-id=\"277\" data-name=\"Noodle Etli\" data-price=\"360.00\u20ba\" data-amount=\"360\" data-description=\"Noodle, j\u00fclyen et, kapya biber, kabak, havu\u00e7, soya sosu, oyster sos, susam ya\u011f\u0131, susam, sweet chili sos, maydanoz, kokteyl domates, ya\u011f, tuz, karabiber, sar\u0131msak\" data-image-url=\"https:\/\/qrmenurestaurant.com\/storage\/menu\/691a9f09cd2f51763352329.png\">\n<div class=\"menu-item list\">\n<div class=\"menu-content\">\n<div class=\"menu-recipe\">Noodle, j\u00fclyen et, kapya biber, kabak, havu\u00e7, soya sosu, oyster sos, susam ya\u011f\u0131, susam, sweet chili sos, maydanoz, kokteyl domates, ya\u011f, tuz, karabiber, sar\u0131msak<\/div>\n<\/div>\n<\/div>\n<\/div>\n<div class=\"section-menu\" data-id=\"278\" data-name=\"Noodle Tavuklu\" data-price=\"365.00\u20ba\" data-amount=\"365\" data-description=\"Noodle, j\u00fclyen tavuk, kapya biber, kabak, havu\u00e7, soya sosu, oyster sos, susam ya\u011f\u0131, susam, sweet chili sos, maydanoz, kokteyl domates, ya\u011f, tuz, karabiber, sar\u0131msak\" data-image-url=\"https:\/\/qrmenurestaurant.com\/storage\/menu\/691a9f3415bac1763352372.png\">\n<div class=\"menu-item list\"><\/div>\n<\/div>","protected":false},"featured_media":2978,"comment_status":"open","ping_status":"closed","template":"","meta":{"inline_featured_image":false,"_monsterinsights_skip_tracking":false,"_monsterinsights_sitenote_active":false,"_monsterinsights_sitenote_note":"","_monsterinsights_sitenote_category":0},"product_brand":[72],"product_cat":[64],"product_tag":[303,302,305,306,307,301,304],"class_list":{"0":"post-2808","1":"product","2":"type-product","3":"status-publish","4":"has-post-thumbnail","6":"product_brand-luzzy-restaurant","7":"product_cat-noodles","8":"product_tag-asya-noodle","9":"product_tag-etli-noodle","10":"product_tag-etli-wok","11":"product_tag-lezzetli-noodle","12":"product_tag-luzzy-noodle","13":"product_tag-noodle","14":"product_tag-soya-soslu-noodle","16":"first","17":"instock","18":"taxable","19":"shipping-taxable","20":"purchasable","21":"product-type-simple"},"aioseo_notices":[],"wcpa_form_fields":null,"_links":{"self":[{"href":"https:\/\/luzzyrestaurant.com\/en\/wp-json\/wp\/v2\/product\/2808","targetHints":{"allow":["GET"]}}],"collection":[{"href":"https:\/\/luzzyrestaurant.com\/en\/wp-json\/wp\/v2\/product"}],"about":[{"href":"https:\/\/luzzyrestaurant.com\/en\/wp-json\/wp\/v2\/types\/product"}],"replies":[{"embeddable":true,"href":"https:\/\/luzzyrestaurant.com\/en\/wp-json\/wp\/v2\/comments?post=2808"}],"wp:featuredmedia":[{"embeddable":true,"href":"https:\/\/luzzyrestaurant.com\/en\/wp-json\/wp\/v2\/media\/2978"}],"wp:attachment":[{"href":"https:\/\/luzzyrestaurant.com\/en\/wp-json\/wp\/v2\/media?parent=2808"}],"wp:term":[{"taxonomy":"product_brand","embeddable":true,"href":"https:\/\/luzzyrestaurant.com\/en\/wp-json\/wp\/v2\/product_brand?post=2808"},{"taxonomy":"product_cat","embeddable":true,"href":"https:\/\/luzzyrestaurant.com\/en\/wp-json\/wp\/v2\/product_cat?post=2808"},{"taxonomy":"product_tag","embeddable":true,"href":"https:\/\/luzzyrestaurant.com\/en\/wp-json\/wp\/v2\/product_tag?post=2808"}],"curies":[{"name":"wp","href":"https:\/\/api.w.org\/{rel}","templated":true}]}}