{"id":2807,"date":"2025-12-01T04:37:49","date_gmt":"2025-12-01T01:37:49","guid":{"rendered":"https:\/\/luzzyrestaurant.com\/?post_type=product&#038;p=2807"},"modified":"2025-12-09T19:11:07","modified_gmt":"2025-12-09T16:11:07","slug":"noodle-tavuklu","status":"publish","type":"product","link":"https:\/\/luzzyrestaurant.com\/en\/product\/noodle-tavuklu\/","title":{"rendered":"Noodle Tavuklu"},"content":{"rendered":"<p data-start=\"258\" data-end=\"524\">Asya mutfa\u011f\u0131n\u0131n sevilen lezzetlerinden <strong data-start=\"297\" data-end=\"315\">Noodle Tavuklu<\/strong>, Luzzy Restaurant\u2019\u0131n \u00f6zel tarifleriyle sofran\u0131za geliyor. Taze haz\u0131rlanm\u0131\u015f noodle, j\u00fclyen tavuk par\u00e7alar\u0131 ile bulu\u015furken; kapya biber, kabak ve havu\u00e7 gibi sebzeler yeme\u011fe hem renk hem de besin de\u011feri kat\u0131yor.<\/p>\n<p data-start=\"526\" data-end=\"755\">Soya sosu, oyster sos ve sweet chili sosun dengeli aromas\u0131yla zenginle\u015fen Tavuklu Noodle; susam ya\u011f\u0131 ve kavrulmu\u015f susamla tamamlan\u0131yor. Maydanoz ve kokteyl domates dokunu\u015fu ise bu lezzeti daha da taze ve cezbedici hale getiriyor.<\/p>\n<p data-start=\"757\" data-end=\"845\">Hafif, doyurucu ve aromas\u0131 y\u00fcksek bir noodle deneyimi arayanlar i\u00e7in m\u00fckemmel bir se\u00e7im!<\/p>\n<p data-start=\"847\" data-end=\"1031\"><strong data-start=\"847\" data-end=\"863\">\u0130\u00e7indekiler:<\/strong><br data-start=\"863\" data-end=\"866\" \/>Noodle, j\u00fclyen tavuk, kapya biber, kabak, havu\u00e7, soya sosu, oyster sos, susam ya\u011f\u0131, susam, sweet chili sos, maydanoz, kokteyl domates, ya\u011f, tuz, karabiber, sar\u0131msak.<\/p>","protected":false},"excerpt":{"rendered":"<div class=\"section-menu\" data-id=\"278\" data-name=\"Noodle Tavuklu\" data-price=\"365.00\u20ba\" data-amount=\"365\" data-description=\"Noodle, j\u00fclyen tavuk, kapya biber, kabak, havu\u00e7, soya sosu, oyster sos, susam ya\u011f\u0131, susam, sweet chili sos, maydanoz, kokteyl domates, ya\u011f, tuz, karabiber, sar\u0131msak\" data-image-url=\"https:\/\/qrmenurestaurant.com\/storage\/menu\/691a9f3415bac1763352372.png\">\n<div class=\"menu-item list\">\n<div class=\"menu-content\">\n<div class=\"menu-recipe\">Noodle, j\u00fclyen tavuk, kapya biber, kabak, havu\u00e7, soya sosu, oyster sos, susam ya\u011f\u0131, susam, sweet chili sos, maydanoz, kokteyl domates, ya\u011f, tuz, karabiber, sar\u0131msak<\/div>\n<\/div>\n<\/div>\n<\/div>\n<div class=\"section-menu\" data-id=\"279\" data-name=\"Noodle Sebzeli\" data-price=\"325.00\u20ba\" data-amount=\"325\" data-description=\"Noodle, karnabahar, brokoli, kapya biber, kabak, havu\u00e7, soya sosu, oyster sos, susam ya\u011f\u0131, susam, sweet chili sos, maydanoz, kokteyl domates, ya\u011f, tuz, karabiber, sar\u0131msak\" data-image-url=\"https:\/\/qrmenurestaurant.com\/storage\/menu\/691a9f48ba0891763352392.png\">\n<div class=\"menu-item list\"><\/div>\n<\/div>","protected":false},"featured_media":2979,"comment_status":"open","ping_status":"closed","template":"","meta":{"inline_featured_image":false,"_monsterinsights_skip_tracking":false,"_monsterinsights_sitenote_active":false,"_monsterinsights_sitenote_note":"","_monsterinsights_sitenote_category":0},"product_brand":[72],"product_cat":[64],"product_tag":[303,306,307,301,304,308,309],"class_list":{"0":"post-2807","1":"product","2":"type-product","3":"status-publish","4":"has-post-thumbnail","6":"product_brand-luzzy-restaurant","7":"product_cat-noodles","8":"product_tag-asya-noodle","9":"product_tag-lezzetli-noodle","10":"product_tag-luzzy-noodle","11":"product_tag-noodle","12":"product_tag-soya-soslu-noodle","13":"product_tag-tavuklu-noodle","14":"product_tag-tavuklu-wok","16":"first","17":"instock","18":"taxable","19":"shipping-taxable","20":"purchasable","21":"product-type-simple"},"aioseo_notices":[],"wcpa_form_fields":null,"_links":{"self":[{"href":"https:\/\/luzzyrestaurant.com\/en\/wp-json\/wp\/v2\/product\/2807","targetHints":{"allow":["GET"]}}],"collection":[{"href":"https:\/\/luzzyrestaurant.com\/en\/wp-json\/wp\/v2\/product"}],"about":[{"href":"https:\/\/luzzyrestaurant.com\/en\/wp-json\/wp\/v2\/types\/product"}],"replies":[{"embeddable":true,"href":"https:\/\/luzzyrestaurant.com\/en\/wp-json\/wp\/v2\/comments?post=2807"}],"wp:featuredmedia":[{"embeddable":true,"href":"https:\/\/luzzyrestaurant.com\/en\/wp-json\/wp\/v2\/media\/2979"}],"wp:attachment":[{"href":"https:\/\/luzzyrestaurant.com\/en\/wp-json\/wp\/v2\/media?parent=2807"}],"wp:term":[{"taxonomy":"product_brand","embeddable":true,"href":"https:\/\/luzzyrestaurant.com\/en\/wp-json\/wp\/v2\/product_brand?post=2807"},{"taxonomy":"product_cat","embeddable":true,"href":"https:\/\/luzzyrestaurant.com\/en\/wp-json\/wp\/v2\/product_cat?post=2807"},{"taxonomy":"product_tag","embeddable":true,"href":"https:\/\/luzzyrestaurant.com\/en\/wp-json\/wp\/v2\/product_tag?post=2807"}],"curies":[{"name":"wp","href":"https:\/\/api.w.org\/{rel}","templated":true}]}}