{"id":2806,"date":"2025-12-01T04:38:27","date_gmt":"2025-12-01T01:38:27","guid":{"rendered":"https:\/\/luzzyrestaurant.com\/?post_type=product&#038;p=2806"},"modified":"2025-12-02T20:56:13","modified_gmt":"2025-12-02T17:56:13","slug":"noodle-sebzeli","status":"publish","type":"product","link":"https:\/\/luzzyrestaurant.com\/en\/product\/noodle-sebzeli\/","title":{"rendered":"Noodle Sebzeli"},"content":{"rendered":"<p data-start=\"338\" data-end=\"745\">Rengarenk ve besleyici sebzelerle haz\u0131rlanan <strong data-start=\"383\" data-end=\"401\">Noodle Sebzeli<\/strong>, Asya mutfa\u011f\u0131n\u0131n en sevilen tatlar\u0131n\u0131 Luzzy Restaurant dokunu\u015fuyla bir araya getiriyor. Taze karnabahar, brokoli, kapya biber, kabak ve havu\u00e7; soya sosu, oyster sos ve sweet chili sos ile harmanlanarak benzersiz bir aroma olu\u015fturur. Susam ya\u011f\u0131 ve kavrulmu\u015f susam ile zenginle\u015ftirilen bu lezzet, maydanoz ve kokteyl domates ile tazelik kazan\u0131r.<\/p>\n<p data-start=\"747\" data-end=\"905\">Hem hafif hem de doyurucu bir se\u00e7enek arayanlar i\u00e7in ideal olan Sebzeli Noodle, g\u00fcnl\u00fck yemek tercihlerinizde sa\u011fl\u0131kl\u0131, h\u0131zl\u0131 ve lezzetli bir alternatif sunar.<\/p>\n<p data-start=\"907\" data-end=\"1098\"><strong data-start=\"907\" data-end=\"923\">\u0130\u00e7indekiler:<\/strong><br data-start=\"923\" data-end=\"926\" \/>Noodle, karnabahar, brokoli, kapya biber, kabak, havu\u00e7, soya sosu, oyster sos, susam ya\u011f\u0131, susam, sweet chili sos, maydanoz, kokteyl domates, ya\u011f, tuz, karabiber, sar\u0131msak.<\/p>","protected":false},"excerpt":{"rendered":"<div id=\"content\">\n<div class=\"content-wrap\">\n<div class=\"card-body menu-category-item menu-category-38\">\n<div class=\"section-menu\" data-id=\"279\" data-name=\"Noodle Sebzeli\" data-price=\"325.00\u20ba\" data-amount=\"325\" data-description=\"Noodle, karnabahar, brokoli, kapya biber, kabak, havu\u00e7, soya sosu, oyster sos, susam ya\u011f\u0131, susam, sweet chili sos, maydanoz, kokteyl domates, ya\u011f, tuz, karabiber, sar\u0131msak\" data-image-url=\"https:\/\/qrmenurestaurant.com\/storage\/menu\/691a9f48ba0891763352392.png\">\n<div class=\"menu-item list\">\n<div class=\"menu-content\">\n<div class=\"menu-recipe\">Noodle, karnabahar, brokoli, kapya biber, kabak, havu\u00e7, soya sosu, oyster sos, susam ya\u011f\u0131, susam, sweet chili sos, maydanoz, kokteyl domates, ya\u011f, tuz, karabiber, sar\u0131msak<\/div>\n<\/div>\n<\/div>\n<\/div>\n<\/div>\n<\/div>\n<\/div>\n<div class=\"bg-dark\"><\/div>","protected":false},"featured_media":2980,"comment_status":"open","ping_status":"closed","template":"","meta":{"inline_featured_image":false,"_monsterinsights_skip_tracking":false,"_monsterinsights_sitenote_active":false,"_monsterinsights_sitenote_note":"","_monsterinsights_sitenote_category":0},"product_brand":[72],"product_cat":[64],"product_tag":[303,307,301,311,310,304,312],"class_list":{"0":"post-2806","1":"product","2":"type-product","3":"status-publish","4":"has-post-thumbnail","6":"product_brand-luzzy-restaurant","7":"product_cat-noodles","8":"product_tag-asya-noodle","9":"product_tag-luzzy-noodle","10":"product_tag-noodle","11":"product_tag-saglikli-noodle","12":"product_tag-sebzeli-noodle","13":"product_tag-soya-soslu-noodle","14":"product_tag-vegan-secenek","16":"first","17":"instock","18":"taxable","19":"shipping-taxable","20":"purchasable","21":"product-type-simple"},"aioseo_notices":[],"wcpa_form_fields":null,"_links":{"self":[{"href":"https:\/\/luzzyrestaurant.com\/en\/wp-json\/wp\/v2\/product\/2806","targetHints":{"allow":["GET"]}}],"collection":[{"href":"https:\/\/luzzyrestaurant.com\/en\/wp-json\/wp\/v2\/product"}],"about":[{"href":"https:\/\/luzzyrestaurant.com\/en\/wp-json\/wp\/v2\/types\/product"}],"replies":[{"embeddable":true,"href":"https:\/\/luzzyrestaurant.com\/en\/wp-json\/wp\/v2\/comments?post=2806"}],"wp:featuredmedia":[{"embeddable":true,"href":"https:\/\/luzzyrestaurant.com\/en\/wp-json\/wp\/v2\/media\/2980"}],"wp:attachment":[{"href":"https:\/\/luzzyrestaurant.com\/en\/wp-json\/wp\/v2\/media?parent=2806"}],"wp:term":[{"taxonomy":"product_brand","embeddable":true,"href":"https:\/\/luzzyrestaurant.com\/en\/wp-json\/wp\/v2\/product_brand?post=2806"},{"taxonomy":"product_cat","embeddable":true,"href":"https:\/\/luzzyrestaurant.com\/en\/wp-json\/wp\/v2\/product_cat?post=2806"},{"taxonomy":"product_tag","embeddable":true,"href":"https:\/\/luzzyrestaurant.com\/en\/wp-json\/wp\/v2\/product_tag?post=2806"}],"curies":[{"name":"wp","href":"https:\/\/api.w.org\/{rel}","templated":true}]}}