{"id":2805,"date":"2025-12-01T04:39:39","date_gmt":"2025-12-01T01:39:39","guid":{"rendered":"https:\/\/luzzyrestaurant.com\/?post_type=product&#038;p=2805"},"modified":"2025-12-02T21:29:52","modified_gmt":"2025-12-02T18:29:52","slug":"citir-manti","status":"publish","type":"product","link":"https:\/\/luzzyrestaurant.com\/en\/product\/citir-manti\/","title":{"rendered":"\u00c7\u0131t\u0131r Mant\u0131"},"content":{"rendered":"<p>Luzzy Restaurant\u2019\u0131n \u00f6zel dokunu\u015fuyla haz\u0131rlanan <strong data-start=\"155\" data-end=\"170\">\u00c7\u0131t\u0131r Mant\u0131<\/strong>, geleneksel mant\u0131 lezzetini modern ve farkl\u0131 bir \u015fekilde sunuyor. \u0130ncecik a\u00e7\u0131lm\u0131\u015f hamurun \u00f6zenle kapat\u0131lmas\u0131yla haz\u0131rlanan mant\u0131lar, hafif\u00e7e k\u0131zart\u0131larak benzersiz bir \u00e7\u0131t\u0131rl\u0131k kazan\u0131r. \u00dczerine eklenen <strong data-start=\"373\" data-end=\"396\">zengin domates sosu<\/strong> ve tercihe g\u00f6re <strong data-start=\"413\" data-end=\"451\">sar\u0131msakl\u0131 veya sar\u0131msaks\u0131z yo\u011furt<\/strong>, bu \u00f6zel lezzeti kusursuz bir dengeye getirir.<br data-start=\"498\" data-end=\"501\" data-is-only-node=\"\" \/>D\u0131\u015f\u0131 \u00e7\u0131t\u0131r i\u00e7i yumu\u015fak dokusuyla \u00c7\u0131t\u0131r Mant\u0131, klasik mant\u0131dan farkl\u0131 bir deneyim arayanlar i\u00e7in ideal bir tercihtir. Hem hafif hem doyurucu bu lezzet, Luzzy Restaurant kalitesiyle sofralar\u0131n\u0131za taptaze ula\u015f\u0131r.<\/p>","protected":false},"excerpt":{"rendered":"<div id=\"content\">\n<div class=\"content-wrap\">\n<div class=\"card-body menu-category-item menu-category-39\">\n<div class=\"section-menu\" data-id=\"282\" data-name=\"\u00c7\u0131t\u0131r Mant\u0131\" data-price=\"350.00\u20ba\" data-amount=\"350\" data-description=\"Domates sos ve sar\u0131msak yo\u011furt\" data-image-url=\"https:\/\/qrmenurestaurant.com\/storage\/menu\/691a9fb5a6ad11763352501.png\">\n<div class=\"menu-item list\">\n<div class=\"menu-content\">\n<div class=\"menu-recipe\">\u00c7\u0131t\u0131r Mant\u0131 \u2013 Domates soslu ve sar\u0131msakl\u0131\/sar\u0131msaks\u0131z yo\u011furt se\u00e7ene\u011fiyle haz\u0131rlanan \u00f6zel lezzet. Luzzy Restaurant\u2019\u0131n \u00e7\u0131t\u0131r dokulu mant\u0131s\u0131n\u0131 hemen ke\u015ffedin!<\/div>\n<\/div>\n<\/div>\n<\/div>\n<\/div>\n<\/div>\n<\/div>","protected":false},"featured_media":2989,"comment_status":"open","ping_status":"closed","template":"","meta":{"inline_featured_image":false,"_monsterinsights_skip_tracking":false,"_monsterinsights_sitenote_active":false,"_monsterinsights_sitenote_note":"","_monsterinsights_sitenote_category":0},"product_brand":[72],"product_cat":[65],"product_tag":[339,333,335,340,336,341,334],"class_list":{"0":"post-2805","1":"product","2":"type-product","3":"status-publish","4":"has-post-thumbnail","6":"product_brand-luzzy-restaurant","7":"product_cat-mantilar","8":"product_tag-citir-manti","9":"product_tag-domates-soslu-manti","10":"product_tag-geleneksel-manti","11":"product_tag-kizarmis-manti","12":"product_tag-luzzy-manti","13":"product_tag-ozel-manti-lezzeti","14":"product_tag-yogurtlu-manti","16":"first","17":"instock","18":"taxable","19":"shipping-taxable","20":"purchasable","21":"product-type-simple"},"aioseo_notices":[],"wcpa_form_fields":null,"_links":{"self":[{"href":"https:\/\/luzzyrestaurant.com\/en\/wp-json\/wp\/v2\/product\/2805","targetHints":{"allow":["GET"]}}],"collection":[{"href":"https:\/\/luzzyrestaurant.com\/en\/wp-json\/wp\/v2\/product"}],"about":[{"href":"https:\/\/luzzyrestaurant.com\/en\/wp-json\/wp\/v2\/types\/product"}],"replies":[{"embeddable":true,"href":"https:\/\/luzzyrestaurant.com\/en\/wp-json\/wp\/v2\/comments?post=2805"}],"wp:featuredmedia":[{"embeddable":true,"href":"https:\/\/luzzyrestaurant.com\/en\/wp-json\/wp\/v2\/media\/2989"}],"wp:attachment":[{"href":"https:\/\/luzzyrestaurant.com\/en\/wp-json\/wp\/v2\/media?parent=2805"}],"wp:term":[{"taxonomy":"product_brand","embeddable":true,"href":"https:\/\/luzzyrestaurant.com\/en\/wp-json\/wp\/v2\/product_brand?post=2805"},{"taxonomy":"product_cat","embeddable":true,"href":"https:\/\/luzzyrestaurant.com\/en\/wp-json\/wp\/v2\/product_cat?post=2805"},{"taxonomy":"product_tag","embeddable":true,"href":"https:\/\/luzzyrestaurant.com\/en\/wp-json\/wp\/v2\/product_tag?post=2805"}],"curies":[{"name":"wp","href":"https:\/\/api.w.org\/{rel}","templated":true}]}}