{"id":2804,"date":"2025-12-01T04:40:09","date_gmt":"2025-12-01T01:40:09","guid":{"rendered":"https:\/\/luzzyrestaurant.com\/?post_type=product&#038;p=2804"},"modified":"2025-12-02T21:29:01","modified_gmt":"2025-12-02T18:29:01","slug":"kayseri-manti","status":"publish","type":"product","link":"https:\/\/luzzyrestaurant.com\/en\/product\/kayseri-manti\/","title":{"rendered":"Kayseri Mant\u0131"},"content":{"rendered":"<p>Luzzy Restaurant\u2019\u0131n ustal\u0131kla haz\u0131rlad\u0131\u011f\u0131 <strong data-start=\"151\" data-end=\"168\">Kayseri Mant\u0131<\/strong>, geleneksel T\u00fcrk mutfa\u011f\u0131n\u0131n en \u00f6zel lezzetlerinden birini sofran\u0131za getiriyor. K\u00fc\u00e7\u00fcc\u00fck ve \u00f6zenle kapat\u0131lm\u0131\u015f mant\u0131lar, kayseri usul\u00fc inceli\u011fiyle pi\u015firilir ve \u00fczerine d\u00f6k\u00fclen <strong data-start=\"342\" data-end=\"365\">zengin domates sosu<\/strong> ile nefis bir aroma kazan\u0131r. Tercihinize g\u00f6re sunulan <strong data-start=\"420\" data-end=\"458\">sar\u0131msakl\u0131 veya sar\u0131msaks\u0131z yo\u011furt<\/strong>, bu klasik lezzeti tamamlayarak her lokmada doyumsuz bir tat sunar.<br data-start=\"526\" data-end=\"529\" data-is-only-node=\"\" \/>Geleneksel formunda, ev yap\u0131m\u0131 lezzetinde haz\u0131rlanan Kayseri Mant\u0131; doyurucu, taze ve kaliteli bir mant\u0131 deneyimi arayanlar i\u00e7in m\u00fckemmel bir se\u00e7imdir. Luzzy\u2019nin \u00f6zel dokunu\u015fuyla haz\u0131rlanan bu lezzet, hem \u00f6\u011fle hem ak\u015fam yemeklerinde vazge\u00e7ilmeziniz olacak.<\/p>","protected":false},"excerpt":{"rendered":"<div class=\"section-menu\" data-id=\"281\" data-name=\"Kayseri Mant\u0131\" data-price=\"350.00\u20ba\" data-amount=\"350\" data-description=\"Domates sos ve sar\u0131msak yo\u011furt\" data-image-url=\"https:\/\/qrmenurestaurant.com\/storage\/menu\/691a9f97557b61763352471.png\">\n<div class=\"menu-item list\">\n<div class=\"menu-content\">\n<div class=\"menu-recipe\">Kayseri Mant\u0131 \u2013 Domates soslu ve sar\u0131msakl\u0131\/sar\u0131msaks\u0131z yo\u011furt se\u00e7ene\u011fiyle sunulan geleneksel mant\u0131 lezzeti. Luzzy Restaurant\u2019\u0131n taptaze ve \u00f6zenle haz\u0131rlanm\u0131\u015f Kayseri Mant\u0131s\u0131n\u0131 hemen ke\u015ffedin!<\/div>\n<\/div>\n<\/div>\n<\/div>\n<div class=\"section-menu\" data-id=\"282\" data-name=\"\u00c7\u0131t\u0131r Mant\u0131\" data-price=\"350.00\u20ba\" data-amount=\"350\" data-description=\"Domates sos ve sar\u0131msak yo\u011furt\" data-image-url=\"https:\/\/qrmenurestaurant.com\/storage\/menu\/691a9fb5a6ad11763352501.png\">\n<div class=\"menu-item list\"><\/div>\n<\/div>","protected":false},"featured_media":2988,"comment_status":"open","ping_status":"closed","template":"","meta":{"inline_featured_image":false,"_monsterinsights_skip_tracking":false,"_monsterinsights_sitenote_active":false,"_monsterinsights_sitenote_note":"","_monsterinsights_sitenote_category":0},"product_brand":[72],"product_cat":[65],"product_tag":[333,337,335,338,336,331,334],"class_list":{"0":"post-2804","1":"product","2":"type-product","3":"status-publish","4":"has-post-thumbnail","6":"product_brand-luzzy-restaurant","7":"product_cat-mantilar","8":"product_tag-domates-soslu-manti","9":"product_tag-ev-yapimi-manti","10":"product_tag-geleneksel-manti","11":"product_tag-kayseri-manti","12":"product_tag-luzzy-manti","13":"product_tag-manti","14":"product_tag-yogurtlu-manti","16":"first","17":"instock","18":"taxable","19":"shipping-taxable","20":"purchasable","21":"product-type-simple"},"aioseo_notices":[],"wcpa_form_fields":null,"_links":{"self":[{"href":"https:\/\/luzzyrestaurant.com\/en\/wp-json\/wp\/v2\/product\/2804","targetHints":{"allow":["GET"]}}],"collection":[{"href":"https:\/\/luzzyrestaurant.com\/en\/wp-json\/wp\/v2\/product"}],"about":[{"href":"https:\/\/luzzyrestaurant.com\/en\/wp-json\/wp\/v2\/types\/product"}],"replies":[{"embeddable":true,"href":"https:\/\/luzzyrestaurant.com\/en\/wp-json\/wp\/v2\/comments?post=2804"}],"wp:featuredmedia":[{"embeddable":true,"href":"https:\/\/luzzyrestaurant.com\/en\/wp-json\/wp\/v2\/media\/2988"}],"wp:attachment":[{"href":"https:\/\/luzzyrestaurant.com\/en\/wp-json\/wp\/v2\/media?parent=2804"}],"wp:term":[{"taxonomy":"product_brand","embeddable":true,"href":"https:\/\/luzzyrestaurant.com\/en\/wp-json\/wp\/v2\/product_brand?post=2804"},{"taxonomy":"product_cat","embeddable":true,"href":"https:\/\/luzzyrestaurant.com\/en\/wp-json\/wp\/v2\/product_cat?post=2804"},{"taxonomy":"product_tag","embeddable":true,"href":"https:\/\/luzzyrestaurant.com\/en\/wp-json\/wp\/v2\/product_tag?post=2804"}],"curies":[{"name":"wp","href":"https:\/\/api.w.org\/{rel}","templated":true}]}}