{"id":2802,"date":"2025-12-01T04:41:52","date_gmt":"2025-12-01T01:41:52","guid":{"rendered":"https:\/\/luzzyrestaurant.com\/?post_type=product&#038;p=2802"},"modified":"2025-12-02T21:17:38","modified_gmt":"2025-12-02T18:17:38","slug":"karisik-meze-tabagi","status":"publish","type":"product","link":"https:\/\/luzzyrestaurant.com\/en\/product\/karisik-meze-tabagi\/","title":{"rendered":"Kar\u0131\u015f\u0131k Meze Taba\u011f\u0131"},"content":{"rendered":"<p data-start=\"299\" data-end=\"618\">Luzzy Restaurant\u2019\u0131n \u00f6zenle haz\u0131rlad\u0131\u011f\u0131 <strong data-start=\"338\" data-end=\"361\">Kar\u0131\u015f\u0131k Meze Taba\u011f\u0131<\/strong>, meze severler i\u00e7in en sevilen \u00fc\u00e7 lezzeti bir araya getiriyor: <strong data-start=\"425\" data-end=\"434\">Humus<\/strong>, <strong data-start=\"436\" data-end=\"455\">Ac\u0131l\u0131 Ezme Meze<\/strong> ve <strong data-start=\"459\" data-end=\"477\">Muhammara Meze<\/strong>. Her biri g\u00fcnl\u00fck ve taze malzemelerle haz\u0131rlanm\u0131\u015f bu \u00f6zel meze \u00e7e\u015fitleri, hem lezzet hem de sunum a\u00e7\u0131s\u0131ndan sofralar\u0131n\u0131za zenginlik katar.<\/p>\n<p data-start=\"620\" data-end=\"1021\">Krema k\u0131vam\u0131ndaki humus, baharat dengesiyle \u00f6ne \u00e7\u0131kan ac\u0131l\u0131 ezme ve cevizli k\u00f6z biber aromas\u0131yla dikkat \u00e7eken muhammara; tek bir tabakta m\u00fckemmel bir uyum sunar. Et, tavuk, bal\u0131k yemeklerinin yan\u0131nda ideal bir e\u015flik\u00e7i olan bu tabak; meze sofralar\u0131n\u0131za da \u015f\u0131kl\u0131k ve \u00e7e\u015fitlilik kazand\u0131r\u0131r. Luzzy kalitesiyle haz\u0131rlanan bu \u00fc\u00e7l\u00fc meze taba\u011f\u0131, hem payla\u015fmal\u0131k hem de bireysel t\u00fcketim i\u00e7in harika bir tercih!<\/p>","protected":false},"excerpt":{"rendered":"<p data-start=\"1049\" data-end=\"1226\">Luzzy Restaurant\u2019\u0131n Humus, Ac\u0131l\u0131 Ezme ve Muhammara\u2019dan olu\u015fan <strong data-start=\"1111\" data-end=\"1134\">Kar\u0131\u015f\u0131k Meze Taba\u011f\u0131<\/strong>, taze ve aromatik lezzetleri tek bir tabakta sunuyor. Meze severler i\u00e7in ideal bir se\u00e7enek.<\/p>","protected":false},"featured_media":2984,"comment_status":"open","ping_status":"closed","template":"","meta":{"inline_featured_image":false,"_monsterinsights_skip_tracking":false,"_monsterinsights_sitenote_active":false,"_monsterinsights_sitenote_note":"","_monsterinsights_sitenote_category":0},"product_brand":[72],"product_cat":[66],"product_tag":[320,313,329,319,314,330,325],"class_list":{"0":"post-2802","1":"product","2":"type-product","3":"status-publish","4":"has-post-thumbnail","6":"product_brand-luzzy-restaurant","7":"product_cat-mezeler","8":"product_tag-acili-ezme","9":"product_tag-humus","10":"product_tag-karisik-meze-tabagi","11":"product_tag-luzzy-mezeler","12":"product_tag-meze","13":"product_tag-meze-cesitleri","14":"product_tag-muhammara","16":"first","17":"instock","18":"taxable","19":"shipping-taxable","20":"purchasable","21":"product-type-simple"},"aioseo_notices":[],"wcpa_form_fields":null,"_links":{"self":[{"href":"https:\/\/luzzyrestaurant.com\/en\/wp-json\/wp\/v2\/product\/2802","targetHints":{"allow":["GET"]}}],"collection":[{"href":"https:\/\/luzzyrestaurant.com\/en\/wp-json\/wp\/v2\/product"}],"about":[{"href":"https:\/\/luzzyrestaurant.com\/en\/wp-json\/wp\/v2\/types\/product"}],"replies":[{"embeddable":true,"href":"https:\/\/luzzyrestaurant.com\/en\/wp-json\/wp\/v2\/comments?post=2802"}],"wp:featuredmedia":[{"embeddable":true,"href":"https:\/\/luzzyrestaurant.com\/en\/wp-json\/wp\/v2\/media\/2984"}],"wp:attachment":[{"href":"https:\/\/luzzyrestaurant.com\/en\/wp-json\/wp\/v2\/media?parent=2802"}],"wp:term":[{"taxonomy":"product_brand","embeddable":true,"href":"https:\/\/luzzyrestaurant.com\/en\/wp-json\/wp\/v2\/product_brand?post=2802"},{"taxonomy":"product_cat","embeddable":true,"href":"https:\/\/luzzyrestaurant.com\/en\/wp-json\/wp\/v2\/product_cat?post=2802"},{"taxonomy":"product_tag","embeddable":true,"href":"https:\/\/luzzyrestaurant.com\/en\/wp-json\/wp\/v2\/product_tag?post=2802"}],"curies":[{"name":"wp","href":"https:\/\/api.w.org\/{rel}","templated":true}]}}