{"id":2800,"date":"2025-12-01T04:42:52","date_gmt":"2025-12-01T01:42:52","guid":{"rendered":"https:\/\/luzzyrestaurant.com\/?post_type=product&#038;p=2800"},"modified":"2025-12-02T21:15:20","modified_gmt":"2025-12-02T18:15:20","slug":"acili-ezme-meze","status":"publish","type":"product","link":"https:\/\/luzzyrestaurant.com\/en\/product\/acili-ezme-meze\/","title":{"rendered":"Ac\u0131l\u0131 Ezme Meze"},"content":{"rendered":"<p data-start=\"288\" data-end=\"607\">Luzzy Restaurant\u2019\u0131n \u00f6zenle haz\u0131rlad\u0131\u011f\u0131 <strong data-start=\"327\" data-end=\"346\">Ac\u0131l\u0131 Ezme Meze<\/strong>, taptaze sebzelerin ince k\u0131y\u0131m dokusu ve dengeli ac\u0131l\u0131\u011f\u0131yla sofralar\u0131n\u0131za g\u00fc\u00e7l\u00fc bir aroma getiriyor. Domates, biber, so\u011fan, maydanoz, nar ek\u015fisi ve \u00f6zel baharatlar\u0131n ustal\u0131kla harmanland\u0131\u011f\u0131 bu meze; et yemekleri, \u0131zgaralar ve kebaplarla m\u00fckemmel uyum sa\u011flar.<\/p>\n<p data-start=\"609\" data-end=\"840\">Ac\u0131n\u0131n keyifli yak\u0131c\u0131l\u0131\u011f\u0131n\u0131 sevenler i\u00e7in ideal olan Ac\u0131l\u0131 Ezme, hem meze sofralar\u0131na renk katar hem de damaklarda unutulmaz bir tat b\u0131rak\u0131r. Luzzy mutfa\u011f\u0131n\u0131n tazeli\u011fi ve \u015fef dokunu\u015fuyla haz\u0131rlanan bu enfes lezzeti mutlaka deneyin!<\/p>","protected":false},"excerpt":{"rendered":"<p>Luzzy Restaurant\u2019\u0131n taptaze sebzelerle haz\u0131rlad\u0131\u011f\u0131 <strong data-start=\"919\" data-end=\"938\">Ac\u0131l\u0131 Ezme Meze<\/strong>, baharatl\u0131 ve aromatik yap\u0131s\u0131yla sofralar\u0131n\u0131za lezzet kat\u0131yor. Et ve \u0131zgara yemekleri i\u00e7in ideal bir meze.<\/p>","protected":false},"featured_media":2982,"comment_status":"open","ping_status":"closed","template":"","meta":{"inline_featured_image":false,"_monsterinsights_skip_tracking":false,"_monsterinsights_sitenote_active":false,"_monsterinsights_sitenote_note":"","_monsterinsights_sitenote_category":0},"product_brand":[72],"product_cat":[66],"product_tag":[320,324,321,323,319,314,322],"class_list":{"0":"post-2800","1":"product","2":"type-product","3":"status-publish","4":"has-post-thumbnail","6":"product_brand-luzzy-restaurant","7":"product_cat-mezeler","8":"product_tag-acili-ezme","9":"product_tag-acili-meze","10":"product_tag-baharatli-meze","11":"product_tag-kebap-mezesi","12":"product_tag-luzzy-mezeler","13":"product_tag-meze","14":"product_tag-turk-mezeleri","16":"first","17":"instock","18":"taxable","19":"shipping-taxable","20":"purchasable","21":"product-type-simple"},"aioseo_notices":[],"wcpa_form_fields":null,"_links":{"self":[{"href":"https:\/\/luzzyrestaurant.com\/en\/wp-json\/wp\/v2\/product\/2800","targetHints":{"allow":["GET"]}}],"collection":[{"href":"https:\/\/luzzyrestaurant.com\/en\/wp-json\/wp\/v2\/product"}],"about":[{"href":"https:\/\/luzzyrestaurant.com\/en\/wp-json\/wp\/v2\/types\/product"}],"replies":[{"embeddable":true,"href":"https:\/\/luzzyrestaurant.com\/en\/wp-json\/wp\/v2\/comments?post=2800"}],"wp:featuredmedia":[{"embeddable":true,"href":"https:\/\/luzzyrestaurant.com\/en\/wp-json\/wp\/v2\/media\/2982"}],"wp:attachment":[{"href":"https:\/\/luzzyrestaurant.com\/en\/wp-json\/wp\/v2\/media?parent=2800"}],"wp:term":[{"taxonomy":"product_brand","embeddable":true,"href":"https:\/\/luzzyrestaurant.com\/en\/wp-json\/wp\/v2\/product_brand?post=2800"},{"taxonomy":"product_cat","embeddable":true,"href":"https:\/\/luzzyrestaurant.com\/en\/wp-json\/wp\/v2\/product_cat?post=2800"},{"taxonomy":"product_tag","embeddable":true,"href":"https:\/\/luzzyrestaurant.com\/en\/wp-json\/wp\/v2\/product_tag?post=2800"}],"curies":[{"name":"wp","href":"https:\/\/api.w.org\/{rel}","templated":true}]}}