{"id":2799,"date":"2025-12-01T04:43:11","date_gmt":"2025-12-01T01:43:11","guid":{"rendered":"https:\/\/luzzyrestaurant.com\/?post_type=product&#038;p=2799"},"modified":"2025-12-02T21:14:27","modified_gmt":"2025-12-02T18:14:27","slug":"humus","status":"publish","type":"product","link":"https:\/\/luzzyrestaurant.com\/en\/product\/humus\/","title":{"rendered":"Humus"},"content":{"rendered":"<p data-start=\"254\" data-end=\"620\">Luzzy Restaurant\u2019\u0131n \u00f6zenle haz\u0131rlanan <strong data-start=\"292\" data-end=\"301\">Humus<\/strong> mezesi, Akdeniz mutfa\u011f\u0131n\u0131n en sevilen lezzetlerinden birini en do\u011fal haliyle sofran\u0131za getiriyor. \u0130yi kalite nohut, taze tahin, s\u0131zma zeytinya\u011f\u0131, sar\u0131msak ve limonun m\u00fckemmel uyumuyla haz\u0131rlanan bu \u00f6zel meze; ipeksi dokusu ve aromatik tad\u0131yla hem ba\u015flang\u0131\u00e7larda hem ana yemeklerinizin yan\u0131nda nefis bir e\u015flik\u00e7i olur.<\/p>\n<p data-start=\"622\" data-end=\"888\">Krema k\u0131vam\u0131ndaki humusumuz, g\u00fcnl\u00fck ve taze olarak haz\u0131rlan\u0131r. Vegan beslenenler i\u00e7in ideal olan bu lezzet, ekmek \u00fcst\u00fc at\u0131\u015ft\u0131rmal\u0131klardan meze sofralar\u0131na kadar her yerde m\u00fckemmel bir uyum sa\u011flar. Luzzy fark\u0131yla haz\u0131rlanan bu geleneksel tat, damaklarda iz b\u0131rakacak!<\/p>","protected":false},"excerpt":{"rendered":"<p>Luzzy Restaurant\u2019\u0131n taze ve do\u011fal malzemelerle haz\u0131rlad\u0131\u011f\u0131 nefis <strong data-start=\"981\" data-end=\"990\">Humus<\/strong> mezesiyle Akdeniz lezzetini ke\u015ffedin. Yumu\u015fac\u0131k k\u0131vam\u0131 ve aromatik tad\u0131yla sofralar\u0131n\u0131za lezzet kat\u0131n.<\/p>","protected":false},"featured_media":2981,"comment_status":"open","ping_status":"closed","template":"","meta":{"inline_featured_image":false,"_monsterinsights_skip_tracking":false,"_monsterinsights_sitenote_active":false,"_monsterinsights_sitenote_note":"","_monsterinsights_sitenote_category":0},"product_brand":[72],"product_cat":[66],"product_tag":[315,313,319,314,316,317,318],"class_list":{"0":"post-2799","1":"product","2":"type-product","3":"status-publish","4":"has-post-thumbnail","6":"product_brand-luzzy-restaurant","7":"product_cat-mezeler","8":"product_tag-akdeniz-mezeleri","9":"product_tag-humus","10":"product_tag-luzzy-mezeler","11":"product_tag-meze","12":"product_tag-nohutlu-meze","13":"product_tag-tahinli-humus","14":"product_tag-vegan-meze","16":"first","17":"instock","18":"taxable","19":"shipping-taxable","20":"purchasable","21":"product-type-simple"},"aioseo_notices":[],"wcpa_form_fields":null,"_links":{"self":[{"href":"https:\/\/luzzyrestaurant.com\/en\/wp-json\/wp\/v2\/product\/2799","targetHints":{"allow":["GET"]}}],"collection":[{"href":"https:\/\/luzzyrestaurant.com\/en\/wp-json\/wp\/v2\/product"}],"about":[{"href":"https:\/\/luzzyrestaurant.com\/en\/wp-json\/wp\/v2\/types\/product"}],"replies":[{"embeddable":true,"href":"https:\/\/luzzyrestaurant.com\/en\/wp-json\/wp\/v2\/comments?post=2799"}],"wp:featuredmedia":[{"embeddable":true,"href":"https:\/\/luzzyrestaurant.com\/en\/wp-json\/wp\/v2\/media\/2981"}],"wp:attachment":[{"href":"https:\/\/luzzyrestaurant.com\/en\/wp-json\/wp\/v2\/media?parent=2799"}],"wp:term":[{"taxonomy":"product_brand","embeddable":true,"href":"https:\/\/luzzyrestaurant.com\/en\/wp-json\/wp\/v2\/product_brand?post=2799"},{"taxonomy":"product_cat","embeddable":true,"href":"https:\/\/luzzyrestaurant.com\/en\/wp-json\/wp\/v2\/product_cat?post=2799"},{"taxonomy":"product_tag","embeddable":true,"href":"https:\/\/luzzyrestaurant.com\/en\/wp-json\/wp\/v2\/product_tag?post=2799"}],"curies":[{"name":"wp","href":"https:\/\/api.w.org\/{rel}","templated":true}]}}