{"id":2798,"date":"2025-12-01T14:03:24","date_gmt":"2025-12-01T11:03:24","guid":{"rendered":"https:\/\/luzzyrestaurant.com\/?post_type=product&#038;p=2798"},"modified":"2025-12-02T19:43:09","modified_gmt":"2025-12-02T16:43:09","slug":"profiterol","status":"publish","type":"product","link":"https:\/\/luzzyrestaurant.com\/en\/product\/profiterol\/","title":{"rendered":"Profiter\u00f6l"},"content":{"rendered":"<p data-start=\"230\" data-end=\"464\">Luzzy Restaurant\u2019\u0131n \u00f6zel tarifiyle haz\u0131rlanan <strong data-start=\"276\" data-end=\"290\">Profiter\u00f6l<\/strong>, i\u00e7i yumu\u015fac\u0131k kremayla doldurulmu\u015f mini hamur toplar\u0131n\u0131n yo\u011fun \u00e7ikolata sosuyla kapland\u0131\u011f\u0131 enfes bir tatl\u0131d\u0131r. Her lokmada krema ve \u00e7ikolatan\u0131n m\u00fckemmel uyumu hissedilir.<\/p>\n<p data-start=\"466\" data-end=\"772\">Tatl\u0131 krizlerine pratik, hafif ama ayn\u0131 zamanda yo\u011fun lezzet sunan profiter\u00f6l; taze haz\u0131rlanm\u0131\u015f kremas\u0131, dengeli \u015feker oran\u0131 ve kadifemsi \u00e7ikolata sosu ile Tatl\u0131lar kategorisinin vazge\u00e7ilmez favorilerinden biri olmaya aday. Hem g\u00fcnl\u00fck tatl\u0131 keyfinize hem de \u00f6zel anlar\u0131n\u0131za e\u015flik edecek ideal bir se\u00e7imdir.<\/p>","protected":false},"excerpt":{"rendered":"<p>Luzzy Restaurant\u2019\u0131n bol \u00e7ikolatal\u0131 ve krema dolgulu Profiter\u00f6l tatl\u0131s\u0131 ile hafif ve leziz bir tatl\u0131 deneyimi ya\u015fay\u0131n. Tatl\u0131 severler i\u00e7in m\u00fckemmel bir se\u00e7im!<\/p>","protected":false},"featured_media":2950,"comment_status":"open","ping_status":"closed","template":"","meta":{"inline_featured_image":false,"_monsterinsights_skip_tracking":false,"_monsterinsights_sitenote_active":false,"_monsterinsights_sitenote_note":"","_monsterinsights_sitenote_category":0},"product_brand":[72],"product_cat":[68],"product_tag":[251,248,252,249,250,253,244],"class_list":{"0":"post-2798","1":"product","2":"type-product","3":"status-publish","4":"has-post-thumbnail","6":"product_brand-luzzy-restaurant","7":"product_cat-tatlilar","8":"product_tag-cikolatali-tatli","9":"product_tag-hafif-tatli","10":"product_tag-krema-dolgulu-tatli","11":"product_tag-luzzy-tatli-menusu","12":"product_tag-profiterol","13":"product_tag-profiterol-tatlisi","14":"product_tag-tatlilar","16":"first","17":"instock","18":"taxable","19":"shipping-taxable","20":"purchasable","21":"product-type-simple"},"aioseo_notices":[],"wcpa_form_fields":null,"_links":{"self":[{"href":"https:\/\/luzzyrestaurant.com\/en\/wp-json\/wp\/v2\/product\/2798","targetHints":{"allow":["GET"]}}],"collection":[{"href":"https:\/\/luzzyrestaurant.com\/en\/wp-json\/wp\/v2\/product"}],"about":[{"href":"https:\/\/luzzyrestaurant.com\/en\/wp-json\/wp\/v2\/types\/product"}],"replies":[{"embeddable":true,"href":"https:\/\/luzzyrestaurant.com\/en\/wp-json\/wp\/v2\/comments?post=2798"}],"wp:featuredmedia":[{"embeddable":true,"href":"https:\/\/luzzyrestaurant.com\/en\/wp-json\/wp\/v2\/media\/2950"}],"wp:attachment":[{"href":"https:\/\/luzzyrestaurant.com\/en\/wp-json\/wp\/v2\/media?parent=2798"}],"wp:term":[{"taxonomy":"product_brand","embeddable":true,"href":"https:\/\/luzzyrestaurant.com\/en\/wp-json\/wp\/v2\/product_brand?post=2798"},{"taxonomy":"product_cat","embeddable":true,"href":"https:\/\/luzzyrestaurant.com\/en\/wp-json\/wp\/v2\/product_cat?post=2798"},{"taxonomy":"product_tag","embeddable":true,"href":"https:\/\/luzzyrestaurant.com\/en\/wp-json\/wp\/v2\/product_tag?post=2798"}],"curies":[{"name":"wp","href":"https:\/\/api.w.org\/{rel}","templated":true}]}}