{"id":2797,"date":"2025-12-01T04:27:42","date_gmt":"2025-12-01T01:27:42","guid":{"rendered":"https:\/\/luzzyrestaurant.com\/?post_type=product&#038;p=2797"},"modified":"2025-12-02T22:40:43","modified_gmt":"2025-12-02T19:40:43","slug":"korili-tavuklu-fettuccine","status":"publish","type":"product","link":"https:\/\/luzzyrestaurant.com\/en\/product\/korili-tavuklu-fettuccine\/","title":{"rendered":"K\u00f6rili Tavuklu Fettuccine"},"content":{"rendered":"<p>Luzzy Restaurant\u2019\u0131n \u00f6zel tariflerinden <strong data-start=\"159\" data-end=\"188\">K\u00f6rili Tavuklu Fettuccine<\/strong>, \u0130talyan makarnas\u0131n\u0131n ipeksi dokusunu egzotik curry aromas\u0131yla birle\u015ftirerek benzersiz bir lezzet sunar. Al dente k\u0131vam\u0131nda pi\u015firilmi\u015f <strong data-start=\"324\" data-end=\"346\">fettuccine makarna<\/strong>, kremsi sosuyla m\u00fckemmel bir uyum yakalar. Yumu\u015fak <strong data-start=\"398\" data-end=\"413\">tavuk g\u00f6\u011fs\u00fc<\/strong>, taze <strong data-start=\"420\" data-end=\"438\">k\u00fclt\u00fcr mantar\u0131<\/strong> ve aromatik <strong data-start=\"451\" data-end=\"463\" data-is-only-node=\"\">sar\u0131msak<\/strong> makarnan\u0131n lezzetini zenginle\u015ftirirken; \u00f6zenle eklenen <strong data-start=\"519\" data-end=\"528\">curry<\/strong> baharat\u0131 taba\u011fa s\u0131cak, baharatl\u0131 ve hafif egzotik bir karakter kazand\u0131r\u0131r. Taze <strong data-start=\"609\" data-end=\"621\">fesle\u011fen<\/strong>, <strong data-start=\"623\" data-end=\"642\">kokteyl domates<\/strong> ve k\u0131t\u0131r <strong data-start=\"652\" data-end=\"661\">ceviz<\/strong> ferah ve zengin bir dokunu\u015f eklerken; eriyen <strong data-start=\"707\" data-end=\"727\">parmesan peyniri<\/strong> bu \u00f6zel yeme\u011fi m\u00fckemmel \u015fekilde tamamlar.<br data-start=\"769\" data-end=\"772\" \/>Farkl\u0131 tatlar arayan makarna severler i\u00e7in hem doyurucu hem de aromas\u0131 y\u00fcksek bir alternatif olan bu fettuccine, Luzzy Restaurant\u2019\u0131n iddial\u0131 lezzetlerinden biridir.<\/p>","protected":false},"excerpt":{"rendered":"<div id=\"content\">\n<div class=\"content-wrap\">\n<div class=\"card-body menu-category-item menu-category-37\">\n<div class=\"section-menu\" data-id=\"276\" data-name=\"K\u00f6rili Tavuklu Fettuccine\" data-price=\"450.00\u20ba\" data-amount=\"450\" data-description=\"Fettuccine makarna krema, tavuk g\u00f6\u011fs\u00fc, k\u00fclt\u00fcr mantar\u0131, parmesan peyniri, kokteyl domates, curry, fesle\u011fen, ceviz, sar\u0131msak\" data-image-url=\"https:\/\/qrmenurestaurant.com\/storage\/menu\/691a9ee0cc8fa1763352288.png\">\n<div class=\"menu-item list\">\n<div class=\"menu-content\">\n<div class=\"menu-recipe\">Fettuccine makarna krema, tavuk g\u00f6\u011fs\u00fc, k\u00fclt\u00fcr mantar\u0131, parmesan peyniri, kokteyl domates, curry, fesle\u011fen, ceviz, sar\u0131msak<\/div>\n<\/div>\n<\/div>\n<\/div>\n<\/div>\n<\/div>\n<\/div>","protected":false},"featured_media":3002,"comment_status":"open","ping_status":"closed","template":"","meta":{"inline_featured_image":false,"_monsterinsights_skip_tracking":false,"_monsterinsights_sitenote_active":false,"_monsterinsights_sitenote_note":"","_monsterinsights_sitenote_category":0},"product_brand":[72],"product_cat":[63],"product_tag":[388,390,387,389,348,346,345],"class_list":{"0":"post-2797","1":"product","2":"type-product","3":"status-publish","4":"has-post-thumbnail","6":"product_brand-luzzy-restaurant","7":"product_cat-makarnalar","8":"product_tag-curry-makarna","9":"product_tag-egzotik-makarna","10":"product_tag-korili-tavuklu-fettuccine","11":"product_tag-kremali-fettuccine","12":"product_tag-luzzy-makarna","13":"product_tag-parmesanli-makarna","14":"product_tag-tavuklu-makarna","16":"first","17":"instock","18":"taxable","19":"shipping-taxable","20":"purchasable","21":"product-type-simple"},"aioseo_notices":[],"wcpa_form_fields":null,"_links":{"self":[{"href":"https:\/\/luzzyrestaurant.com\/en\/wp-json\/wp\/v2\/product\/2797","targetHints":{"allow":["GET"]}}],"collection":[{"href":"https:\/\/luzzyrestaurant.com\/en\/wp-json\/wp\/v2\/product"}],"about":[{"href":"https:\/\/luzzyrestaurant.com\/en\/wp-json\/wp\/v2\/types\/product"}],"replies":[{"embeddable":true,"href":"https:\/\/luzzyrestaurant.com\/en\/wp-json\/wp\/v2\/comments?post=2797"}],"wp:featuredmedia":[{"embeddable":true,"href":"https:\/\/luzzyrestaurant.com\/en\/wp-json\/wp\/v2\/media\/3002"}],"wp:attachment":[{"href":"https:\/\/luzzyrestaurant.com\/en\/wp-json\/wp\/v2\/media?parent=2797"}],"wp:term":[{"taxonomy":"product_brand","embeddable":true,"href":"https:\/\/luzzyrestaurant.com\/en\/wp-json\/wp\/v2\/product_brand?post=2797"},{"taxonomy":"product_cat","embeddable":true,"href":"https:\/\/luzzyrestaurant.com\/en\/wp-json\/wp\/v2\/product_cat?post=2797"},{"taxonomy":"product_tag","embeddable":true,"href":"https:\/\/luzzyrestaurant.com\/en\/wp-json\/wp\/v2\/product_tag?post=2797"}],"curies":[{"name":"wp","href":"https:\/\/api.w.org\/{rel}","templated":true}]}}