{"id":2795,"date":"2025-12-01T04:29:38","date_gmt":"2025-12-01T01:29:38","guid":{"rendered":"https:\/\/luzzyrestaurant.com\/?post_type=product&#038;p=2795"},"modified":"2025-12-02T22:40:39","modified_gmt":"2025-12-02T19:40:39","slug":"etli-pappardelle","status":"publish","type":"product","link":"https:\/\/luzzyrestaurant.com\/en\/product\/etli-pappardelle\/","title":{"rendered":"Etli Pappardelle"},"content":{"rendered":"<p>Luzzy Restaurant\u2019\u0131n \u00f6zel tariflerinden biri olan <strong data-start=\"167\" data-end=\"187\">Etli Pappardelle<\/strong>, geni\u015f kesimli pappardelle makarnan\u0131n yumu\u015fac\u0131k dana etiyle bulu\u015ftu\u011fu zengin ve doyurucu bir lezzet sunar. Al dente k\u0131vam\u0131nda pi\u015firilen <strong data-start=\"324\" data-end=\"347\">pappardelle makarna<\/strong>, aromatik <strong data-start=\"358\" data-end=\"372\">krema sosu<\/strong>, taze <strong data-start=\"379\" data-end=\"391\">sar\u0131msak<\/strong> ve lezzeti g\u00fc\u00e7lendiren <strong data-start=\"415\" data-end=\"428\" data-is-only-node=\"\">karabiber<\/strong> ile m\u00fckemmel bir uyum yakalar. \u00d6zenle pi\u015firilmi\u015f <strong data-start=\"478\" data-end=\"490\">dana eti<\/strong>, makarnaya yo\u011fun ve tatmin edici bir lezzet katarken; taze <strong data-start=\"550\" data-end=\"562\">fesle\u011fen<\/strong>, <strong data-start=\"564\" data-end=\"576\">maydanoz<\/strong> ve <strong data-start=\"580\" data-end=\"599\">kokteyl domates<\/strong> ferahlat\u0131c\u0131 Akdeniz notalar\u0131 ekler. K\u0131t\u0131r dokulu <strong data-start=\"649\" data-end=\"658\">ceviz<\/strong> ve eriyen <strong data-start=\"669\" data-end=\"689\">parmesan peyniri<\/strong> ile tamamlanan bu \u00f6zel tarif; hem et severlere hem de gurme makarna tutkunlar\u0131na hitap eder.<br data-start=\"782\" data-end=\"785\" \/>Zengin aromal\u0131, tok tutan ve unutulmaz bir makarna ar\u0131yorsan\u0131z Etli Pappardelle tam size g\u00f6re!<\/p>","protected":false},"excerpt":{"rendered":"<div class=\"section-menu\" data-id=\"274\" data-name=\"Etli Pappardelle\" data-price=\"440.00\u20ba\" data-amount=\"440\" data-description=\"Papardella makarna, dana eti, krema, maydanoz, parmesan peyniri, ceviz, karabiber, kokteyl domates, taze fesle\u011fen, sar\u0131msak\" data-image-url=\"https:\/\/qrmenurestaurant.com\/storage\/menu\/691a9e902d6041763352208.png\">\n<div class=\"menu-item list\">\n<div class=\"menu-content\">\n<div class=\"menu-recipe\">Papardella makarna, dana eti, krema, maydanoz, parmesan peyniri, ceviz, karabiber, kokteyl domates, taze fesle\u011fen, sar\u0131msak<\/div>\n<\/div>\n<\/div>\n<\/div>","protected":false},"featured_media":3005,"comment_status":"open","ping_status":"closed","template":"","meta":{"inline_featured_image":false,"_monsterinsights_skip_tracking":false,"_monsterinsights_sitenote_active":false,"_monsterinsights_sitenote_note":"","_monsterinsights_sitenote_category":0},"product_brand":[72],"product_cat":[63],"product_tag":[373,380,379,382,381,348,346],"class_list":{"0":"post-2795","1":"product","2":"type-product","3":"status-publish","4":"has-post-thumbnail","6":"product_brand-luzzy-restaurant","7":"product_cat-makarnalar","8":"product_tag-akdeniz-makarna","9":"product_tag-dana-etli-makarna","10":"product_tag-etli-pappardelle","11":"product_tag-gurme-makarna","12":"product_tag-kremali-pappardelle","13":"product_tag-luzzy-makarna","14":"product_tag-parmesanli-makarna","16":"first","17":"instock","18":"taxable","19":"shipping-taxable","20":"purchasable","21":"product-type-simple"},"aioseo_notices":[],"wcpa_form_fields":null,"_links":{"self":[{"href":"https:\/\/luzzyrestaurant.com\/en\/wp-json\/wp\/v2\/product\/2795","targetHints":{"allow":["GET"]}}],"collection":[{"href":"https:\/\/luzzyrestaurant.com\/en\/wp-json\/wp\/v2\/product"}],"about":[{"href":"https:\/\/luzzyrestaurant.com\/en\/wp-json\/wp\/v2\/types\/product"}],"replies":[{"embeddable":true,"href":"https:\/\/luzzyrestaurant.com\/en\/wp-json\/wp\/v2\/comments?post=2795"}],"wp:featuredmedia":[{"embeddable":true,"href":"https:\/\/luzzyrestaurant.com\/en\/wp-json\/wp\/v2\/media\/3005"}],"wp:attachment":[{"href":"https:\/\/luzzyrestaurant.com\/en\/wp-json\/wp\/v2\/media?parent=2795"}],"wp:term":[{"taxonomy":"product_brand","embeddable":true,"href":"https:\/\/luzzyrestaurant.com\/en\/wp-json\/wp\/v2\/product_brand?post=2795"},{"taxonomy":"product_cat","embeddable":true,"href":"https:\/\/luzzyrestaurant.com\/en\/wp-json\/wp\/v2\/product_cat?post=2795"},{"taxonomy":"product_tag","embeddable":true,"href":"https:\/\/luzzyrestaurant.com\/en\/wp-json\/wp\/v2\/product_tag?post=2795"}],"curies":[{"name":"wp","href":"https:\/\/api.w.org\/{rel}","templated":true}]}}