{"id":2794,"date":"2025-12-01T04:29:59","date_gmt":"2025-12-01T01:29:59","guid":{"rendered":"https:\/\/luzzyrestaurant.com\/?post_type=product&#038;p=2794"},"modified":"2025-12-02T22:40:36","modified_gmt":"2025-12-02T19:40:36","slug":"gnocchi","status":"publish","type":"product","link":"https:\/\/luzzyrestaurant.com\/en\/product\/gnocchi\/","title":{"rendered":"Gnocchi"},"content":{"rendered":"<p>Luzzy Restaurant\u2019\u0131n \u00f6zel yorumuyla haz\u0131rlanan <strong data-start=\"162\" data-end=\"173\">Gnocchi<\/strong>, yumu\u015fac\u0131k patates hamurundan yap\u0131lan bu e\u015fsiz \u0130talyan lezzetini taze ve aromatik malzemelerle bir araya getiriyor. Hafif k\u0131t\u0131r dokulu <strong data-start=\"309\" data-end=\"320\">gnocchi<\/strong>, \u00f6zenle haz\u0131rlanan <strong data-start=\"340\" data-end=\"351\">domates<\/strong>, <strong data-start=\"353\" data-end=\"362\">so\u011fan<\/strong> ve <strong data-start=\"366\" data-end=\"382\" data-is-only-node=\"\">kereviz sap\u0131<\/strong> ile olu\u015fturulmu\u015f aromatik sosla bulu\u015fur. Lezzeti zenginle\u015ftiren <strong data-start=\"447\" data-end=\"459\">sar\u0131msak<\/strong>, <strong data-start=\"461\" data-end=\"474\">karabiber<\/strong> ve taze <strong data-start=\"483\" data-end=\"495\">fesle\u011fen<\/strong> yeme\u011fe canl\u0131 bir Akdeniz esintisi katarken; k\u0131t\u0131r <strong data-start=\"546\" data-end=\"555\">ceviz<\/strong> ve eriyen <strong data-start=\"566\" data-end=\"586\">parmesan peyniri<\/strong> taba\u011f\u0131n karakterini art\u0131r\u0131r. <strong data-start=\"616\" data-end=\"628\">Maydanoz<\/strong> dokunu\u015fu ise gnocchi\u2019nin hafifli\u011fini tamamlar.<br data-start=\"675\" data-end=\"678\" \/>Hem farkl\u0131 tatlar arayanlar hem de \u0130talyan mutfa\u011f\u0131n\u0131n otantik dokusunu sevenler i\u00e7in ideal bir se\u00e7im olan bu \u00f6zel tarif, Luzzy Restaurant kalitesiyle unutulmaz bir makarna deneyimi sunar.<\/p>","protected":false},"excerpt":{"rendered":"<div class=\"section-menu\" data-id=\"273\" data-name=\"Gnocchi\" data-price=\"380.00\u20ba\" data-amount=\"380\" data-description=\"Gnocchi, domates, so\u011fan, kereviz sap\u0131, ceviz, parmesan peyniri, fesle\u011fen, karabiber, sar\u0131msak, maydanoz\" data-image-url=\"https:\/\/qrmenurestaurant.com\/storage\/menu\/691a9e70dc01e1763352176.png\">\n<div class=\"menu-item list\">\n<div class=\"menu-content\">\n<div class=\"menu-recipe\">Gnocchi, domates, so\u011fan, kereviz sap\u0131, ceviz, parmesan peyniri, fesle\u011fen, karabiber, sar\u0131msak, maydanoz<\/div>\n<\/div>\n<\/div>\n<\/div>\n<div class=\"section-menu\" data-id=\"274\" data-name=\"Etli Pappardelle\" data-price=\"440.00\u20ba\" data-amount=\"440\" data-description=\"Papardella makarna, dana eti, krema, maydanoz, parmesan peyniri, ceviz, karabiber, kokteyl domates, taze fesle\u011fen, sar\u0131msak\" data-image-url=\"https:\/\/qrmenurestaurant.com\/storage\/menu\/691a9e902d6041763352208.png\">\n<div class=\"menu-item list\"><\/div>\n<\/div>","protected":false},"featured_media":3006,"comment_status":"open","ping_status":"closed","template":"","meta":{"inline_featured_image":false,"_monsterinsights_skip_tracking":false,"_monsterinsights_sitenote_active":false,"_monsterinsights_sitenote_note":"","_monsterinsights_sitenote_category":0},"product_brand":[72],"product_cat":[63],"product_tag":[378,377,355,375,376,348,346],"class_list":{"0":"post-2794","1":"product","2":"type-product","3":"status-publish","4":"has-post-thumbnail","6":"product_brand-luzzy-restaurant","7":"product_cat-makarnalar","8":"product_tag-akdeniz-tarzi-makarna","9":"product_tag-cevizli-makarna","10":"product_tag-domates-soslu-makarna","11":"product_tag-gnocchi","12":"product_tag-italyan-lezzetleri","13":"product_tag-luzzy-makarna","14":"product_tag-parmesanli-makarna","16":"first","17":"instock","18":"taxable","19":"shipping-taxable","20":"purchasable","21":"product-type-simple"},"aioseo_notices":[],"wcpa_form_fields":null,"_links":{"self":[{"href":"https:\/\/luzzyrestaurant.com\/en\/wp-json\/wp\/v2\/product\/2794","targetHints":{"allow":["GET"]}}],"collection":[{"href":"https:\/\/luzzyrestaurant.com\/en\/wp-json\/wp\/v2\/product"}],"about":[{"href":"https:\/\/luzzyrestaurant.com\/en\/wp-json\/wp\/v2\/types\/product"}],"replies":[{"embeddable":true,"href":"https:\/\/luzzyrestaurant.com\/en\/wp-json\/wp\/v2\/comments?post=2794"}],"wp:featuredmedia":[{"embeddable":true,"href":"https:\/\/luzzyrestaurant.com\/en\/wp-json\/wp\/v2\/media\/3006"}],"wp:attachment":[{"href":"https:\/\/luzzyrestaurant.com\/en\/wp-json\/wp\/v2\/media?parent=2794"}],"wp:term":[{"taxonomy":"product_brand","embeddable":true,"href":"https:\/\/luzzyrestaurant.com\/en\/wp-json\/wp\/v2\/product_brand?post=2794"},{"taxonomy":"product_cat","embeddable":true,"href":"https:\/\/luzzyrestaurant.com\/en\/wp-json\/wp\/v2\/product_cat?post=2794"},{"taxonomy":"product_tag","embeddable":true,"href":"https:\/\/luzzyrestaurant.com\/en\/wp-json\/wp\/v2\/product_tag?post=2794"}],"curies":[{"name":"wp","href":"https:\/\/api.w.org\/{rel}","templated":true}]}}