{"id":2793,"date":"2025-12-01T04:30:25","date_gmt":"2025-12-01T01:30:25","guid":{"rendered":"https:\/\/luzzyrestaurant.com\/?post_type=product&#038;p=2793"},"modified":"2025-12-02T22:40:33","modified_gmt":"2025-12-02T19:40:33","slug":"sebzeli-makarna","status":"publish","type":"product","link":"https:\/\/luzzyrestaurant.com\/en\/product\/sebzeli-makarna\/","title":{"rendered":"Sebzeli Makarna"},"content":{"rendered":"<p>Luzzy Restaurant\u2019\u0131n \u00f6zenle haz\u0131rlad\u0131\u011f\u0131 <strong data-start=\"152\" data-end=\"171\">Sebzeli Makarna<\/strong>, taze sebzelerin aromas\u0131yla zenginle\u015fen hafif ve doyurucu bir makarna alternatifidir. Al dente k\u0131vam\u0131nda pi\u015firilmi\u015f <strong data-start=\"288\" data-end=\"305\">penne makarna<\/strong>, kremsi yap\u0131y\u0131 sa\u011flayan <strong data-start=\"330\" data-end=\"339\">krema<\/strong> ve aromatik <strong data-start=\"352\" data-end=\"364\">sar\u0131msak<\/strong> ile bulu\u015fturulur. \u0130\u00e7erisindeki <strong data-start=\"396\" data-end=\"405\" data-is-only-node=\"\">havu\u00e7<\/strong>, <strong data-start=\"407\" data-end=\"416\">kabak<\/strong> ve <strong data-start=\"420\" data-end=\"439\">renkli biberler<\/strong>, makarnaya hem canl\u0131 bir g\u00f6r\u00fcnt\u00fc hem de zengin bir tat katarken; taze <strong data-start=\"510\" data-end=\"522\">maydanoz<\/strong>, <strong data-start=\"524\" data-end=\"536\">fesle\u011fen<\/strong> ve <strong data-start=\"540\" data-end=\"559\">kokteyl domates<\/strong> ferah bir Akdeniz dokusu olu\u015fturur. <strong data-start=\"596\" data-end=\"605\">Ceviz<\/strong>in hafif k\u0131t\u0131rt\u0131s\u0131 ve <strong data-start=\"627\" data-end=\"647\">parmesan peyniri<\/strong>nin e\u015fsiz aromas\u0131yla tamamlanan bu \u00f6zel tarif, hem sa\u011fl\u0131kl\u0131 hem de lezzetli bir makarna arayanlar i\u00e7in idealdir.<br data-start=\"759\" data-end=\"762\" \/>Renkli, hafif ve aromatik bir lezzet deneyimi i\u00e7in Sebzeli Makarna\u2019y\u0131 hemen ke\u015ffedin!<\/p>","protected":false},"excerpt":{"rendered":"<div class=\"section-menu\" data-id=\"272\" data-name=\"Sebzeli Makarna\" data-price=\"350.00\u20ba\" data-amount=\"350\" data-description=\"Penne makarna fesle\u011fen, ceviz, krema, havu\u00e7, kabak, renkli biberler, maydanoz, kokteyl domates, parmesan peyniri, karabiber, sar\u0131msak\" data-image-url=\"https:\/\/qrmenurestaurant.com\/storage\/menu\/691a9e5438efb1763352148.png\">\n<div class=\"menu-item list\">\n<div class=\"menu-content\">\n<div class=\"menu-recipe\">Penne makarna fesle\u011fen, ceviz, krema, havu\u00e7, kabak, renkli biberler, maydanoz, kokteyl domates, parmesan peyniri, karabiber, sar\u0131msak<\/div>\n<\/div>\n<\/div>\n<\/div>\n<div class=\"section-menu\" data-id=\"273\" data-name=\"Gnocchi\" data-price=\"380.00\u20ba\" data-amount=\"380\" data-description=\"Gnocchi, domates, so\u011fan, kereviz sap\u0131, ceviz, parmesan peyniri, fesle\u011fen, karabiber, sar\u0131msak, maydanoz\" data-image-url=\"https:\/\/qrmenurestaurant.com\/storage\/menu\/691a9e70dc01e1763352176.png\">\n<div class=\"menu-item list\"><\/div>\n<\/div>","protected":false},"featured_media":3007,"comment_status":"open","ping_status":"closed","template":"","meta":{"inline_featured_image":false,"_monsterinsights_skip_tracking":false,"_monsterinsights_sitenote_active":false,"_monsterinsights_sitenote_note":"","_monsterinsights_sitenote_category":0},"product_brand":[72],"product_cat":[63],"product_tag":[373,374,372,348,346,371,370],"class_list":{"0":"post-2793","1":"product","2":"type-product","3":"status-publish","4":"has-post-thumbnail","6":"product_brand-luzzy-restaurant","7":"product_cat-makarnalar","8":"product_tag-akdeniz-makarna","9":"product_tag-hafif-makarna","10":"product_tag-kremali-sebzeli-makarna","11":"product_tag-luzzy-makarna","12":"product_tag-parmesanli-makarna","13":"product_tag-penne-sebzeli","14":"product_tag-sebzeli-makarna","16":"first","17":"instock","18":"taxable","19":"shipping-taxable","20":"purchasable","21":"product-type-simple"},"aioseo_notices":[],"wcpa_form_fields":null,"_links":{"self":[{"href":"https:\/\/luzzyrestaurant.com\/en\/wp-json\/wp\/v2\/product\/2793","targetHints":{"allow":["GET"]}}],"collection":[{"href":"https:\/\/luzzyrestaurant.com\/en\/wp-json\/wp\/v2\/product"}],"about":[{"href":"https:\/\/luzzyrestaurant.com\/en\/wp-json\/wp\/v2\/types\/product"}],"replies":[{"embeddable":true,"href":"https:\/\/luzzyrestaurant.com\/en\/wp-json\/wp\/v2\/comments?post=2793"}],"wp:featuredmedia":[{"embeddable":true,"href":"https:\/\/luzzyrestaurant.com\/en\/wp-json\/wp\/v2\/media\/3007"}],"wp:attachment":[{"href":"https:\/\/luzzyrestaurant.com\/en\/wp-json\/wp\/v2\/media?parent=2793"}],"wp:term":[{"taxonomy":"product_brand","embeddable":true,"href":"https:\/\/luzzyrestaurant.com\/en\/wp-json\/wp\/v2\/product_brand?post=2793"},{"taxonomy":"product_cat","embeddable":true,"href":"https:\/\/luzzyrestaurant.com\/en\/wp-json\/wp\/v2\/product_cat?post=2793"},{"taxonomy":"product_tag","embeddable":true,"href":"https:\/\/luzzyrestaurant.com\/en\/wp-json\/wp\/v2\/product_tag?post=2793"}],"curies":[{"name":"wp","href":"https:\/\/api.w.org\/{rel}","templated":true}]}}