{"id":2792,"date":"2025-12-01T04:30:53","date_gmt":"2025-12-01T01:30:53","guid":{"rendered":"https:\/\/luzzyrestaurant.com\/?post_type=product&#038;p=2792"},"modified":"2025-12-02T22:40:29","modified_gmt":"2025-12-02T19:40:29","slug":"pesto-soslu-makarna","status":"publish","type":"product","link":"https:\/\/luzzyrestaurant.com\/en\/product\/pesto-soslu-makarna\/","title":{"rendered":"Pesto Soslu Makarna"},"content":{"rendered":"<p>Luzzy Restaurant\u2019\u0131n \u00f6zel tarifiyle haz\u0131rlanan <strong data-start=\"161\" data-end=\"184\">Pesto Soslu Makarna<\/strong>, taze fesle\u011fenin aromas\u0131yla zenginle\u015fen hafif, ferah ve olduk\u00e7a lezzetli bir makarna deneyimi sunar. Al dente k\u0131vam\u0131nda pi\u015firilmi\u015f <strong data-start=\"316\" data-end=\"333\">penne makarna<\/strong>, kremsi dokuyu sa\u011flayan <strong data-start=\"358\" data-end=\"367\">krema<\/strong> ve taptaze <strong data-start=\"379\" data-end=\"391\">fesle\u011fen<\/strong>, <strong data-start=\"393\" data-end=\"405\" data-is-only-node=\"\">maydanoz<\/strong> ve <strong data-start=\"409\" data-end=\"421\">sar\u0131msak<\/strong> ile haz\u0131rlanan yo\u011fun pesto sosu ile m\u00fckemmel \u015fekilde harmanlan\u0131r. Lezzeti derinle\u015ftiren <strong data-start=\"510\" data-end=\"519\">ceviz<\/strong> k\u0131t\u0131r bir doku katarken, <strong data-start=\"545\" data-end=\"565\">parmesan peyniri<\/strong> makarnaya zengin bir tat profili kazand\u0131r\u0131r. Taze <strong data-start=\"616\" data-end=\"635\">kokteyl domates<\/strong> ise taba\u011fa canl\u0131l\u0131k ve tazelik katar.<br data-start=\"673\" data-end=\"676\" \/>Hem hafif hem de aromatik bir makarna arayanlar i\u00e7in ideal olan bu pesto lezzetini hemen deneyin!<\/p>","protected":false},"excerpt":{"rendered":"<div class=\"section-menu\" data-id=\"297\" data-name=\"Pesto Soslu Makarna\" data-price=\"450.00\u20ba\" data-amount=\"450\" data-description=\"Penne makarna fesle\u011fen, ceviz, krema, maydanoz, kokteyl domates, parmesan peyniri, karabiber, sar\u0131msak\" data-image-url=\"https:\/\/qrmenurestaurant.com\/storage\/menu\/691aa36f07f5e1763353455.png\">\n<div class=\"menu-item list\">\n<div class=\"menu-content\">\n<div class=\"menu-recipe\">Penne makarna fesle\u011fen, ceviz, krema, maydanoz, kokteyl domates, parmesan peyniri, karabiber, sar\u0131msak<\/div>\n<\/div>\n<\/div>\n<\/div>\n<div class=\"section-menu\" data-id=\"272\" data-name=\"Sebzeli Makarna\" data-price=\"350.00\u20ba\" data-amount=\"350\" data-description=\"Penne makarna fesle\u011fen, ceviz, krema, havu\u00e7, kabak, renkli biberler, maydanoz, kokteyl domates, parmesan peyniri, karabiber, sar\u0131msak\" data-image-url=\"https:\/\/qrmenurestaurant.com\/storage\/menu\/691a9e5438efb1763352148.png\">\n<div class=\"menu-item list\"><\/div>\n<\/div>","protected":false},"featured_media":3008,"comment_status":"open","ping_status":"closed","template":"","meta":{"inline_featured_image":false,"_monsterinsights_skip_tracking":false,"_monsterinsights_sitenote_active":false,"_monsterinsights_sitenote_note":"","_monsterinsights_sitenote_category":0},"product_brand":[72],"product_cat":[63],"product_tag":[369,367,344,348,346,368,366],"class_list":{"0":"post-2792","1":"product","2":"type-product","3":"status-publish","4":"has-post-thumbnail","6":"product_brand-luzzy-restaurant","7":"product_cat-makarnalar","8":"product_tag-akdeniz-lezzeti","9":"product_tag-feslegenli-makarna","10":"product_tag-kremali-makarna","11":"product_tag-luzzy-makarna","12":"product_tag-parmesanli-makarna","13":"product_tag-penne-makarna","14":"product_tag-pesto-soslu-makarna","16":"first","17":"instock","18":"taxable","19":"shipping-taxable","20":"purchasable","21":"product-type-simple"},"aioseo_notices":[],"wcpa_form_fields":null,"_links":{"self":[{"href":"https:\/\/luzzyrestaurant.com\/en\/wp-json\/wp\/v2\/product\/2792","targetHints":{"allow":["GET"]}}],"collection":[{"href":"https:\/\/luzzyrestaurant.com\/en\/wp-json\/wp\/v2\/product"}],"about":[{"href":"https:\/\/luzzyrestaurant.com\/en\/wp-json\/wp\/v2\/types\/product"}],"replies":[{"embeddable":true,"href":"https:\/\/luzzyrestaurant.com\/en\/wp-json\/wp\/v2\/comments?post=2792"}],"wp:featuredmedia":[{"embeddable":true,"href":"https:\/\/luzzyrestaurant.com\/en\/wp-json\/wp\/v2\/media\/3008"}],"wp:attachment":[{"href":"https:\/\/luzzyrestaurant.com\/en\/wp-json\/wp\/v2\/media?parent=2792"}],"wp:term":[{"taxonomy":"product_brand","embeddable":true,"href":"https:\/\/luzzyrestaurant.com\/en\/wp-json\/wp\/v2\/product_brand?post=2792"},{"taxonomy":"product_cat","embeddable":true,"href":"https:\/\/luzzyrestaurant.com\/en\/wp-json\/wp\/v2\/product_cat?post=2792"},{"taxonomy":"product_tag","embeddable":true,"href":"https:\/\/luzzyrestaurant.com\/en\/wp-json\/wp\/v2\/product_tag?post=2792"}],"curies":[{"name":"wp","href":"https:\/\/api.w.org\/{rel}","templated":true}]}}