{"id":2790,"date":"2025-12-01T04:32:38","date_gmt":"2025-12-01T01:32:38","guid":{"rendered":"https:\/\/luzzyrestaurant.com\/?post_type=product&#038;p=2790"},"modified":"2025-12-02T22:40:23","modified_gmt":"2025-12-02T19:40:23","slug":"mac-and-cheese-doritos","status":"publish","type":"product","link":"https:\/\/luzzyrestaurant.com\/en\/product\/mac-and-cheese-doritos\/","title":{"rendered":"Mac And Cheese &#038; Doritos"},"content":{"rendered":"<p>Luzzy Restaurant\u2019\u0131n farkl\u0131 lezzet arayanlar i\u00e7in tasarlad\u0131\u011f\u0131 <strong data-start=\"174\" data-end=\"202\">Mac and Cheese &amp; Doritos<\/strong>, klasik Amerikan peynirli makarnas\u0131n\u0131 daha da lezzetli hale getiren \u00f6zel bir yorum sunuyor. Bukle formundaki <strong data-start=\"312\" data-end=\"323\">makarna<\/strong>, yo\u011fun aromal\u0131 <strong data-start=\"339\" data-end=\"354\">cheddar sos<\/strong> ve eriyen <strong data-start=\"365\" data-end=\"385\">parmesan peyniri<\/strong> ile bulu\u015farak kremams\u0131 bir dokuya kavu\u015fur. Taze <strong data-start=\"434\" data-end=\"446\" data-is-only-node=\"\">fesle\u011fen<\/strong>, <strong data-start=\"448\" data-end=\"467\">kokteyl domates<\/strong> ve hafif k\u0131t\u0131r dokulu <strong data-start=\"490\" data-end=\"499\">ceviz<\/strong> makarnaya ferahl\u0131k ve zenginlik katarken; \u00fczerine eklenen <strong data-start=\"558\" data-end=\"579\">Doritos par\u00e7alar\u0131<\/strong> her lokmada s\u00fcrpriz bir \u00e7\u0131t\u0131rl\u0131k sa\u011flar.<br data-start=\"620\" data-end=\"623\" \/>Hem yenilik\u00e7i hem de doyurucu bu enfes makarna; peynir tutkunlar\u0131 ve farkl\u0131 dokular\u0131 bir arada sevenler i\u00e7in harika bir tercihtir. Luzzy kalitesiyle haz\u0131rlanan bu \u00f6zel lezzeti mutlaka deneyin!<\/p>","protected":false},"excerpt":{"rendered":"<div class=\"section-menu\" data-id=\"269\" data-name=\"Mac And Cheese &amp; Doritos\" data-price=\"375.00\u20ba\" data-amount=\"375\" data-description=\"Bukle makarna, cheddar sos, parmesan peyniri, kokteyl domates, fesle\u011fen, ceviz, karabiber, doritos\" data-image-url=\"https:\/\/qrmenurestaurant.com\/storage\/menu\/691a9de7b44011763352039.png\">\n<div class=\"menu-item list\">\n<div class=\"menu-content\">\n<div class=\"menu-recipe\">Bukle makarna, cheddar sos, parmesan peyniri, kokteyl domates, fesle\u011fen, ceviz, karabiber, doritos<\/div>\n<\/div>\n<\/div>\n<\/div>\n<div class=\"section-menu\" data-id=\"270\" data-name=\"Deniz Mahsull\u00fc Fettuccine\" data-price=\"330.00\u20ba\" data-amount=\"330\" data-description=\"\u00c7im\u00e7im karides, midye i\u00e7i, fettuccine makarna, krema, parmesan peyniri, ceviz, kokteyl domates, fesle\u011fen, karabiber, sar\u0131msak\" data-image-url=\"https:\/\/qrmenurestaurant.com\/storage\/menu\/691a9e143518a1763352084.png\">\n<div class=\"menu-item list\"><\/div>\n<\/div>","protected":false},"featured_media":3010,"comment_status":"open","ping_status":"closed","template":"","meta":{"inline_featured_image":false,"_monsterinsights_skip_tracking":false,"_monsterinsights_sitenote_active":false,"_monsterinsights_sitenote_note":"","_monsterinsights_sitenote_category":0},"product_brand":[72],"product_cat":[63],"product_tag":[360,359,361,358,348,357,346],"class_list":{"0":"post-2790","1":"product","2":"type-product","3":"status-publish","4":"has-post-thumbnail","6":"product_brand-luzzy-restaurant","7":"product_cat-makarnalar","8":"product_tag-amerikan-makarnasi","9":"product_tag-cheddar-soslu-makarna","10":"product_tag-citir-makarna","11":"product_tag-doritoslu-makarna","12":"product_tag-luzzy-makarna","13":"product_tag-mac-and-cheese-doritos","14":"product_tag-parmesanli-makarna","16":"first","17":"instock","18":"taxable","19":"shipping-taxable","20":"purchasable","21":"product-type-simple"},"aioseo_notices":[],"wcpa_form_fields":null,"_links":{"self":[{"href":"https:\/\/luzzyrestaurant.com\/en\/wp-json\/wp\/v2\/product\/2790","targetHints":{"allow":["GET"]}}],"collection":[{"href":"https:\/\/luzzyrestaurant.com\/en\/wp-json\/wp\/v2\/product"}],"about":[{"href":"https:\/\/luzzyrestaurant.com\/en\/wp-json\/wp\/v2\/types\/product"}],"replies":[{"embeddable":true,"href":"https:\/\/luzzyrestaurant.com\/en\/wp-json\/wp\/v2\/comments?post=2790"}],"wp:featuredmedia":[{"embeddable":true,"href":"https:\/\/luzzyrestaurant.com\/en\/wp-json\/wp\/v2\/media\/3010"}],"wp:attachment":[{"href":"https:\/\/luzzyrestaurant.com\/en\/wp-json\/wp\/v2\/media?parent=2790"}],"wp:term":[{"taxonomy":"product_brand","embeddable":true,"href":"https:\/\/luzzyrestaurant.com\/en\/wp-json\/wp\/v2\/product_brand?post=2790"},{"taxonomy":"product_cat","embeddable":true,"href":"https:\/\/luzzyrestaurant.com\/en\/wp-json\/wp\/v2\/product_cat?post=2790"},{"taxonomy":"product_tag","embeddable":true,"href":"https:\/\/luzzyrestaurant.com\/en\/wp-json\/wp\/v2\/product_tag?post=2790"}],"curies":[{"name":"wp","href":"https:\/\/api.w.org\/{rel}","templated":true}]}}