{"id":2788,"date":"2025-12-01T04:33:50","date_gmt":"2025-12-01T01:33:50","guid":{"rendered":"https:\/\/luzzyrestaurant.com\/?post_type=product&#038;p=2788"},"modified":"2025-12-02T22:40:18","modified_gmt":"2025-12-02T19:40:18","slug":"spaghetti-bolognese","status":"publish","type":"product","link":"https:\/\/luzzyrestaurant.com\/en\/product\/spaghetti-bolognese\/","title":{"rendered":"Spaghetti Bolognese"},"content":{"rendered":"<p>Luzzy Restaurant\u2019\u0131n \u00f6zenle haz\u0131rlad\u0131\u011f\u0131 <strong data-start=\"141\" data-end=\"164\">Spaghetti Bolognese<\/strong>, geleneksel \u0130talyan mutfa\u011f\u0131n\u0131n en sevilen tariflerinden biridir. Al dente k\u0131vam\u0131nda <strong data-start=\"249\" data-end=\"270\">spaghetti makarna<\/strong>, aromas\u0131 y\u00fcksek \u00f6zel <strong data-start=\"292\" data-end=\"310\">Bolognese sosu<\/strong> ile bulu\u015fur. Sosun temelini olu\u015fturan <strong data-start=\"349\" data-end=\"358\">k\u0131yma<\/strong>, <strong data-start=\"360\" data-end=\"369\" data-is-only-node=\"\">havu\u00e7<\/strong>, <strong data-start=\"371\" data-end=\"387\">kereviz sap\u0131<\/strong>, <strong data-start=\"389\" data-end=\"398\">so\u011fan<\/strong> ve <strong data-start=\"402\" data-end=\"413\">domates<\/strong> uzun s\u00fcre pi\u015firilerek lezzeti derinle\u015ftirilir. Taze <strong data-start=\"466\" data-end=\"478\">fesle\u011fen<\/strong>, <strong data-start=\"480\" data-end=\"492\">maydanoz<\/strong>, <strong data-start=\"494\" data-end=\"513\">kokteyl domates<\/strong> ve sar\u0131msa\u011f\u0131n aromas\u0131 yeme\u011fe ferahl\u0131k ve zenginlik katar. \u00dczerine serpi\u015ftirilen <strong data-start=\"594\" data-end=\"614\">parmesan peyniri<\/strong> ile tamamlanan bu klasik lezzet; k\u0131vam\u0131, kokusu ve doyuruculu\u011fuyla ger\u00e7ek bir Bolognese deneyimi sunar.<br data-start=\"718\" data-end=\"721\" \/>\u0130talyan esintisini sofran\u0131za ta\u015f\u0131yan bu \u00f6zel makarnay\u0131 hemen ke\u015ffedin!<\/p>","protected":false},"excerpt":{"rendered":"<div class=\"section-menu\" data-id=\"267\" data-name=\"Spaghetti Bolognese\" data-price=\"450.00\u20ba\" data-amount=\"450\" data-description=\"Spaghetti makarna, k\u0131yma, havu\u00e7, domates, kereviz sap\u0131, so\u011fan, parmesan, maydanoz, kokteyl domates, fesle\u011fen, sar\u0131msak, karabiber, tuz\" data-image-url=\"https:\/\/qrmenurestaurant.com\/storage\/menu\/691a9da2451641763351970.png\">\n<div class=\"menu-item list\">\n<div class=\"menu-content\">\n<div class=\"menu-recipe\">Spaghetti makarna, k\u0131yma, havu\u00e7, domates, kereviz sap\u0131, so\u011fan, parmesan, maydanoz, kokteyl domates, fesle\u011fen, sar\u0131msak, karabiber, tuz<\/div>\n<\/div>\n<\/div>\n<\/div>\n<div class=\"section-menu\" data-id=\"268\" data-name=\"Penne Arrabbiata\" data-price=\"350.00\u20ba\" data-amount=\"350\" data-description=\"Penne makarna, domates, kereviz sap\u0131, so\u011fan, siyah dilim zeytin, parmesan peyniri, maydanoz, sriracha sos, karabiber, sar\u0131msak, fesle\u011fen\" data-image-url=\"https:\/\/qrmenurestaurant.com\/storage\/menu\/691a9dc99bb031763352009.png\">\n<div class=\"menu-item list\"><\/div>\n<\/div>","protected":false},"featured_media":3012,"comment_status":"open","ping_status":"closed","template":"","meta":{"inline_featured_image":false,"_monsterinsights_skip_tracking":false,"_monsterinsights_sitenote_active":false,"_monsterinsights_sitenote_note":"","_monsterinsights_sitenote_category":0},"product_brand":[72],"product_cat":[63],"product_tag":[350,351,347,352,348,346,349],"class_list":{"0":"post-2788","1":"product","2":"type-product","3":"status-publish","4":"has-post-thumbnail","6":"product_brand-luzzy-restaurant","7":"product_cat-makarnalar","8":"product_tag-bolognese-sos","9":"product_tag-etli-makarna","10":"product_tag-italyan-makarnasi","11":"product_tag-klasik-makarna","12":"product_tag-luzzy-makarna","13":"product_tag-parmesanli-makarna","14":"product_tag-spaghetti-bolognese","16":"first","17":"instock","18":"taxable","19":"shipping-taxable","20":"purchasable","21":"product-type-simple"},"aioseo_notices":[],"wcpa_form_fields":null,"_links":{"self":[{"href":"https:\/\/luzzyrestaurant.com\/en\/wp-json\/wp\/v2\/product\/2788","targetHints":{"allow":["GET"]}}],"collection":[{"href":"https:\/\/luzzyrestaurant.com\/en\/wp-json\/wp\/v2\/product"}],"about":[{"href":"https:\/\/luzzyrestaurant.com\/en\/wp-json\/wp\/v2\/types\/product"}],"replies":[{"embeddable":true,"href":"https:\/\/luzzyrestaurant.com\/en\/wp-json\/wp\/v2\/comments?post=2788"}],"wp:featuredmedia":[{"embeddable":true,"href":"https:\/\/luzzyrestaurant.com\/en\/wp-json\/wp\/v2\/media\/3012"}],"wp:attachment":[{"href":"https:\/\/luzzyrestaurant.com\/en\/wp-json\/wp\/v2\/media?parent=2788"}],"wp:term":[{"taxonomy":"product_brand","embeddable":true,"href":"https:\/\/luzzyrestaurant.com\/en\/wp-json\/wp\/v2\/product_brand?post=2788"},{"taxonomy":"product_cat","embeddable":true,"href":"https:\/\/luzzyrestaurant.com\/en\/wp-json\/wp\/v2\/product_cat?post=2788"},{"taxonomy":"product_tag","embeddable":true,"href":"https:\/\/luzzyrestaurant.com\/en\/wp-json\/wp\/v2\/product_tag?post=2788"}],"curies":[{"name":"wp","href":"https:\/\/api.w.org\/{rel}","templated":true}]}}