{"id":2787,"date":"2025-12-01T04:34:30","date_gmt":"2025-12-01T01:34:30","guid":{"rendered":"https:\/\/luzzyrestaurant.com\/?post_type=product&#038;p=2787"},"modified":"2025-12-02T22:40:17","modified_gmt":"2025-12-02T19:40:17","slug":"tavuklu-fettuccine-alfredo","status":"publish","type":"product","link":"https:\/\/luzzyrestaurant.com\/en\/product\/tavuklu-fettuccine-alfredo\/","title":{"rendered":"Tavuklu Fettuccine Alfredo"},"content":{"rendered":"<p>Luzzy Restaurant\u2019\u0131n \u00f6zel tarifinden haz\u0131rlanan <strong data-start=\"155\" data-end=\"185\">Tavuklu Fettuccine Alfredo<\/strong>, \u0130talyan mutfa\u011f\u0131n\u0131n klasik lezzetini modern bir dokunu\u015fla sofran\u0131za getiriyor. Taze <strong data-start=\"270\" data-end=\"292\">fettuccine makarna<\/strong>, yo\u011fun aromal\u0131 <strong data-start=\"308\" data-end=\"322\">krema sosu<\/strong>, yumu\u015fak <strong data-start=\"332\" data-end=\"347\">tavuk g\u00f6\u011fs\u00fc<\/strong>, taptaze <strong data-start=\"357\" data-end=\"375\" data-is-only-node=\"\">k\u00fclt\u00fcr mantar\u0131<\/strong>, lezzeti zenginle\u015ftiren <strong data-start=\"400\" data-end=\"420\">parmesan peyniri<\/strong>, taze <strong data-start=\"427\" data-end=\"439\">fesle\u011fen<\/strong>, hafif tatl\u0131 dokunu\u015f sa\u011flayan <strong data-start=\"470\" data-end=\"489\">kokteyl domates<\/strong> ve k\u0131t\u0131rl\u0131k katan <strong data-start=\"508\" data-end=\"517\">ceviz<\/strong> ile \u00f6zenle haz\u0131rlan\u0131r. Sar\u0131msa\u011f\u0131n aromas\u0131yla b\u00fct\u00fcnle\u015fen bu \u00f6zel makarna, hem doyurucu hem de gurme bir yemek deneyimi sunar.<br data-start=\"642\" data-end=\"645\" \/>Makarna severlerin vazge\u00e7ilmezi olmaya aday bu lezzeti hemen sipari\u015f edin ve ger\u00e7ek bir Alfredo keyfi ya\u015fay\u0131n!<\/p>","protected":false},"excerpt":{"rendered":"<div class=\"section-menu\" data-id=\"266\" data-name=\"Tavuklu Fettuccine Alfredo\" data-price=\"500.00\u20ba\" data-amount=\"500\" data-description=\"Fettuccine makarna krema, tavuk g\u00f6\u011fs\u00fc, k\u00fclt\u00fcr mantar\u0131, parmesan peyniri, kokteyl domates, fesle\u011fen, ceviz, sar\u0131msak\" data-image-url=\"https:\/\/qrmenurestaurant.com\/storage\/menu\/691a9d7932b231763351929.png\">\n<div class=\"menu-item list\">\n<div class=\"menu-content\">\n<div class=\"menu-recipe\">Fettuccine makarna krema, tavuk g\u00f6\u011fs\u00fc, k\u00fclt\u00fcr mantar\u0131, parmesan peyniri, kokteyl domates, fesle\u011fen, ceviz, sar\u0131msak<\/div>\n<\/div>\n<\/div>\n<\/div>\n<div class=\"section-menu\" data-id=\"267\" data-name=\"Spaghetti Bolognese\" data-price=\"450.00\u20ba\" data-amount=\"450\" data-description=\"Spaghetti makarna, k\u0131yma, havu\u00e7, domates, kereviz sap\u0131, so\u011fan, parmesan, maydanoz, kokteyl domates, fesle\u011fen, sar\u0131msak, karabiber, tuz\" data-image-url=\"https:\/\/qrmenurestaurant.com\/storage\/menu\/691a9da2451641763351970.png\">\n<div class=\"menu-item list\"><\/div>\n<\/div>","protected":false},"featured_media":3013,"comment_status":"open","ping_status":"closed","template":"","meta":{"inline_featured_image":false,"_monsterinsights_skip_tracking":false,"_monsterinsights_sitenote_active":false,"_monsterinsights_sitenote_note":"","_monsterinsights_sitenote_category":0},"product_brand":[72],"product_cat":[63],"product_tag":[343,347,344,348,346,342,345],"class_list":{"0":"post-2787","1":"product","2":"type-product","3":"status-publish","4":"has-post-thumbnail","6":"product_brand-luzzy-restaurant","7":"product_cat-makarnalar","8":"product_tag-alfredo-makarna","9":"product_tag-italyan-makarnasi","10":"product_tag-kremali-makarna","11":"product_tag-luzzy-makarna","12":"product_tag-parmesanli-makarna","13":"product_tag-tavuklu-fettuccine-alfredo","14":"product_tag-tavuklu-makarna","16":"first","17":"instock","18":"taxable","19":"shipping-taxable","20":"purchasable","21":"product-type-simple"},"aioseo_notices":[],"wcpa_form_fields":null,"_links":{"self":[{"href":"https:\/\/luzzyrestaurant.com\/en\/wp-json\/wp\/v2\/product\/2787","targetHints":{"allow":["GET"]}}],"collection":[{"href":"https:\/\/luzzyrestaurant.com\/en\/wp-json\/wp\/v2\/product"}],"about":[{"href":"https:\/\/luzzyrestaurant.com\/en\/wp-json\/wp\/v2\/types\/product"}],"replies":[{"embeddable":true,"href":"https:\/\/luzzyrestaurant.com\/en\/wp-json\/wp\/v2\/comments?post=2787"}],"wp:featuredmedia":[{"embeddable":true,"href":"https:\/\/luzzyrestaurant.com\/en\/wp-json\/wp\/v2\/media\/3013"}],"wp:attachment":[{"href":"https:\/\/luzzyrestaurant.com\/en\/wp-json\/wp\/v2\/media?parent=2787"}],"wp:term":[{"taxonomy":"product_brand","embeddable":true,"href":"https:\/\/luzzyrestaurant.com\/en\/wp-json\/wp\/v2\/product_brand?post=2787"},{"taxonomy":"product_cat","embeddable":true,"href":"https:\/\/luzzyrestaurant.com\/en\/wp-json\/wp\/v2\/product_cat?post=2787"},{"taxonomy":"product_tag","embeddable":true,"href":"https:\/\/luzzyrestaurant.com\/en\/wp-json\/wp\/v2\/product_tag?post=2787"}],"curies":[{"name":"wp","href":"https:\/\/api.w.org\/{rel}","templated":true}]}}