{"id":2786,"date":"2025-12-01T14:03:13","date_gmt":"2025-12-01T11:03:13","guid":{"rendered":"https:\/\/luzzyrestaurant.com\/?post_type=product&#038;p=2786"},"modified":"2025-12-02T19:43:05","modified_gmt":"2025-12-02T16:43:05","slug":"kazandibi","status":"publish","type":"product","link":"https:\/\/luzzyrestaurant.com\/en\/product\/kazandibi\/","title":{"rendered":"Kazandibi"},"content":{"rendered":"<p data-start=\"224\" data-end=\"509\">Luzzy Restaurant\u2019\u0131n ustal\u0131kla haz\u0131rlad\u0131\u011f\u0131 <strong data-start=\"266\" data-end=\"279\">Kazandibi<\/strong>, T\u00fcrk mutfa\u011f\u0131n\u0131n en sevilen s\u00fctl\u00fc tatl\u0131lar\u0131ndan biridir. \u00d6zenle haz\u0131rlanan muhallebinin alt k\u0131sm\u0131n\u0131n karamelize edilerek hafif\u00e7e yak\u0131lmas\u0131yla olu\u015fan bu \u00f6zel lezzet, hem k\u0131vam\u0131 hem de aromas\u0131yla damakta unutulmaz bir iz b\u0131rak\u0131r.<\/p>\n<p data-start=\"511\" data-end=\"759\">Yumu\u015fak dokusu, hafif tatl\u0131l\u0131\u011f\u0131 ve karamelize y\u00fczeyinin verdi\u011fi e\u015fsiz aroma ile Kazandibi; tatl\u0131 krizlerine hafif ama karakterli bir se\u00e7enek arayanlar i\u00e7in m\u00fckemmel bir tercihtir. Tatl\u0131lar kategorisinin zarif ve klasik lezzetleri aras\u0131nda yer al\u0131r.<\/p>","protected":false},"excerpt":{"rendered":"<p data-start=\"787\" data-end=\"956\">Luzzy Restaurant\u2019\u0131n karamelize y\u00fczeyi ve hafif k\u0131vam\u0131yla \u00f6ne \u00e7\u0131kan Kazandibi tatl\u0131s\u0131 ile geleneksel s\u00fctl\u00fc lezzeti ke\u015ffedin. Hafif, do\u011fal ve unutulmaz bir tatl\u0131 deneyimi!<\/p>","protected":false},"featured_media":2951,"comment_status":"open","ping_status":"closed","template":"","meta":{"inline_featured_image":false,"_monsterinsights_skip_tracking":false,"_monsterinsights_sitenote_active":false,"_monsterinsights_sitenote_note":"","_monsterinsights_sitenote_category":0},"product_brand":[72],"product_cat":[68],"product_tag":[247,248,246,243,249,245,244],"class_list":{"0":"post-2786","1":"product","2":"type-product","3":"status-publish","4":"has-post-thumbnail","6":"product_brand-luzzy-restaurant","7":"product_cat-tatlilar","8":"product_tag-geleneksel-tatli","9":"product_tag-hafif-tatli","10":"product_tag-karamelize-tatli","11":"product_tag-kazandibi","12":"product_tag-luzzy-tatli-menusu","13":"product_tag-sutlu-tatli","14":"product_tag-tatlilar","16":"first","17":"instock","18":"taxable","19":"shipping-taxable","20":"purchasable","21":"product-type-simple"},"aioseo_notices":[],"wcpa_form_fields":null,"_links":{"self":[{"href":"https:\/\/luzzyrestaurant.com\/en\/wp-json\/wp\/v2\/product\/2786","targetHints":{"allow":["GET"]}}],"collection":[{"href":"https:\/\/luzzyrestaurant.com\/en\/wp-json\/wp\/v2\/product"}],"about":[{"href":"https:\/\/luzzyrestaurant.com\/en\/wp-json\/wp\/v2\/types\/product"}],"replies":[{"embeddable":true,"href":"https:\/\/luzzyrestaurant.com\/en\/wp-json\/wp\/v2\/comments?post=2786"}],"wp:featuredmedia":[{"embeddable":true,"href":"https:\/\/luzzyrestaurant.com\/en\/wp-json\/wp\/v2\/media\/2951"}],"wp:attachment":[{"href":"https:\/\/luzzyrestaurant.com\/en\/wp-json\/wp\/v2\/media?parent=2786"}],"wp:term":[{"taxonomy":"product_brand","embeddable":true,"href":"https:\/\/luzzyrestaurant.com\/en\/wp-json\/wp\/v2\/product_brand?post=2786"},{"taxonomy":"product_cat","embeddable":true,"href":"https:\/\/luzzyrestaurant.com\/en\/wp-json\/wp\/v2\/product_cat?post=2786"},{"taxonomy":"product_tag","embeddable":true,"href":"https:\/\/luzzyrestaurant.com\/en\/wp-json\/wp\/v2\/product_tag?post=2786"}],"curies":[{"name":"wp","href":"https:\/\/api.w.org\/{rel}","templated":true}]}}