{"id":2785,"date":"2025-12-01T03:08:54","date_gmt":"2025-12-01T00:08:54","guid":{"rendered":"https:\/\/luzzyrestaurant.com\/?post_type=product&#038;p=2785"},"modified":"2025-12-02T14:25:58","modified_gmt":"2025-12-02T11:25:58","slug":"cheddar-soslu-tavuk","status":"publish","type":"product","link":"https:\/\/luzzyrestaurant.com\/en\/product\/cheddar-soslu-tavuk\/","title":{"rendered":"Cheddar Soslu Tavuk"},"content":{"rendered":"<p data-start=\"246\" data-end=\"569\">Peynir severler i\u00e7in haz\u0131rlanm\u0131\u015f enfes bir lezzet olan <strong data-start=\"301\" data-end=\"324\">Cheddar Soslu Tavuk<\/strong>, 120 g tavuk bonfilenin sotelenmi\u015f renkli biberler ve mantar ile bulu\u015fmas\u0131yla ba\u015flar. \u00dczerine eklenen yo\u011fun aromal\u0131 <strong data-start=\"441\" data-end=\"456\">cheddar sos<\/strong>, tavu\u011fa benzersiz bir lezzet katarken mozzarella peyniriyle birle\u015ferek kremams\u0131 ve doyurucu bir k\u0131vam olu\u015fturur.<\/p>\n<p data-start=\"571\" data-end=\"885\">Yan\u0131nda servis edilen \u00e7\u0131t\u0131r patates ve tercih edece\u011finiz i\u00e7ecekle tam bir men\u00fc b\u00fct\u00fcnl\u00fc\u011f\u00fc sa\u011flayan bu tabak, g\u00fcn\u00fcn her saatinde hem pratik hem de lezzet dolu bir \u00f6\u011f\u00fcn arayanlar i\u00e7in m\u00fckemmel bir tercihtir. Cheddar sosun kendine \u00f6zg\u00fc yo\u011fun aromas\u0131, bu men\u00fcy\u00fc di\u011fer tavuk se\u00e7eneklerinden ayr\u0131\u015ft\u0131ran en g\u00fc\u00e7l\u00fc detayd\u0131r.<\/p>","protected":false},"excerpt":{"rendered":"<div id=\"content\">\n<div class=\"content-wrap\">\n<div class=\"card-body menu-category-item menu-category-36\">\n<div class=\"section-menu\" data-id=\"240\" data-name=\"Cheddar Soslu Tavuk\" data-price=\"405.00\u20ba\" data-amount=\"405\" data-description=\"120 g tavuk bonfile, sotelenmi\u015f renkli biber, mantar, cheddar sos, mozzarella, patates ve i\u00e7ecek ile\" data-image-url=\"https:\/\/qrmenurestaurant.com\/storage\/menu\/691a9a73ab5f21763351155.png\">\n<div class=\"menu-item list\">\n<div class=\"menu-content\">\n<div class=\"menu-recipe\">\n<p>120 g tavuk bonfile, sotelenmi\u015f renkli biber, mantar, cheddar sos, mozzarella, patates ve Tercih edece\u011finiz bir i\u00e7ecek ile<\/p>\n<\/div>\n<\/div>\n<\/div>\n<\/div>\n<\/div>\n<\/div>\n<\/div>\n<div class=\"bg-dark\"><\/div>","protected":false},"featured_media":2907,"comment_status":"open","ping_status":"closed","template":"","meta":{"inline_featured_image":false,"_monsterinsights_skip_tracking":false,"_monsterinsights_sitenote_active":false,"_monsterinsights_sitenote_note":"","_monsterinsights_sitenote_category":0},"product_brand":[72],"product_cat":[62],"product_tag":[174,180,178,176,175,179,177],"class_list":{"0":"post-2785","1":"product","2":"type-product","3":"status-publish","4":"has-post-thumbnail","6":"product_brand-luzzy-restaurant","7":"product_cat-wrap-menu","8":"product_tag-cheddar-soslu-tavuk","9":"product_tag-luzzy-tavuk-lezzetleri","10":"product_tag-mantarli-tavuk","11":"product_tag-mozzarella-tavuk","12":"product_tag-peynirli-tavuk","13":"product_tag-renkli-biberli-tavuk","14":"product_tag-sotelenmis-tavuk","15":"wcpa_has_options","17":"first","18":"instock","19":"taxable","20":"shipping-taxable","21":"purchasable","22":"product-type-simple"},"aioseo_notices":[],"wcpa_form_fields":{"wcpaData":{"product":{"product_price":405,"price_html":"<span class=\"woocommerce-Price-amount amount\"><bdi><span class=\"woocommerce-Price-currencySymbol\">&#8378;<\/span>405,00<\/bdi><\/span>","original_product_price":405,"price_including_tax":405,"price_excluding_tax":368.1818180000000211293809115886688232421875,"product_id":{"parent":2785,"variation":false},"is_variable":false,"stock_status":"instock","stock_quantity":null,"parent_sku":"","product_attributes":[],"custom_fields":[],"is_taxable":true,"product_name":"Cheddar Soslu Tavuk"},"fields":{"sec_5692db8a1e947b":{"extra":{"key":"sec_5692db8a1e947b","section_id":"sec_5692db8a1e947b","name":"Default","status":1,"cl_rule":"show","enableCl":false,"relations":[],"toggle":true,"title_tag":"h3","show_title":false,"showPrice":"default","form_id":2872,"form_rules":{"exclude_from_discount":false,"fee_label":"\u00dccret","disp_hide_options_price":false,"disp_show_section_price":false,"disp_show_field_price":true,"layout_option":"standard","pric_use_as_fee":false,"process_fee_as":"woo_fee"},"layout_option":"standard"},"fields":[[{"active":true,"col":6,"relations":false,"cl_rule":"show","enableCl":false,"price":"","enablePrice":false,"className":"","label_position":"default","desc_position":"default","type":"radio-group","required":true,"elementId":"radio_6040891181","label":"\u0130\u00e7ece\u011finizi Se\u00e7in L\u00fctfen","name":"radio_6040891181","values":[{"label":" Coca Cola","value":"Coca Cola","selected":true,"tempId":"aco_704","gt_translate_keys":["label"]},{"label":" Coca Cola Zero Sugar","value":"Coca Cola Zero Sugar","selected":false,"tempId":"aco_705","gt_translate_keys":["label"]},{"label":"Fanta","value":"Fanta","selected":false,"tempId":"aco_706","gt_translate_keys":["label"]},{"label":"Sprite","value":"Sprite","selected":false,"tempId":"aco_779","gt_translate_keys":["label"]},{"label":"Fuse Tea \u015eeftali","value":"Fuse Tea \u015eeftali","selected":false,"tempId":"aco_789","gt_translate_keys":["label"]}],"layOut":"col-3","error":false,"checkUi":"","gt_translate_keys":["label"],"price_dependency":false,"cl_dependency":false,"value":""}]]},"sec_5692db9759a139":{"extra":{"key":"sec_5692db9759a139","section_id":"sec_5692db9759a139","name":"Default","status":1,"cl_rule":"show","enableCl":false,"relations":[],"toggle":true,"title_tag":"h3","show_title":false,"showPrice":"default","form_id":2873,"form_rules":{"exclude_from_discount":false,"fee_label":"\u00dccret","disp_hide_options_price":false,"disp_show_section_price":false,"disp_show_field_price":true,"layout_option":"standard","pric_use_as_fee":false,"process_fee_as":"woo_fee"},"layout_option":"standard"},"fields":[[{"active":true,"col":6,"relations":false,"cl_rule":"show","enableCl":false,"price":"","enablePrice":true,"className":"","label_position":"default","desc_position":"default","type":"checkbox-group","required":false,"elementId":"checkgroup_4292819961","label":"Soslar (\u0130ste\u011fe Ba\u011fl\u0131)","name":"checkgroup_4292819961","values":[{"label":"Ket\u00e7ap","value":"Ket\u00e7ap","selected":false,"tempId":"aco_1376","price":"35","pimage":"https:\/\/luzzyrestaurant.com\/wp-content\/uploads\/2025\/12\/ketcap.jpg","pthumb":"https:\/\/luzzyrestaurant.com\/wp-content\/uploads\/2025\/12\/ketcap-150x150.jpg","pimage_id":2854,"productImage":{"title":"Ket\u00e7ap","caption":"Ket\u00e7ap","url":"https:\/\/luzzyrestaurant.com\/wp-content\/uploads\/2025\/12\/ketcap.jpg","alt":"Ket\u00e7ap","src":"https:\/\/luzzyrestaurant.com\/wp-content\/uploads\/2025\/12\/ketcap-600x450.jpg","srcset":"https:\/\/luzzyrestaurant.com\/wp-content\/uploads\/2025\/12\/ketcap-600x450.jpg 600w, https:\/\/luzzyrestaurant.com\/wp-content\/uploads\/2025\/12\/ketcap-300x225.jpg 300w, https:\/\/luzzyrestaurant.com\/wp-content\/uploads\/2025\/12\/ketcap-768x576.jpg 768w, https:\/\/luzzyrestaurant.com\/wp-content\/uploads\/2025\/12\/ketcap.jpg 1000w","sizes":"(max-width: 600px) 100vw, 600px","full_src":"https:\/\/luzzyrestaurant.com\/wp-content\/uploads\/2025\/12\/ketcap.jpg","full_src_w":1000,"full_src_h":750,"gallery_thumbnail_src":"https:\/\/luzzyrestaurant.com\/wp-content\/uploads\/2025\/12\/ketcap-200x200.jpg","gallery_thumbnail_src_w":200,"gallery_thumbnail_src_h":200,"thumb_src":"https:\/\/luzzyrestaurant.com\/wp-content\/uploads\/2025\/12\/ketcap-200x200.jpg","thumb_src_w":200,"thumb_src_h":200,"src_w":600,"src_h":450,"image_id":2854},"gt_translate_keys":["label"]},{"label":"Mayonez","value":"Mayonez","selected":false,"tempId":"aco_1564","price":"35","pimage":"https:\/\/luzzyrestaurant.com\/wp-content\/uploads\/2025\/12\/mayonez-1.jpg","pthumb":"https:\/\/luzzyrestaurant.com\/wp-content\/uploads\/2025\/12\/mayonez-1-150x150.jpg","pimage_id":2863,"productImage":{"title":"Mayonez","caption":"Mayonez","url":"https:\/\/luzzyrestaurant.com\/wp-content\/uploads\/2025\/12\/mayonez-1.jpg","alt":"Mayonez","src":"https:\/\/luzzyrestaurant.com\/wp-content\/uploads\/2025\/12\/mayonez-1-600x450.jpg","srcset":"https:\/\/luzzyrestaurant.com\/wp-content\/uploads\/2025\/12\/mayonez-1-600x450.jpg 600w, https:\/\/luzzyrestaurant.com\/wp-content\/uploads\/2025\/12\/mayonez-1-300x225.jpg 300w, https:\/\/luzzyrestaurant.com\/wp-content\/uploads\/2025\/12\/mayonez-1-768x576.jpg 768w, https:\/\/luzzyrestaurant.com\/wp-content\/uploads\/2025\/12\/mayonez-1.jpg 1000w","sizes":"(max-width: 600px) 100vw, 600px","full_src":"https:\/\/luzzyrestaurant.com\/wp-content\/uploads\/2025\/12\/mayonez-1.jpg","full_src_w":1000,"full_src_h":750,"gallery_thumbnail_src":"https:\/\/luzzyrestaurant.com\/wp-content\/uploads\/2025\/12\/mayonez-1-200x200.jpg","gallery_thumbnail_src_w":200,"gallery_thumbnail_src_h":200,"thumb_src":"https:\/\/luzzyrestaurant.com\/wp-content\/uploads\/2025\/12\/mayonez-1-200x200.jpg","thumb_src_w":200,"thumb_src_h":200,"src_w":600,"src_h":450,"image_id":2863},"gt_translate_keys":["label"]},{"label":"Tr\u00fcfl\u00fc Mayonez","value":"Tr\u00fcfl\u00fc Mayonez","selected":false,"tempId":"aco_1388","price":"50","gt_translate_keys":["label"]},{"label":"Chilli Mayonez","value":"Chilli Mayonez","selected":false,"tempId":"aco_1398","price":"50","gt_translate_keys":["label"]},{"label":"Veggie Mayonez","value":"Veggie Mayonez","selected":false,"tempId":"aco_1408","price":"60","gt_translate_keys":["label"]},{"label":"Vegan Chili Mayonez","value":"Vegan Chili Mayonez","selected":false,"tempId":"aco_1418","price":"60","gt_translate_keys":["label"]},{"label":" Hardal","value":"Hardal","selected":false,"tempId":"aco_1554","price":"35","gt_translate_keys":["label"]},{"label":"Ball\u0131 Hardal","value":"Ball\u0131 Hardal","selected":false,"tempId":"aco_1377","price":"50","gt_translate_keys":["label"]},{"label":"Sriracha Ac\u0131 Sos","value":"Sriracha Ac\u0131 Sos","selected":false,"tempId":"aco_1378","price":"50","gt_translate_keys":["label"]},{"label":"Barbek\u00fc Sos","value":"Barbek\u00fc Sos","selected":false,"tempId":"aco_1610","price":"35","gt_translate_keys":["label"]},{"label":"Ev Yap\u0131m\u0131 Barbek\u00fc Sos","value":"Ev Yap\u0131m\u0131 Barbek\u00fc Sos","selected":false,"tempId":"aco_1620","price":"50","gt_translate_keys":["label"]}],"layOut":"col-2","error":false,"checkUi":"toggle","priceOptions":"different_for_all","pricingType":"fixed","use_as_fee":false,"enable_product_image":true,"gt_translate_keys":["label"],"price_dependency":false,"cl_dependency":false,"value":""}]]},"sec_0692dbbdbbcdc4":{"extra":{"key":"sec_0692dbbdbbcdc4","section_id":"sec_0692dbbdbbcdc4","name":"Default","status":1,"cl_rule":"show","enableCl":false,"relations":[],"toggle":true,"title_tag":"h3","show_title":false,"showPrice":"default","form_id":2875,"form_rules":{"exclude_from_discount":false,"fee_label":"\u00dccret","disp_hide_options_price":false,"disp_show_section_price":false,"disp_show_field_price":true,"layout_option":"standard","pric_use_as_fee":false,"process_fee_as":"woo_fee"},"layout_option":"standard"},"fields":[[{"active":true,"col":6,"relations":false,"cl_rule":"show","enableCl":false,"price":"","enablePrice":true,"className":"","label_position":"default","desc_position":"default","type":"checkbox-group","required":false,"elementId":"checkgroup_9077392424","label":"Yan\u0131nda \u0130yi Gider","name":"checkgroup_9077392424","values":[{"label":"T\u0131rt\u0131kl\u0131 Patates K\u0131zartmas\u0131 (250 g)","value":"T\u0131rt\u0131kl\u0131 Patates K\u0131zartmas\u0131 (250 g)","selected":false,"tempId":"aco_2671","price":"160","gt_translate_keys":["label"]},{"label":"Ka\u015f\u0131k Patates K\u0131zartmas\u0131 (250 g)","value":"Ka\u015f\u0131k Patates K\u0131zartmas\u0131 (250 g)","selected":false,"tempId":"aco_2672","price":"270","gt_translate_keys":["label"]},{"label":"Parmak Patates (250 g)","value":"Parmak Patates (250 g)","selected":false,"tempId":"aco_2673","price":"180","gt_translate_keys":["label"]},{"label":"Patates Kroket (8 Adet)","value":"Patates Kroket (8 Adet)","selected":false,"tempId":"aco_2737","price":"225","gt_translate_keys":["label"]},{"label":"Mozzarella Sticks (6 Adet)","value":"Mozzarella Sticks (6 Adet)","selected":false,"tempId":"aco_2747","price":"270","gt_translate_keys":["label"]},{"label":"At\u0131\u015ft\u0131rma Taba\u011f\u0131","value":"At\u0131\u015ft\u0131rma Taba\u011f\u0131","selected":false,"tempId":"aco_2757","price":"360","gt_translate_keys":["label"]},{"label":"Crispy Chicken Tenders (8 Adet)","value":"Crispy Chicken Tenders (8 Adet)","selected":false,"tempId":"aco_2767","price":"270","gt_translate_keys":["label"]},{"label":"Falafel Topu (10 Adet)","value":"Falafel Topu (10 Adet)","selected":false,"tempId":"aco_2777","price":"225","gt_translate_keys":["label"]},{"label":"So\u011fan Halkas\u0131 (6 Adet)","value":"So\u011fan Halkas\u0131 (6 Adet)","selected":false,"tempId":"aco_2787","price":"180","gt_translate_keys":["label"]}],"layOut":"","error":false,"checkUi":"toggle","priceOptions":"different_for_all","pricingType":"fixed","gt_translate_keys":["label"],"price_dependency":false,"cl_dependency":false,"value":""}]]}},"config":{"price_override":"","enable_recaptcha":false,"bind_quantity":false,"quantity_bind_formula":false,"disp_summ_show_option_price":true,"disp_summ_show_product_price":true,"disp_summ_show_total_price":true,"disp_summ_show_fee":false,"disp_summ_show_discount":false,"summary_title":"","options_total_label":"Se\u00e7enek Fiyat\u0131","total_label":"Toplam","options_product_label":"\u00dcr\u00fcn Fiyat\u0131","fee_label":"\u00dccret","discount_label":"\u0130ndirim","has_price":true,"has_quantity_formula":false},"mc_unit":1,"tax_rate":1,"tax_rate_real":0.1000000000000000055511151231257827021181583404541015625,"discount":{"percentage":0,"fixed":0},"design":{"conf":{"LabelPosition":"above","DescPosition":"above","UploadField":"custom_1","QuantityFieldStyle":"default"},"css":{"LeftLabelWidth":"120px"}},"formulas":[],"clones":false,"cartKey":false}},"_links":{"self":[{"href":"https:\/\/luzzyrestaurant.com\/en\/wp-json\/wp\/v2\/product\/2785","targetHints":{"allow":["GET"]}}],"collection":[{"href":"https:\/\/luzzyrestaurant.com\/en\/wp-json\/wp\/v2\/product"}],"about":[{"href":"https:\/\/luzzyrestaurant.com\/en\/wp-json\/wp\/v2\/types\/product"}],"replies":[{"embeddable":true,"href":"https:\/\/luzzyrestaurant.com\/en\/wp-json\/wp\/v2\/comments?post=2785"}],"wp:featuredmedia":[{"embeddable":true,"href":"https:\/\/luzzyrestaurant.com\/en\/wp-json\/wp\/v2\/media\/2907"}],"wp:attachment":[{"href":"https:\/\/luzzyrestaurant.com\/en\/wp-json\/wp\/v2\/media?parent=2785"}],"wp:term":[{"taxonomy":"product_brand","embeddable":true,"href":"https:\/\/luzzyrestaurant.com\/en\/wp-json\/wp\/v2\/product_brand?post=2785"},{"taxonomy":"product_cat","embeddable":true,"href":"https:\/\/luzzyrestaurant.com\/en\/wp-json\/wp\/v2\/product_cat?post=2785"},{"taxonomy":"product_tag","embeddable":true,"href":"https:\/\/luzzyrestaurant.com\/en\/wp-json\/wp\/v2\/product_tag?post=2785"}],"curies":[{"name":"wp","href":"https:\/\/api.w.org\/{rel}","templated":true}]}}