{"id":2773,"date":"2025-12-01T03:01:46","date_gmt":"2025-12-01T00:01:46","guid":{"rendered":"https:\/\/luzzyrestaurant.com\/?post_type=product&#038;p=2773"},"modified":"2025-12-02T19:17:17","modified_gmt":"2025-12-02T16:17:17","slug":"snitzel-2-adet-100-g","status":"publish","type":"product","link":"https:\/\/luzzyrestaurant.com\/en\/product\/snitzel-2-adet-100-g\/","title":{"rendered":"\u015enitzel (2 adet 100 g)"},"content":{"rendered":"<p data-start=\"286\" data-end=\"434\">Klasik lezzetlerden vazge\u00e7emeyenler i\u00e7in haz\u0131rlanan <strong data-start=\"338\" data-end=\"364\">\u015enitzel (2 Adet 100 g)<\/strong>, \u00e7\u0131t\u0131rl\u0131\u011f\u0131 ve lezzetiyle her lokmada tatmin eden bir deneyim sunar.<\/p>\n<p data-start=\"436\" data-end=\"713\">\u00d6zenle haz\u0131rlanm\u0131\u015f, her biri <strong data-start=\"465\" data-end=\"477\">100 gram<\/strong> olan iki adet <strong data-start=\"492\" data-end=\"509\">tavuk \u015fnitzel<\/strong>, d\u0131\u015f\u0131 alt\u0131n renginde \u00e7\u0131t\u0131r kaplamas\u0131 ve i\u00e7inin yumu\u015fac\u0131k dokusuyla \u00f6ne \u00e7\u0131kar. Yan\u0131nda sunulan <strong data-start=\"604\" data-end=\"624\">tereya\u011fl\u0131 pirin\u00e7<\/strong> ve <strong data-start=\"628\" data-end=\"639\">patates<\/strong>, porsiyonu tamamlayarak hem doyurucu hem de dengeli bir \u00f6\u011f\u00fcn olu\u015fturur.<\/p>\n<p data-start=\"715\" data-end=\"845\">Hem \u00e7ocuklar hem de klasik lezzet sevenler i\u00e7in ideal bir tercih olan bu \u015fnitzel men\u00fcs\u00fc, g\u00fcn\u00fcn her saatinde keyifle t\u00fcketilebilir.<\/p>","protected":false},"excerpt":{"rendered":"<p>\u00d6zenle haz\u0131rlanm\u0131\u015f \u015fnitzel, tereya\u011fl\u0131 pirin\u00e7 ve patates ile<\/p>","protected":false},"featured_media":2932,"comment_status":"open","ping_status":"closed","template":"","meta":{"inline_featured_image":false,"_monsterinsights_skip_tracking":false,"_monsterinsights_sitenote_active":false,"_monsterinsights_sitenote_note":"","_monsterinsights_sitenote_category":0},"product_brand":[72],"product_cat":[37],"product_tag":[220,215,218,221,219,222,217],"class_list":{"0":"post-2773","1":"product","2":"type-product","3":"status-publish","4":"has-post-thumbnail","6":"product_brand-luzzy-restaurant","7":"product_cat-wok-chicken","8":"product_tag-citir-snitzel","9":"product_tag-luzzy-wok","10":"product_tag-snitzel","11":"product_tag-snitzel-menu","12":"product_tag-tavuk-snitzel","13":"product_tag-tavuk-yemekleri","14":"product_tag-wok-chicken","16":"first","17":"instock","18":"taxable","19":"shipping-taxable","20":"purchasable","21":"product-type-simple"},"aioseo_notices":[],"wcpa_form_fields":null,"_links":{"self":[{"href":"https:\/\/luzzyrestaurant.com\/en\/wp-json\/wp\/v2\/product\/2773","targetHints":{"allow":["GET"]}}],"collection":[{"href":"https:\/\/luzzyrestaurant.com\/en\/wp-json\/wp\/v2\/product"}],"about":[{"href":"https:\/\/luzzyrestaurant.com\/en\/wp-json\/wp\/v2\/types\/product"}],"replies":[{"embeddable":true,"href":"https:\/\/luzzyrestaurant.com\/en\/wp-json\/wp\/v2\/comments?post=2773"}],"wp:featuredmedia":[{"embeddable":true,"href":"https:\/\/luzzyrestaurant.com\/en\/wp-json\/wp\/v2\/media\/2932"}],"wp:attachment":[{"href":"https:\/\/luzzyrestaurant.com\/en\/wp-json\/wp\/v2\/media?parent=2773"}],"wp:term":[{"taxonomy":"product_brand","embeddable":true,"href":"https:\/\/luzzyrestaurant.com\/en\/wp-json\/wp\/v2\/product_brand?post=2773"},{"taxonomy":"product_cat","embeddable":true,"href":"https:\/\/luzzyrestaurant.com\/en\/wp-json\/wp\/v2\/product_cat?post=2773"},{"taxonomy":"product_tag","embeddable":true,"href":"https:\/\/luzzyrestaurant.com\/en\/wp-json\/wp\/v2\/product_tag?post=2773"}],"curies":[{"name":"wp","href":"https:\/\/api.w.org\/{rel}","templated":true}]}}