{"id":2772,"date":"2025-12-01T03:02:21","date_gmt":"2025-12-01T00:02:21","guid":{"rendered":"https:\/\/luzzyrestaurant.com\/?post_type=product&#038;p=2772"},"modified":"2025-12-02T19:17:19","modified_gmt":"2025-12-02T16:17:19","slug":"izgara-tavuk-bonfile-200-g","status":"publish","type":"product","link":"https:\/\/luzzyrestaurant.com\/en\/product\/izgara-tavuk-bonfile-200-g\/","title":{"rendered":"Izgara Tavuk Bonfile (200 g)"},"content":{"rendered":"<p data-start=\"284\" data-end=\"417\">Do\u011fal, sade ve lezzetli bir \u00f6\u011f\u00fcn arayanlar i\u00e7in haz\u0131rlanan <strong data-start=\"343\" data-end=\"367\">Izgara Tavuk Bonfile<\/strong>, hafifli\u011fi ve doyuruculu\u011fu bir araya getiriyor.<\/p>\n<p data-start=\"419\" data-end=\"683\">200 gram \u00f6zenle \u0131zgarada pi\u015firilmi\u015f <strong data-start=\"455\" data-end=\"472\">tavuk bonfile<\/strong>, k\u00f6zde pi\u015fmi\u015f biber ve domates ile sunularak ger\u00e7ek bir mangal aromas\u0131 kazand\u0131r\u0131l\u0131r. Yan\u0131nda servis edilen <strong data-start=\"580\" data-end=\"600\">tereya\u011fl\u0131 pirin\u00e7<\/strong> ve <strong data-start=\"604\" data-end=\"615\">patates<\/strong>, bu sa\u011fl\u0131kl\u0131 ve dengeli \u00f6\u011f\u00fcn\u00fc tam bir lezzet \u015f\u00f6lenine d\u00f6n\u00fc\u015ft\u00fcr\u00fcr.<\/p>\n<p data-start=\"685\" data-end=\"810\">Hem fit beslenenler hem de protein a\u011f\u0131rl\u0131kl\u0131 bir \u00f6\u011f\u00fcn tercih edenler i\u00e7in ideal bir se\u00e7imdir. Sadelik ve lezzet ayn\u0131 tabakta!<\/p>","protected":false},"excerpt":{"rendered":"<div class=\"section-menu\" data-id=\"226\" data-name=\"Izgara Tavuk Bonfile (200 g)\" data-price=\"495.00\u20ba\" data-amount=\"495\" data-description=\"Izgara tavuk bonfile, k\u00f6zde pi\u015fmi\u015f biber, domates, tereya\u011fl\u0131 pirin\u00e7 ve patates ile\" data-image-url=\"https:\/\/qrmenurestaurant.com\/storage\/menu\/691a990c6a2ac1763350796.png\">\n<div class=\"menu-item list\">\n<div class=\"menu-content\">\n<div class=\"menu-recipe\">Izgara tavuk bonfile, k\u00f6zde pi\u015fmi\u015f biber, domates, tereya\u011fl\u0131 pirin\u00e7 ve patates ile<\/div>\n<\/div>\n<\/div>\n<\/div>\n<div class=\"section-menu\" data-id=\"227\" data-name=\"\u015enitzel (2 adet 100 g)\" data-price=\"495.00\u20ba\" data-amount=\"495\" data-description=\"\u00d6zenle haz\u0131rlanm\u0131\u015f \u015fnitzel, tereya\u011fl\u0131 pirin\u00e7 ve patates ile\" data-image-url=\"https:\/\/qrmenurestaurant.com\/storage\/menu\/691a99211029d1763350817.png\">\n<div class=\"menu-item list\"><\/div>\n<\/div>","protected":false},"featured_media":2931,"comment_status":"open","ping_status":"closed","template":"","meta":{"inline_featured_image":false,"_monsterinsights_skip_tracking":false,"_monsterinsights_sitenote_active":false,"_monsterinsights_sitenote_note":"","_monsterinsights_sitenote_category":0},"product_brand":[72],"product_cat":[37],"product_tag":[223,181,225,215,224,222,217],"class_list":{"0":"post-2772","1":"product","2":"type-product","3":"status-publish","4":"has-post-thumbnail","6":"product_brand-luzzy-restaurant","7":"product_cat-wok-chicken","8":"product_tag-fit-tavuk","9":"product_tag-izgara-tavuk-bonfile","10":"product_tag-koz-sebzeli-tavuk","11":"product_tag-luzzy-wok","12":"product_tag-saglikli-tavuk-menu","13":"product_tag-tavuk-yemekleri","14":"product_tag-wok-chicken","16":"first","17":"instock","18":"taxable","19":"shipping-taxable","20":"purchasable","21":"product-type-simple"},"aioseo_notices":[],"wcpa_form_fields":null,"_links":{"self":[{"href":"https:\/\/luzzyrestaurant.com\/en\/wp-json\/wp\/v2\/product\/2772","targetHints":{"allow":["GET"]}}],"collection":[{"href":"https:\/\/luzzyrestaurant.com\/en\/wp-json\/wp\/v2\/product"}],"about":[{"href":"https:\/\/luzzyrestaurant.com\/en\/wp-json\/wp\/v2\/types\/product"}],"replies":[{"embeddable":true,"href":"https:\/\/luzzyrestaurant.com\/en\/wp-json\/wp\/v2\/comments?post=2772"}],"wp:featuredmedia":[{"embeddable":true,"href":"https:\/\/luzzyrestaurant.com\/en\/wp-json\/wp\/v2\/media\/2931"}],"wp:attachment":[{"href":"https:\/\/luzzyrestaurant.com\/en\/wp-json\/wp\/v2\/media?parent=2772"}],"wp:term":[{"taxonomy":"product_brand","embeddable":true,"href":"https:\/\/luzzyrestaurant.com\/en\/wp-json\/wp\/v2\/product_brand?post=2772"},{"taxonomy":"product_cat","embeddable":true,"href":"https:\/\/luzzyrestaurant.com\/en\/wp-json\/wp\/v2\/product_cat?post=2772"},{"taxonomy":"product_tag","embeddable":true,"href":"https:\/\/luzzyrestaurant.com\/en\/wp-json\/wp\/v2\/product_tag?post=2772"}],"curies":[{"name":"wp","href":"https:\/\/api.w.org\/{rel}","templated":true}]}}