{"id":2770,"date":"2025-12-01T03:03:28","date_gmt":"2025-12-01T00:03:28","guid":{"rendered":"https:\/\/luzzyrestaurant.com\/?post_type=product&#038;p=2770"},"modified":"2025-12-02T19:17:28","modified_gmt":"2025-12-02T16:17:28","slug":"kajun-soslu-tavuk-200-g","status":"publish","type":"product","link":"https:\/\/luzzyrestaurant.com\/en\/product\/kajun-soslu-tavuk-200-g\/","title":{"rendered":"Kajun Soslu Tavuk (200 g)"},"content":{"rendered":"<p data-start=\"279\" data-end=\"449\">Louisiana mutfa\u011f\u0131n\u0131n karakteristik baharatlar\u0131n\u0131 Luzzy\u2019nin wok tekni\u011fiyle harmanlayan <strong data-start=\"365\" data-end=\"386\">Kajun Soslu Tavuk<\/strong>, baharat sevenler i\u00e7in m\u00fckemmel bir lezzet deneyimi sunuyor.<\/p>\n<p data-start=\"451\" data-end=\"696\">200 gram yumu\u015fac\u0131k <strong data-start=\"470\" data-end=\"487\">tavuk bonfile<\/strong>, renkli biberler ve taze mantar ile y\u00fcksek ate\u015fte sotelenerek do\u011fal aromas\u0131n\u0131 korur. Tarife \u00f6zg\u00fc lezzeti sa\u011flayan <strong data-start=\"602\" data-end=\"620\">\u00f6zel kajun sos<\/strong>, baharatl\u0131, dengeli ve i\u015ftah a\u00e7\u0131c\u0131 tad\u0131yla yeme\u011fi bir \u00fcst seviyeye ta\u015f\u0131r.<\/p>\n<p data-start=\"698\" data-end=\"892\">Yan\u0131nda servis edilen <strong data-start=\"720\" data-end=\"740\">tereya\u011fl\u0131 pirin\u00e7<\/strong> ve <strong data-start=\"744\" data-end=\"755\">patates<\/strong>, bu doyurucu ve aromatik wok yeme\u011fini tamamlayan ideal e\u015flik\u00e7ilerdir. Baharatl\u0131 tatlardan vazge\u00e7emeyenler i\u00e7in en iyi tercihlerden biri!<\/p>","protected":false},"excerpt":{"rendered":"<div class=\"section-menu\" data-id=\"224\" data-name=\"Kajun Soslu Tavuk (200 g)\" data-price=\"495.00\u20ba\" data-amount=\"495\" data-description=\"Tavuk bonfile, renkli biberler, mantar, \u00f6zel kajun sos, tereya\u011fl\u0131 pirin\u00e7 ve patates ile\" data-image-url=\"https:\/\/qrmenurestaurant.com\/storage\/menu\/691a98e3148731763350755.png\">\n<div class=\"menu-item list\">\n<div class=\"menu-content\">\n<div class=\"menu-recipe\">Tavuk bonfile, renkli biberler, mantar, \u00f6zel kajun sos, tereya\u011fl\u0131 pirin\u00e7 ve patates ile<\/div>\n<\/div>\n<\/div>\n<\/div>\n<div class=\"section-menu\" data-id=\"225\" data-name=\"Pesto Soslu Tavuk (200 g)\" data-price=\"495.00\u20ba\" data-amount=\"495\" data-description=\"Tavuk bonfile, renkli biberler, mantar, taze fesle\u011fenle haz\u0131rlanan pesto sos, tereya\u011fl\u0131 pirin\u00e7 ve patates ile\" data-image-url=\"https:\/\/qrmenurestaurant.com\/storage\/menu\/691a98f83b7601763350776.png\">\n<div class=\"menu-item list\"><\/div>\n<\/div>","protected":false},"featured_media":2928,"comment_status":"open","ping_status":"closed","template":"","meta":{"inline_featured_image":false,"_monsterinsights_skip_tracking":false,"_monsterinsights_sitenote_active":false,"_monsterinsights_sitenote_note":"","_monsterinsights_sitenote_category":0},"product_brand":[72],"product_cat":[37],"product_tag":[188,187,186,215,190,217,213],"class_list":{"0":"post-2770","1":"product","2":"type-product","3":"status-publish","4":"has-post-thumbnail","6":"product_brand-luzzy-restaurant","7":"product_cat-wok-chicken","8":"product_tag-baharatli-tavuk","9":"product_tag-cajun-tavuk","10":"product_tag-kajun-soslu-tavuk","11":"product_tag-luzzy-wok","12":"product_tag-ozel-soslu-tavuk","13":"product_tag-wok-chicken","14":"product_tag-wok-tavuk","16":"first","17":"instock","18":"taxable","19":"shipping-taxable","20":"purchasable","21":"product-type-simple"},"aioseo_notices":[],"wcpa_form_fields":null,"_links":{"self":[{"href":"https:\/\/luzzyrestaurant.com\/en\/wp-json\/wp\/v2\/product\/2770","targetHints":{"allow":["GET"]}}],"collection":[{"href":"https:\/\/luzzyrestaurant.com\/en\/wp-json\/wp\/v2\/product"}],"about":[{"href":"https:\/\/luzzyrestaurant.com\/en\/wp-json\/wp\/v2\/types\/product"}],"replies":[{"embeddable":true,"href":"https:\/\/luzzyrestaurant.com\/en\/wp-json\/wp\/v2\/comments?post=2770"}],"wp:featuredmedia":[{"embeddable":true,"href":"https:\/\/luzzyrestaurant.com\/en\/wp-json\/wp\/v2\/media\/2928"}],"wp:attachment":[{"href":"https:\/\/luzzyrestaurant.com\/en\/wp-json\/wp\/v2\/media?parent=2770"}],"wp:term":[{"taxonomy":"product_brand","embeddable":true,"href":"https:\/\/luzzyrestaurant.com\/en\/wp-json\/wp\/v2\/product_brand?post=2770"},{"taxonomy":"product_cat","embeddable":true,"href":"https:\/\/luzzyrestaurant.com\/en\/wp-json\/wp\/v2\/product_cat?post=2770"},{"taxonomy":"product_tag","embeddable":true,"href":"https:\/\/luzzyrestaurant.com\/en\/wp-json\/wp\/v2\/product_tag?post=2770"}],"curies":[{"name":"wp","href":"https:\/\/api.w.org\/{rel}","templated":true}]}}