{"id":2769,"date":"2025-12-01T03:01:00","date_gmt":"2025-12-01T00:01:00","guid":{"rendered":"https:\/\/luzzyrestaurant.com\/?post_type=product&#038;p=2769"},"modified":"2025-12-02T19:17:16","modified_gmt":"2025-12-02T16:17:16","slug":"cheddar-soslu-tavuk-200-g","status":"publish","type":"product","link":"https:\/\/luzzyrestaurant.com\/en\/product\/cheddar-soslu-tavuk-200-g\/","title":{"rendered":"Cheddar Soslu Tavuk (200 g)"},"content":{"rendered":"<p data-start=\"277\" data-end=\"435\">Peynir severlerin favorisi olmaya aday <strong data-start=\"316\" data-end=\"339\">Cheddar Soslu Tavuk<\/strong>, zengin aromas\u0131 ve kremsi dokusuyla Wok Chicken kategorisinin en \u00f6zel lezzetlerinden biridir.<\/p>\n<p data-start=\"437\" data-end=\"687\">200 gram \u00f6zenle se\u00e7ilmi\u015f <strong data-start=\"462\" data-end=\"479\">tavuk bonfile<\/strong>, renkli biberler ve mantar ile wok tekni\u011finde y\u00fcksek ate\u015fte sotelenerek tazeli\u011fini ve do\u011fal lezzetini korur. Ard\u0131ndan k\u0131vam\u0131 ve aromas\u0131yla \u00f6ne \u00e7\u0131kan <strong data-start=\"629\" data-end=\"644\">cheddar sos<\/strong> ile bulu\u015farak m\u00fckemmel bir uyum yakalar.<\/p>\n<p data-start=\"689\" data-end=\"886\">Yan\u0131nda servis edilen <strong data-start=\"711\" data-end=\"731\">tereya\u011fl\u0131 pirin\u00e7<\/strong> ve <strong data-start=\"735\" data-end=\"746\">patates<\/strong>, yeme\u011fi hem doyurucu hem de tam bir lezzet \u015f\u00f6lenine d\u00f6n\u00fc\u015ft\u00fcr\u00fcr. Kremsi, peynirli ve aromatik tatlardan ho\u015flananlar i\u00e7in ideal bir se\u00e7imdir.<\/p>","protected":false},"excerpt":{"rendered":"<div id=\"content\">\n<div class=\"content-wrap\">\n<div class=\"card-body menu-category-item menu-category-35\">\n<div class=\"section-menu\" data-id=\"228\" data-name=\"Cheddar Soslu Tavuk (200 g)\" data-price=\"495.00\u20ba\" data-amount=\"495\" data-description=\"Tavuk bonfile, renkli biberler, mantar, cheddar sos, tereya\u011fl\u0131 pirin\u00e7 ve patates ile\" data-image-url=\"https:\/\/qrmenurestaurant.com\/storage\/menu\/691a9933e3ce61763350835.png\">\n<div class=\"menu-item list\">\n<div class=\"menu-content\">\n<div class=\"menu-recipe\">Tavuk bonfile, renkli biberler, mantar, cheddar sos, tereya\u011fl\u0131 pirin\u00e7 ve patates ile<\/div>\n<\/div>\n<\/div>\n<\/div>\n<\/div>\n<\/div>\n<\/div>","protected":false},"featured_media":2933,"comment_status":"open","ping_status":"closed","template":"","meta":{"inline_featured_image":false,"_monsterinsights_skip_tracking":false,"_monsterinsights_sitenote_active":false,"_monsterinsights_sitenote_note":"","_monsterinsights_sitenote_category":0},"product_brand":[72],"product_cat":[37],"product_tag":[216,174,215,175,214,217,213],"class_list":{"0":"post-2769","1":"product","2":"type-product","3":"status-publish","4":"has-post-thumbnail","6":"product_brand-luzzy-restaurant","7":"product_cat-wok-chicken","8":"product_tag-cheddar-sos","9":"product_tag-cheddar-soslu-tavuk","10":"product_tag-luzzy-wok","11":"product_tag-peynirli-tavuk","12":"product_tag-sebzeli-tavuk","13":"product_tag-wok-chicken","14":"product_tag-wok-tavuk","16":"first","17":"instock","18":"taxable","19":"shipping-taxable","20":"purchasable","21":"product-type-simple"},"aioseo_notices":[],"wcpa_form_fields":null,"_links":{"self":[{"href":"https:\/\/luzzyrestaurant.com\/en\/wp-json\/wp\/v2\/product\/2769","targetHints":{"allow":["GET"]}}],"collection":[{"href":"https:\/\/luzzyrestaurant.com\/en\/wp-json\/wp\/v2\/product"}],"about":[{"href":"https:\/\/luzzyrestaurant.com\/en\/wp-json\/wp\/v2\/types\/product"}],"replies":[{"embeddable":true,"href":"https:\/\/luzzyrestaurant.com\/en\/wp-json\/wp\/v2\/comments?post=2769"}],"wp:featuredmedia":[{"embeddable":true,"href":"https:\/\/luzzyrestaurant.com\/en\/wp-json\/wp\/v2\/media\/2933"}],"wp:attachment":[{"href":"https:\/\/luzzyrestaurant.com\/en\/wp-json\/wp\/v2\/media?parent=2769"}],"wp:term":[{"taxonomy":"product_brand","embeddable":true,"href":"https:\/\/luzzyrestaurant.com\/en\/wp-json\/wp\/v2\/product_brand?post=2769"},{"taxonomy":"product_cat","embeddable":true,"href":"https:\/\/luzzyrestaurant.com\/en\/wp-json\/wp\/v2\/product_cat?post=2769"},{"taxonomy":"product_tag","embeddable":true,"href":"https:\/\/luzzyrestaurant.com\/en\/wp-json\/wp\/v2\/product_tag?post=2769"}],"curies":[{"name":"wp","href":"https:\/\/api.w.org\/{rel}","templated":true}]}}