{"id":2768,"date":"2025-12-01T03:03:53","date_gmt":"2025-12-01T00:03:53","guid":{"rendered":"https:\/\/luzzyrestaurant.com\/?post_type=product&#038;p=2768"},"modified":"2025-12-02T19:17:26","modified_gmt":"2025-12-02T16:17:26","slug":"sweet-chili-soslu-tavuk-200-g","status":"publish","type":"product","link":"https:\/\/luzzyrestaurant.com\/en\/product\/sweet-chili-soslu-tavuk-200-g\/","title":{"rendered":"Sweet Chili Soslu Tavuk (200 g)"},"content":{"rendered":"<p data-start=\"285\" data-end=\"491\">Asya mutfa\u011f\u0131n\u0131n en sevilen tatlar\u0131ndan biri olan ac\u0131-tatl\u0131 aromay\u0131 Luzzy fark\u0131yla deneyimleyin!<br data-start=\"380\" data-end=\"383\" \/><strong data-start=\"383\" data-end=\"410\">Sweet Chili Soslu Tavuk<\/strong>, hem hafif baharatl\u0131 hem de tatl\u0131 dokunu\u015flar\u0131 sevenler i\u00e7in m\u00fckemmel bir tercih.<\/p>\n<p data-start=\"493\" data-end=\"736\">200 gram \u00f6zenle se\u00e7ilmi\u015f <strong data-start=\"518\" data-end=\"535\">tavuk bonfile<\/strong>, renkli biberler ve mantar ile wok tekni\u011finde y\u00fcksek ate\u015fte sotelenir. Tarifin imza dokunu\u015fu olan <strong data-start=\"634\" data-end=\"675\">ev yap\u0131m\u0131 sweet chili (ac\u0131 tatl\u0131) sos<\/strong>, yeme\u011fe dengeli, aromatik ve i\u015ftah a\u00e7\u0131c\u0131 bir lezzet katar.<\/p>\n<p data-start=\"738\" data-end=\"904\">Yan\u0131nda sunulan <strong data-start=\"754\" data-end=\"774\">tereya\u011fl\u0131 pirin\u00e7<\/strong> ve <strong data-start=\"778\" data-end=\"789\">patates<\/strong>, bu \u00f6zel wok lezzetini tam bir \u00f6\u011f\u00fcne d\u00f6n\u00fc\u015ft\u00fcr\u00fcr. Ac\u0131l\u0131-tatl\u0131 soslar\u0131n sevenleri i\u00e7in lezzet garantili bir se\u00e7enek!<\/p>","protected":false},"excerpt":{"rendered":"<div class=\"section-menu\" data-id=\"223\" data-name=\"Sweet Chili Soslu Tavuk (200 g)\" data-price=\"495.00\u20ba\" data-amount=\"495\" data-description=\"Tavuk bonfile, renkli biberler, mantar, ev yap\u0131m\u0131 ac\u0131 tatl\u0131 sos, tereya\u011fl\u0131 pirin\u00e7 ve patates ile\" data-image-url=\"https:\/\/qrmenurestaurant.com\/storage\/menu\/691a98cbbe9ed1763350731.png\">\n<div class=\"menu-item list\">\n<div class=\"menu-content\">\n<div class=\"menu-recipe\">Tavuk bonfile, renkli biberler, mantar, ev yap\u0131m\u0131 ac\u0131 tatl\u0131 sos, tereya\u011fl\u0131 pirin\u00e7 ve patates ile<\/div>\n<\/div>\n<\/div>\n<\/div>\n<div class=\"section-menu\" data-id=\"224\" data-name=\"Kajun Soslu Tavuk (200 g)\" data-price=\"495.00\u20ba\" data-amount=\"495\" data-description=\"Tavuk bonfile, renkli biberler, mantar, \u00f6zel kajun sos, tereya\u011fl\u0131 pirin\u00e7 ve patates ile\" data-image-url=\"https:\/\/qrmenurestaurant.com\/storage\/menu\/691a98e3148731763350755.png\">\n<div class=\"menu-item list\"><\/div>\n<\/div>","protected":false},"featured_media":2927,"comment_status":"open","ping_status":"closed","template":"","meta":{"inline_featured_image":false,"_monsterinsights_skip_tracking":false,"_monsterinsights_sitenote_active":false,"_monsterinsights_sitenote_note":"","_monsterinsights_sitenote_category":0},"product_brand":[72],"product_cat":[37],"product_tag":[228,227,215,214,205,217,213],"class_list":{"0":"post-2768","1":"product","2":"type-product","3":"status-publish","4":"has-post-thumbnail","6":"product_brand-luzzy-restaurant","7":"product_cat-wok-chicken","8":"product_tag-aci-tatli-sos","9":"product_tag-aci-tatli-tavuk","10":"product_tag-luzzy-wok","11":"product_tag-sebzeli-tavuk","12":"product_tag-sweet-chili-tavuk","13":"product_tag-wok-chicken","14":"product_tag-wok-tavuk","16":"first","17":"instock","18":"taxable","19":"shipping-taxable","20":"purchasable","21":"product-type-simple"},"aioseo_notices":[],"wcpa_form_fields":null,"_links":{"self":[{"href":"https:\/\/luzzyrestaurant.com\/en\/wp-json\/wp\/v2\/product\/2768","targetHints":{"allow":["GET"]}}],"collection":[{"href":"https:\/\/luzzyrestaurant.com\/en\/wp-json\/wp\/v2\/product"}],"about":[{"href":"https:\/\/luzzyrestaurant.com\/en\/wp-json\/wp\/v2\/types\/product"}],"replies":[{"embeddable":true,"href":"https:\/\/luzzyrestaurant.com\/en\/wp-json\/wp\/v2\/comments?post=2768"}],"wp:featuredmedia":[{"embeddable":true,"href":"https:\/\/luzzyrestaurant.com\/en\/wp-json\/wp\/v2\/media\/2927"}],"wp:attachment":[{"href":"https:\/\/luzzyrestaurant.com\/en\/wp-json\/wp\/v2\/media?parent=2768"}],"wp:term":[{"taxonomy":"product_brand","embeddable":true,"href":"https:\/\/luzzyrestaurant.com\/en\/wp-json\/wp\/v2\/product_brand?post=2768"},{"taxonomy":"product_cat","embeddable":true,"href":"https:\/\/luzzyrestaurant.com\/en\/wp-json\/wp\/v2\/product_cat?post=2768"},{"taxonomy":"product_tag","embeddable":true,"href":"https:\/\/luzzyrestaurant.com\/en\/wp-json\/wp\/v2\/product_tag?post=2768"}],"curies":[{"name":"wp","href":"https:\/\/api.w.org\/{rel}","templated":true}]}}