{"id":2767,"date":"2025-12-01T03:04:16","date_gmt":"2025-12-01T00:04:16","guid":{"rendered":"https:\/\/luzzyrestaurant.com\/?post_type=product&#038;p=2767"},"modified":"2025-12-02T19:17:31","modified_gmt":"2025-12-02T16:17:31","slug":"cafe-de-paris-izgara-soslu-tavuk-200-g","status":"publish","type":"product","link":"https:\/\/luzzyrestaurant.com\/en\/product\/cafe-de-paris-izgara-soslu-tavuk-200-g\/","title":{"rendered":"Cafe De Paris Izgara Soslu Tavuk (200 g)"},"content":{"rendered":"<p data-start=\"302\" data-end=\"466\">Frans\u0131z mutfa\u011f\u0131n\u0131n imza aromalar\u0131ndan esinlenen <strong data-start=\"350\" data-end=\"386\">Cafe De Paris Izgara Soslu Tavuk<\/strong>, Luzzy\u2019nin wok tekni\u011fiyle haz\u0131rlanan \u00f6zel ve doyurucu lezzetlerinden biridir.<\/p>\n<p data-start=\"468\" data-end=\"728\">200 gram kaliteli <strong data-start=\"486\" data-end=\"503\">tavuk bonfile<\/strong>, sotelenmi\u015f renkli biberler ve taze mantar ile y\u00fcksek ate\u015fte pi\u015firilerek do\u011fal tad\u0131n\u0131 korur. Ard\u0131ndan kendine has aromas\u0131yla \u00f6ne \u00e7\u0131kan <strong data-start=\"639\" data-end=\"660\">Cafe de Paris sos<\/strong> ile harmanlanarak zengin, kremsi ve nefis bir tat ortaya \u00e7\u0131kar\u0131r.<\/p>\n<p data-start=\"730\" data-end=\"940\">Yan\u0131nda sunulan <strong data-start=\"746\" data-end=\"766\">tereya\u011fl\u0131 pirin\u00e7<\/strong> ve <strong data-start=\"770\" data-end=\"781\">patates<\/strong>, bu \u00f6zel lezzeti tamamlayarak hem dengeli hem de tatmin edici bir \u00f6\u011f\u00fcn haline getirir. Wok mutfa\u011f\u0131na zarif bir dokunu\u015f katmak isteyenler i\u00e7in ideal bir se\u00e7im!<\/p>","protected":false},"excerpt":{"rendered":"<div class=\"section-menu\" data-id=\"222\" data-name=\"Cafe De Paris Izgara Soslu Tavuk (200 g)\" data-price=\"495.00\u20ba\" data-amount=\"495\" data-description=\"Tavuk bonfile, sotelenmi\u015f renkli biber, mantar, cafe de paris sos, tereya\u011fl\u0131 pirin\u00e7 ve patates ile\" data-image-url=\"https:\/\/qrmenurestaurant.com\/storage\/menu\/691a98b60ece71763350710.png\">\n<div class=\"menu-item list\">\n<div class=\"menu-content\">\n<div class=\"menu-recipe\">Tavuk bonfile, sotelenmi\u015f renkli biber, mantar, cafe de paris sos, tereya\u011fl\u0131 pirin\u00e7 ve patates ile<\/div>\n<\/div>\n<\/div>\n<\/div>\n<div class=\"section-menu\" data-id=\"223\" data-name=\"Sweet Chili Soslu Tavuk (200 g)\" data-price=\"495.00\u20ba\" data-amount=\"495\" data-description=\"Tavuk bonfile, renkli biberler, mantar, ev yap\u0131m\u0131 ac\u0131 tatl\u0131 sos, tereya\u011fl\u0131 pirin\u00e7 ve patates ile\" data-image-url=\"https:\/\/qrmenurestaurant.com\/storage\/menu\/691a98cbbe9ed1763350731.png\">\n<div class=\"menu-item list\"><\/div>\n<\/div>","protected":false},"featured_media":2926,"comment_status":"open","ping_status":"closed","template":"","meta":{"inline_featured_image":false,"_monsterinsights_skip_tracking":false,"_monsterinsights_sitenote_active":false,"_monsterinsights_sitenote_note":"","_monsterinsights_sitenote_category":0},"product_brand":[72],"product_cat":[37],"product_tag":[229,231,215,232,214,230,213],"class_list":{"0":"post-2767","1":"product","2":"type-product","3":"status-publish","4":"has-post-thumbnail","6":"product_brand-luzzy-restaurant","7":"product_cat-wok-chicken","8":"product_tag-cafe-de-paris-tavuk","9":"product_tag-kremali-soslu-tavuk","10":"product_tag-luzzy-wok","11":"product_tag-ozel-soslu-yemek","12":"product_tag-sebzeli-tavuk","13":"product_tag-soslu-tavuk","14":"product_tag-wok-tavuk","16":"first","17":"instock","18":"taxable","19":"shipping-taxable","20":"purchasable","21":"product-type-simple"},"aioseo_notices":[],"wcpa_form_fields":null,"_links":{"self":[{"href":"https:\/\/luzzyrestaurant.com\/en\/wp-json\/wp\/v2\/product\/2767","targetHints":{"allow":["GET"]}}],"collection":[{"href":"https:\/\/luzzyrestaurant.com\/en\/wp-json\/wp\/v2\/product"}],"about":[{"href":"https:\/\/luzzyrestaurant.com\/en\/wp-json\/wp\/v2\/types\/product"}],"replies":[{"embeddable":true,"href":"https:\/\/luzzyrestaurant.com\/en\/wp-json\/wp\/v2\/comments?post=2767"}],"wp:featuredmedia":[{"embeddable":true,"href":"https:\/\/luzzyrestaurant.com\/en\/wp-json\/wp\/v2\/media\/2926"}],"wp:attachment":[{"href":"https:\/\/luzzyrestaurant.com\/en\/wp-json\/wp\/v2\/media?parent=2767"}],"wp:term":[{"taxonomy":"product_brand","embeddable":true,"href":"https:\/\/luzzyrestaurant.com\/en\/wp-json\/wp\/v2\/product_brand?post=2767"},{"taxonomy":"product_cat","embeddable":true,"href":"https:\/\/luzzyrestaurant.com\/en\/wp-json\/wp\/v2\/product_cat?post=2767"},{"taxonomy":"product_tag","embeddable":true,"href":"https:\/\/luzzyrestaurant.com\/en\/wp-json\/wp\/v2\/product_tag?post=2767"}],"curies":[{"name":"wp","href":"https:\/\/api.w.org\/{rel}","templated":true}]}}