{"id":2766,"date":"2025-12-01T03:04:37","date_gmt":"2025-12-01T00:04:37","guid":{"rendered":"https:\/\/luzzyrestaurant.com\/?post_type=product&#038;p=2766"},"modified":"2025-12-02T19:17:32","modified_gmt":"2025-12-02T16:17:32","slug":"taze-kekikli-kremali-tavuk-200-g","status":"publish","type":"product","link":"https:\/\/luzzyrestaurant.com\/en\/product\/taze-kekikli-kremali-tavuk-200-g\/","title":{"rendered":"Taze Kekikli Kremal\u0131 Tavuk (200 g)"},"content":{"rendered":"<p data-start=\"297\" data-end=\"431\">Do\u011fal aromalar\u0131n yumu\u015fac\u0131k tavukla bulu\u015ftu\u011fu nefis bir deneyim ar\u0131yorsan\u0131z, <strong data-start=\"373\" data-end=\"403\">Taze Kekikli Kremal\u0131 Tavuk<\/strong> tam damak zevkinize g\u00f6re!<\/p>\n<p data-start=\"433\" data-end=\"683\">200 gram \u00f6zenle se\u00e7ilmi\u015f <strong data-start=\"458\" data-end=\"475\">tavuk bonfile<\/strong>, renkli biberler ve mantar ile wok tekni\u011finde y\u00fcksek ate\u015fte sotelenir. Ard\u0131ndan tarifin en \u00f6zel dokunu\u015fu olan <strong data-start=\"586\" data-end=\"614\">da\u011f keki\u011fi aromal\u0131 krema<\/strong> ile birle\u015ferek hem hafif hem de yo\u011fun aromal\u0131 bir lezzete d\u00f6n\u00fc\u015f\u00fcr.<\/p>\n<p data-start=\"685\" data-end=\"890\">Yan\u0131nda servis edilen <strong data-start=\"707\" data-end=\"727\">tereya\u011fl\u0131 pirin\u00e7<\/strong> ve <strong data-start=\"731\" data-end=\"742\">patates<\/strong>, bu kremal\u0131 ve aromatik yeme\u011fi tamamlayan m\u00fckemmel e\u015flik\u00e7ilerdir. Wok mutfa\u011f\u0131n\u0131 daha rafine tatlarla deneyimlemek isteyenler i\u00e7in ideal bir tercih!<\/p>","protected":false},"excerpt":{"rendered":"<div class=\"section-menu\" data-id=\"221\" data-name=\"Taze Kekikli Kremal\u0131 Tavuk (200 g)\" data-price=\"495.00\u20ba\" data-amount=\"495\" data-description=\"Tavuk bonfile, renkli biberler, mantar, da\u011f keki\u011fi krema, tereya\u011fl\u0131 pirin\u00e7 ve patates ile\" data-image-url=\"https:\/\/qrmenurestaurant.com\/storage\/menu\/691a989eeb3bf1763350686.png\">\n<div class=\"menu-item list\">\n<div class=\"menu-content\">\n<div class=\"menu-recipe\">Tavuk bonfile, renkli biberler, mantar, da\u011f keki\u011fi krema, tereya\u011fl\u0131 pirin\u00e7 ve patates ile<\/div>\n<\/div>\n<\/div>\n<\/div>\n<div class=\"section-menu\" data-id=\"222\" data-name=\"Cafe De Paris Izgara Soslu Tavuk (200 g)\" data-price=\"495.00\u20ba\" data-amount=\"495\" data-description=\"Tavuk bonfile, sotelenmi\u015f renkli biber, mantar, cafe de paris sos, tereya\u011fl\u0131 pirin\u00e7 ve patates ile\" data-image-url=\"https:\/\/qrmenurestaurant.com\/storage\/menu\/691a98b60ece71763350710.png\">\n<div class=\"menu-item list\"><\/div>\n<\/div>","protected":false},"featured_media":2925,"comment_status":"open","ping_status":"closed","template":"","meta":{"inline_featured_image":false,"_monsterinsights_skip_tracking":false,"_monsterinsights_sitenote_active":false,"_monsterinsights_sitenote_note":"","_monsterinsights_sitenote_category":0},"product_brand":[],"product_cat":[37],"product_tag":[234,233,197,215,214,217,213],"class_list":{"0":"post-2766","1":"product","2":"type-product","3":"status-publish","4":"has-post-thumbnail","6":"product_cat-wok-chicken","7":"product_tag-aromatik-tavuk","8":"product_tag-kekikli-tavuk","9":"product_tag-kremali-tavuk","10":"product_tag-luzzy-wok","11":"product_tag-sebzeli-tavuk","12":"product_tag-wok-chicken","13":"product_tag-wok-tavuk","15":"first","16":"instock","17":"taxable","18":"shipping-taxable","19":"purchasable","20":"product-type-simple"},"aioseo_notices":[],"wcpa_form_fields":null,"_links":{"self":[{"href":"https:\/\/luzzyrestaurant.com\/en\/wp-json\/wp\/v2\/product\/2766","targetHints":{"allow":["GET"]}}],"collection":[{"href":"https:\/\/luzzyrestaurant.com\/en\/wp-json\/wp\/v2\/product"}],"about":[{"href":"https:\/\/luzzyrestaurant.com\/en\/wp-json\/wp\/v2\/types\/product"}],"replies":[{"embeddable":true,"href":"https:\/\/luzzyrestaurant.com\/en\/wp-json\/wp\/v2\/comments?post=2766"}],"wp:featuredmedia":[{"embeddable":true,"href":"https:\/\/luzzyrestaurant.com\/en\/wp-json\/wp\/v2\/media\/2925"}],"wp:attachment":[{"href":"https:\/\/luzzyrestaurant.com\/en\/wp-json\/wp\/v2\/media?parent=2766"}],"wp:term":[{"taxonomy":"product_brand","embeddable":true,"href":"https:\/\/luzzyrestaurant.com\/en\/wp-json\/wp\/v2\/product_brand?post=2766"},{"taxonomy":"product_cat","embeddable":true,"href":"https:\/\/luzzyrestaurant.com\/en\/wp-json\/wp\/v2\/product_cat?post=2766"},{"taxonomy":"product_tag","embeddable":true,"href":"https:\/\/luzzyrestaurant.com\/en\/wp-json\/wp\/v2\/product_tag?post=2766"}],"curies":[{"name":"wp","href":"https:\/\/api.w.org\/{rel}","templated":true}]}}