{"id":2765,"date":"2025-12-01T03:04:58","date_gmt":"2025-12-01T00:04:58","guid":{"rendered":"https:\/\/luzzyrestaurant.com\/?post_type=product&#038;p=2765"},"modified":"2025-12-02T19:17:37","modified_gmt":"2025-12-02T16:17:37","slug":"aci-soslu-tavuk-200-g","status":"publish","type":"product","link":"https:\/\/luzzyrestaurant.com\/en\/product\/aci-soslu-tavuk-200-g\/","title":{"rendered":"Ac\u0131 Soslu Tavuk (200 g)"},"content":{"rendered":"<p data-start=\"273\" data-end=\"432\">Ac\u0131 severler i\u00e7in \u00f6zel olarak haz\u0131rlanan <strong data-start=\"314\" data-end=\"333\">Ac\u0131 Soslu Tavuk<\/strong>, Luzzy\u2019nin wok tekni\u011fiyle y\u00fcksek ate\u015fte pi\u015firilerek hem taze hem de aromatik bir lezzet sunuyor.<\/p>\n<p data-start=\"434\" data-end=\"651\">200 gram yumu\u015fac\u0131k <strong data-start=\"453\" data-end=\"470\">tavuk bonfile<\/strong>, renkli biberler ve mantar ile m\u00fckemmel bir uyum yakal\u0131yor. Yeme\u011fin karakterini belirleyen <strong data-start=\"562\" data-end=\"588\">\u00f6zel ev yap\u0131m\u0131 ac\u0131 sos<\/strong>, baharatl\u0131, dengeli ve i\u015ftah a\u00e7\u0131c\u0131 bir tat ortaya \u00e7\u0131kar\u0131yor.<\/p>\n<p data-start=\"653\" data-end=\"844\">Yan\u0131nda servis edilen <strong data-start=\"675\" data-end=\"695\">tereya\u011fl\u0131 pirin\u00e7<\/strong> ve <strong data-start=\"699\" data-end=\"710\">patates<\/strong>, bu nefis yemek i\u00e7in ideal tamamlay\u0131c\u0131lard\u0131r. Ac\u0131n\u0131n lezzetiyle harmanlanan doyurucu bir wok deneyimi ar\u0131yorsan\u0131z do\u011fru se\u00e7iminiz bu!<\/p>","protected":false},"excerpt":{"rendered":"<div class=\"section-menu\" data-id=\"220\" data-name=\"Ac\u0131 Soslu Tavuk (200 g)\" data-price=\"495.00\u20ba\" data-amount=\"495\" data-description=\"Tavuk bonfile, renkli biberler, mantar, \u00f6zel ev yap\u0131m\u0131 ac\u0131 sos, tereya\u011fl\u0131 pirin\u00e7 ve patates ile\" data-image-url=\"https:\/\/qrmenurestaurant.com\/storage\/menu\/691a988693b521763350662.png\">\n<div class=\"menu-item list\">\n<div class=\"menu-content\">\n<div class=\"menu-recipe\">Tavuk bonfile, renkli biberler, mantar, \u00f6zel ev yap\u0131m\u0131 ac\u0131 sos, tereya\u011fl\u0131 pirin\u00e7 ve patates ile<\/div>\n<\/div>\n<\/div>\n<\/div>\n<div class=\"section-menu\" data-id=\"221\" data-name=\"Taze Kekikli Kremal\u0131 Tavuk (200 g)\" data-price=\"495.00\u20ba\" data-amount=\"495\" data-description=\"Tavuk bonfile, renkli biberler, mantar, da\u011f keki\u011fi krema, tereya\u011fl\u0131 pirin\u00e7 ve patates ile\" data-image-url=\"https:\/\/qrmenurestaurant.com\/storage\/menu\/691a989eeb3bf1763350686.png\">\n<div class=\"menu-item list\"><\/div>\n<\/div>","protected":false},"featured_media":2924,"comment_status":"open","ping_status":"closed","template":"","meta":{"inline_featured_image":false,"_monsterinsights_skip_tracking":false,"_monsterinsights_sitenote_active":false,"_monsterinsights_sitenote_note":"","_monsterinsights_sitenote_category":0},"product_brand":[72],"product_cat":[37],"product_tag":[236,192,235,215,214,217,213],"class_list":{"0":"post-2765","1":"product","2":"type-product","3":"status-publish","4":"has-post-thumbnail","6":"product_brand-luzzy-restaurant","7":"product_cat-wok-chicken","8":"product_tag-aci-sevenlere-ozel","9":"product_tag-aci-soslu-tavuk","10":"product_tag-acili-tavuk","11":"product_tag-luzzy-wok","12":"product_tag-sebzeli-tavuk","13":"product_tag-wok-chicken","14":"product_tag-wok-tavuk","16":"first","17":"instock","18":"taxable","19":"shipping-taxable","20":"purchasable","21":"product-type-simple"},"aioseo_notices":[],"wcpa_form_fields":null,"_links":{"self":[{"href":"https:\/\/luzzyrestaurant.com\/en\/wp-json\/wp\/v2\/product\/2765","targetHints":{"allow":["GET"]}}],"collection":[{"href":"https:\/\/luzzyrestaurant.com\/en\/wp-json\/wp\/v2\/product"}],"about":[{"href":"https:\/\/luzzyrestaurant.com\/en\/wp-json\/wp\/v2\/types\/product"}],"replies":[{"embeddable":true,"href":"https:\/\/luzzyrestaurant.com\/en\/wp-json\/wp\/v2\/comments?post=2765"}],"wp:featuredmedia":[{"embeddable":true,"href":"https:\/\/luzzyrestaurant.com\/en\/wp-json\/wp\/v2\/media\/2924"}],"wp:attachment":[{"href":"https:\/\/luzzyrestaurant.com\/en\/wp-json\/wp\/v2\/media?parent=2765"}],"wp:term":[{"taxonomy":"product_brand","embeddable":true,"href":"https:\/\/luzzyrestaurant.com\/en\/wp-json\/wp\/v2\/product_brand?post=2765"},{"taxonomy":"product_cat","embeddable":true,"href":"https:\/\/luzzyrestaurant.com\/en\/wp-json\/wp\/v2\/product_cat?post=2765"},{"taxonomy":"product_tag","embeddable":true,"href":"https:\/\/luzzyrestaurant.com\/en\/wp-json\/wp\/v2\/product_tag?post=2765"}],"curies":[{"name":"wp","href":"https:\/\/api.w.org\/{rel}","templated":true}]}}