{"id":2763,"date":"2025-12-01T03:06:03","date_gmt":"2025-12-01T00:06:03","guid":{"rendered":"https:\/\/luzzyrestaurant.com\/?post_type=product&#038;p=2763"},"modified":"2025-12-02T19:17:42","modified_gmt":"2025-12-02T16:17:42","slug":"soya-soslu-tavuk-200-g","status":"publish","type":"product","link":"https:\/\/luzzyrestaurant.com\/en\/product\/soya-soslu-tavuk-200-g\/","title":{"rendered":"Soya Soslu Tavuk (200 g)"},"content":{"rendered":"<p data-start=\"269\" data-end=\"455\">Asya esintilerini Luzzy fark\u0131yla deneyimlemeye haz\u0131r olun!<br data-start=\"327\" data-end=\"330\" \/><strong data-start=\"330\" data-end=\"350\">Soya Soslu Tavuk<\/strong>, wok tekni\u011fiyle y\u00fcksek ate\u015fte sotelenen taptaze malzemelerin olu\u015fturdu\u011fu e\u015fsiz bir lezzet dengesi sunar.<\/p>\n<p data-start=\"457\" data-end=\"733\">200 gram yumu\u015fak <strong data-start=\"474\" data-end=\"491\">tavuk bonfile<\/strong>, renkli biberler ve mantar ile bulu\u015farak zengin bir aroma kazan\u0131r. Yeme\u011fin karakterini belirleyen <strong data-start=\"590\" data-end=\"619\">tuzu azalt\u0131lm\u0131\u015f soya sosu<\/strong> ve krema ile harmanlanan bu \u00f6zel tarif, hem hafif hem de doyurucu bir tat arayanlar i\u00e7in m\u00fckemmel bir se\u00e7imdir.<\/p>\n<p data-start=\"735\" data-end=\"875\">Yan\u0131nda servis edilen <strong data-start=\"757\" data-end=\"777\">tereya\u011fl\u0131 pirin\u00e7<\/strong> ve <strong data-start=\"781\" data-end=\"792\">patates<\/strong>, lezzeti tamamlayan ideal e\u015flik\u00e7ilerdir. Wok mutfa\u011f\u0131n\u0131n keyfini Luzzy\u2019de ke\u015ffedin!<\/p>","protected":false},"excerpt":{"rendered":"<div class=\"section-menu\" data-id=\"218\" data-name=\"Soya Soslu Tavuk (200 g)\" data-price=\"495.00\u20ba\" data-amount=\"495\" data-description=\"Tavuk bonfile, renkli biberler, mantar, tuzu azalt\u0131lm\u0131\u015f soya sosu, krema, tereya\u011fl\u0131 pirin\u00e7 ve patates ile\" data-image-url=\"https:\/\/qrmenurestaurant.com\/storage\/menu\/691a98481fd621763350600.png\">\n<div class=\"menu-item list\">\n<div class=\"menu-content\">\n<div class=\"menu-recipe\">Tavuk bonfile, renkli biberler, mantar, tuzu azalt\u0131lm\u0131\u015f soya sosu, krema, tereya\u011fl\u0131 pirin\u00e7 ve patates ile<\/div>\n<\/div>\n<\/div>\n<\/div>\n<div class=\"section-menu\" data-id=\"219\" data-name=\"Barbek\u00fc Soslu Tavuk (200 g)\" data-price=\"495.00\u20ba\" data-amount=\"495\" data-description=\"Tavuk bonfile, renkli biberler, mantar, ev yap\u0131m\u0131 barbek\u00fc sos, tereya\u011fl\u0131 pirin\u00e7 ve patates ile\" data-image-url=\"https:\/\/qrmenurestaurant.com\/storage\/menu\/691a9865968811763350629.png\">\n<div class=\"menu-item list\"><\/div>\n<\/div>","protected":false},"featured_media":2922,"comment_status":"open","ping_status":"closed","template":"","meta":{"inline_featured_image":false,"_monsterinsights_skip_tracking":false,"_monsterinsights_sitenote_active":false,"_monsterinsights_sitenote_note":"","_monsterinsights_sitenote_category":0},"product_brand":[72],"product_cat":[37],"product_tag":[196,238,215,214,195,237,213],"class_list":{"0":"post-2763","1":"product","2":"type-product","3":"status-publish","4":"has-post-thumbnail","6":"product_brand-luzzy-restaurant","7":"product_cat-wok-chicken","8":"product_tag-asya-usulu-tavuk","9":"product_tag-krema-soslu-tavuk","10":"product_tag-luzzy-wok","11":"product_tag-sebzeli-tavuk","12":"product_tag-soya-soslu-tavuk","13":"product_tag-soya-soslu-yemek","14":"product_tag-wok-tavuk","16":"first","17":"instock","18":"taxable","19":"shipping-taxable","20":"purchasable","21":"product-type-simple"},"aioseo_notices":[],"wcpa_form_fields":null,"_links":{"self":[{"href":"https:\/\/luzzyrestaurant.com\/en\/wp-json\/wp\/v2\/product\/2763","targetHints":{"allow":["GET"]}}],"collection":[{"href":"https:\/\/luzzyrestaurant.com\/en\/wp-json\/wp\/v2\/product"}],"about":[{"href":"https:\/\/luzzyrestaurant.com\/en\/wp-json\/wp\/v2\/types\/product"}],"replies":[{"embeddable":true,"href":"https:\/\/luzzyrestaurant.com\/en\/wp-json\/wp\/v2\/comments?post=2763"}],"wp:featuredmedia":[{"embeddable":true,"href":"https:\/\/luzzyrestaurant.com\/en\/wp-json\/wp\/v2\/media\/2922"}],"wp:attachment":[{"href":"https:\/\/luzzyrestaurant.com\/en\/wp-json\/wp\/v2\/media?parent=2763"}],"wp:term":[{"taxonomy":"product_brand","embeddable":true,"href":"https:\/\/luzzyrestaurant.com\/en\/wp-json\/wp\/v2\/product_brand?post=2763"},{"taxonomy":"product_cat","embeddable":true,"href":"https:\/\/luzzyrestaurant.com\/en\/wp-json\/wp\/v2\/product_cat?post=2763"},{"taxonomy":"product_tag","embeddable":true,"href":"https:\/\/luzzyrestaurant.com\/en\/wp-json\/wp\/v2\/product_tag?post=2763"}],"curies":[{"name":"wp","href":"https:\/\/api.w.org\/{rel}","templated":true}]}}