{"id":2762,"date":"2025-12-01T03:06:26","date_gmt":"2025-12-01T00:06:26","guid":{"rendered":"https:\/\/luzzyrestaurant.com\/?post_type=product&#038;p=2762"},"modified":"2025-12-02T19:17:46","modified_gmt":"2025-12-02T16:17:46","slug":"koru-soslu-tavuk-200-g","status":"publish","type":"product","link":"https:\/\/luzzyrestaurant.com\/en\/product\/koru-soslu-tavuk-200-g\/","title":{"rendered":"K\u00f6r\u00fc Soslu Tavuk (200 g)"},"content":{"rendered":"<p data-start=\"282\" data-end=\"422\">Lezzeti doruklarda ya\u015famak isteyenler i\u00e7in haz\u0131rlanan <strong data-start=\"336\" data-end=\"356\">K\u00f6ri Soslu Tavuk<\/strong>, \u00f6zel wok tekni\u011fiyle harmanlanm\u0131\u015f aromatik bir deneyim sunuyor.<\/p>\n<p data-start=\"424\" data-end=\"667\">200 gram yumu\u015fac\u0131k <strong data-start=\"443\" data-end=\"460\">tavuk bonfile<\/strong>, canl\u0131 renkli biberler ve taze mantarlar ile bulu\u015fuyor; ard\u0131ndan enfes <strong data-start=\"532\" data-end=\"545\">k\u00f6ri sosu<\/strong> ile lezzetini ikiye katl\u0131yor. Yan\u0131nda servis edilen <strong data-start=\"598\" data-end=\"618\">tereya\u011fl\u0131 pirin\u00e7<\/strong> ve <strong data-start=\"622\" data-end=\"633\">patates<\/strong> ile tam bir \u00f6\u011f\u00fcn keyfi ya\u015fat\u0131yor.<\/p>\n<p data-start=\"669\" data-end=\"766\">Hem doyurucu hem de aromas\u0131yla etkileyici bir lezzet ar\u0131yorsan\u0131z, K\u00f6rili Wok Tavuk tam size g\u00f6re!<\/p>","protected":false},"excerpt":{"rendered":"<div class=\"section-menu\" data-id=\"217\" data-name=\"K\u00f6r\u00fc Soslu Tavuk (200 g)\" data-price=\"495.00\u20ba\" data-amount=\"495\" data-description=\"Tavuk bonfile, renkli biberler, mantar, k\u00f6ri sos, tereya\u011fl\u0131 pirin\u00e7 ve patates ile\" data-image-url=\"https:\/\/qrmenurestaurant.com\/storage\/menu\/691a980fe885c1763350543.png\">\n<div class=\"menu-item list\">\n<div class=\"menu-content\">\n<div class=\"menu-recipe\">Tavuk bonfile, renkli biberler, mantar, k\u00f6ri sos, tereya\u011fl\u0131 pirin\u00e7 ve patates ile<\/div>\n<\/div>\n<\/div>\n<\/div>\n<div class=\"section-menu\" data-id=\"218\" data-name=\"Soya Soslu Tavuk (200 g)\" data-price=\"495.00\u20ba\" data-amount=\"495\" data-description=\"Tavuk bonfile, renkli biberler, mantar, tuzu azalt\u0131lm\u0131\u015f soya sosu, krema, tereya\u011fl\u0131 pirin\u00e7 ve patates ile\" data-image-url=\"https:\/\/qrmenurestaurant.com\/storage\/menu\/691a98481fd621763350600.png\">\n<div class=\"menu-item list\"><\/div>\n<\/div>","protected":false},"featured_media":2921,"comment_status":"open","ping_status":"closed","template":"","meta":{"inline_featured_image":false,"_monsterinsights_skip_tracking":false,"_monsterinsights_sitenote_active":false,"_monsterinsights_sitenote_note":"","_monsterinsights_sitenote_category":0},"product_brand":[72],"product_cat":[37],"product_tag":[240,211,239,215,214,222,213],"class_list":{"0":"post-2762","1":"product","2":"type-product","3":"status-publish","4":"has-post-thumbnail","6":"product_brand-luzzy-restaurant","7":"product_cat-wok-chicken","8":"product_tag-acilisiz-wok","9":"product_tag-kori-soslu-tavuk","10":"product_tag-korili-tavuk","11":"product_tag-luzzy-wok","12":"product_tag-sebzeli-tavuk","13":"product_tag-tavuk-yemekleri","14":"product_tag-wok-tavuk","16":"first","17":"instock","18":"taxable","19":"shipping-taxable","20":"purchasable","21":"product-type-simple"},"aioseo_notices":[],"wcpa_form_fields":null,"_links":{"self":[{"href":"https:\/\/luzzyrestaurant.com\/en\/wp-json\/wp\/v2\/product\/2762","targetHints":{"allow":["GET"]}}],"collection":[{"href":"https:\/\/luzzyrestaurant.com\/en\/wp-json\/wp\/v2\/product"}],"about":[{"href":"https:\/\/luzzyrestaurant.com\/en\/wp-json\/wp\/v2\/types\/product"}],"replies":[{"embeddable":true,"href":"https:\/\/luzzyrestaurant.com\/en\/wp-json\/wp\/v2\/comments?post=2762"}],"wp:featuredmedia":[{"embeddable":true,"href":"https:\/\/luzzyrestaurant.com\/en\/wp-json\/wp\/v2\/media\/2921"}],"wp:attachment":[{"href":"https:\/\/luzzyrestaurant.com\/en\/wp-json\/wp\/v2\/media?parent=2762"}],"wp:term":[{"taxonomy":"product_brand","embeddable":true,"href":"https:\/\/luzzyrestaurant.com\/en\/wp-json\/wp\/v2\/product_brand?post=2762"},{"taxonomy":"product_cat","embeddable":true,"href":"https:\/\/luzzyrestaurant.com\/en\/wp-json\/wp\/v2\/product_cat?post=2762"},{"taxonomy":"product_tag","embeddable":true,"href":"https:\/\/luzzyrestaurant.com\/en\/wp-json\/wp\/v2\/product_tag?post=2762"}],"curies":[{"name":"wp","href":"https:\/\/api.w.org\/{rel}","templated":true}]}}